{"id":2614,"date":"2025-07-17T10:25:03","date_gmt":"2025-07-17T10:25:03","guid":{"rendered":"https:\/\/springgreen-sardine-861889.hostingersite.com\/?page_id=2614"},"modified":"2025-08-07T11:48:52","modified_gmt":"2025-08-07T11:48:52","slug":"contact","status":"publish","type":"page","link":"https:\/\/albaniaheritage.com\/en\/contact\/","title":{"rendered":"contact"},"content":{"rendered":"<div data-elementor-type=\"wp-page\" data-elementor-id=\"2614\" class=\"elementor elementor-2614\">\n\t\t\t\t<div class=\"elementor-element elementor-element-45db4a9 e-flex e-con-boxed e-con e-parent\" data-id=\"45db4a9\" data-element_type=\"container\" data-e-type=\"container\">\n\t\t\t\t\t<div class=\"e-con-inner\">\n\t\t<div class=\"elementor-element elementor-element-5f13d46 e-con-full e-flex e-con e-child\" data-id=\"5f13d46\" data-element_type=\"container\" data-e-type=\"container\" data-settings=\"{&quot;background_background&quot;:&quot;classic&quot;}\">\n\t\t<div class=\"elementor-element elementor-element-e23f189 e-con-full e-flex e-con e-child\" data-id=\"e23f189\" data-element_type=\"container\" data-e-type=\"container\">\n\t\t\t\t<div class=\"elementor-element elementor-element-0ceccf0 elementor-widget elementor-widget-heading\" data-id=\"0ceccf0\" data-element_type=\"widget\" data-e-type=\"widget\" data-widget_type=\"heading.default\">\n\t\t\t\t<div class=\"elementor-widget-container\">\n\t\t\t\t\t<h2 class=\"elementor-heading-title elementor-size-default\">Get In Touch!<\/h2>\t\t\t\t<\/div>\n\t\t\t\t<\/div>\n\t\t\t\t<div class=\"elementor-element elementor-element-54e4a01 elementor-widget elementor-widget-text-editor\" data-id=\"54e4a01\" data-element_type=\"widget\" data-e-type=\"widget\" data-widget_type=\"text-editor.default\">\n\t\t\t\t<div class=\"elementor-widget-container\">\n\t\t\t\t\t\t\t\t\t<p><span style=\"color: #1e1f22; font-family: proximanova, sans-serif; font-size: 18px; text-align: center;\">We would appreciate receiving any questions&nbsp;<\/span><\/p>\n<p><span style=\"color: #1e1f22; font-family: proximanova, sans-serif; font-size: 18px; text-align: center;\">or comments you may have about Albania Heritage.<\/span><\/p>\t\t\t\t\t\t\t\t<\/div>\n\t\t\t\t<\/div>\n\t\t\t\t<\/div>\n\t\t<div class=\"elementor-element elementor-element-1748049 e-con-full e-flex e-con e-child\" data-id=\"1748049\" data-element_type=\"container\" data-e-type=\"container\">\n\t\t\t\t<div class=\"elementor-element elementor-element-9439211 elementor-widget elementor-widget-text-editor\" data-id=\"9439211\" data-element_type=\"widget\" data-e-type=\"widget\" data-widget_type=\"text-editor.default\">\n\t\t\t\t<div class=\"elementor-widget-container\">\n\t\t\t\t\t\t\t\t\t<h2>Albania Heritage<\/h2><div class=\"contact_card\"><p><span class=\"tel\"><span class=\"type\">Email:\u00a0<\/span><a href=\"mailto:info@cyark.org\">info@albaniaheritage.org<\/a><\/span><br \/><span class=\"tel\"><span class=\"type\">Phone:\u00a0<\/span>510.832.5440<\/span><br \/><span class=\"street-address\"><span class=\"type\">Adress:Bulevardi<\/span><\/span><\/p><\/div>\t\t\t\t\t\t\t\t<\/div>\n\t\t\t\t<\/div>\n\t\t\t\t<div class=\"elementor-element elementor-element-71e8949 elementor-shape-rounded elementor-grid-0 e-grid-align-center elementor-widget elementor-widget-social-icons\" data-id=\"71e8949\" data-element_type=\"widget\" data-e-type=\"widget\" data-widget_type=\"social-icons.default\">\n\t\t\t\t<div class=\"elementor-widget-container\">\n\t\t\t\t\t\t\t<div class=\"elementor-social-icons-wrapper elementor-grid\" role=\"list\">\n\t\t\t\t\t\t\t<span class=\"elementor-grid-item\" role=\"listitem\">\n\t\t\t\t\t<a class=\"elementor-icon elementor-social-icon elementor-social-icon-facebook elementor-repeater-item-495c479\" target=\"_blank\">\n\t\t\t\t\t\t<span class=\"elementor-screen-only\">Facebook<\/span>\n\t\t\t\t\t\t<i aria-hidden=\"true\" class=\"fab fa-facebook\"><\/i>\t\t\t\t\t<\/a>\n\t\t\t\t<\/span>\n\t\t\t\t\t\t\t<span class=\"elementor-grid-item\" role=\"listitem\">\n\t\t\t\t\t<a class=\"elementor-icon elementor-social-icon elementor-social-icon-twitter elementor-repeater-item-ef048da\" target=\"_blank\">\n\t\t\t\t\t\t<span class=\"elementor-screen-only\">Twitter<\/span>\n\t\t\t\t\t\t<i aria-hidden=\"true\" class=\"fab fa-twitter\"><\/i>\t\t\t\t\t<\/a>\n\t\t\t\t<\/span>\n\t\t\t\t\t\t\t<span class=\"elementor-grid-item\" role=\"listitem\">\n\t\t\t\t\t<a class=\"elementor-icon elementor-social-icon elementor-social-icon-youtube elementor-repeater-item-ac42c41\" target=\"_blank\">\n\t\t\t\t\t\t<span class=\"elementor-screen-only\">Youtube<\/span>\n\t\t\t\t\t\t<i aria-hidden=\"true\" class=\"fab fa-youtube\"><\/i>\t\t\t\t\t<\/a>\n\t\t\t\t<\/span>\n\t\t\t\t\t<\/div>\n\t\t\t\t\t\t<\/div>\n\t\t\t\t<\/div>\n\t\t\t\t<\/div>\n\t\t\t\t<\/div>\n\t\t\t\t\t<\/div>\n\t\t\t\t<\/div>\n\t\t\t\t<\/div>","protected":false},"excerpt":{"rendered":"<p>Get In Touch! We would appreciate receiving any questions&nbsp; or comments you may have about Albania Heritage. Albania Heritage Email:\u00a0info@albaniaheritage.orgPhone:\u00a0510.832.5440Adress:Bulevardi Facebook Twitter Youtube<\/p>","protected":false},"author":1,"featured_media":0,"parent":0,"menu_order":0,"comment_status":"closed","ping_status":"closed","template":"","meta":{"_acf_changed":false,"site-sidebar-layout":"no-sidebar","site-content-layout":"page-builder","ast-site-content-layout":"full-width-container","site-content-style":"default","site-sidebar-style":"default","ast-global-header-display":"","ast-banner-title-visibility":"","ast-main-header-display":"","ast-hfb-above-header-display":"","ast-hfb-below-header-display":"","ast-hfb-mobile-header-display":"","site-post-title":"disabled","ast-breadcrumbs-content":"","ast-featured-img":"disabled","footer-sml-layout":"","ast-disable-related-posts":"","theme-transparent-header-meta":"","adv-header-id-meta":"","stick-header-meta":"","header-above-stick-meta":"","header-main-stick-meta":"","header-below-stick-meta":"","astra-migrate-meta-layouts":"set","ast-page-background-enabled":"default","ast-page-background-meta":{"desktop":{"background-color":"var(--ast-global-color-4)","background-image":"","background-repeat":"repeat","background-position":"center center","background-size":"auto","background-attachment":"scroll","background-type":"","background-media":"","overlay-type":"","overlay-color":"","overlay-opacity":"","overlay-gradient":""},"tablet":{"background-color":"","background-image":"","background-repeat":"repeat","background-position":"center center","background-size":"auto","background-attachment":"scroll","background-type":"","background-media":"","overlay-type":"","overlay-color":"","overlay-opacity":"","overlay-gradient":""},"mobile":{"background-color":"","background-image":"","background-repeat":"repeat","background-position":"center center","background-size":"auto","background-attachment":"scroll","background-type":"","background-media":"","overlay-type":"","overlay-color":"","overlay-opacity":"","overlay-gradient":""}},"ast-content-background-meta":{"desktop":{"background-color":"var(--ast-global-color-5)","background-image":"","background-repeat":"repeat","background-position":"center center","background-size":"auto","background-attachment":"scroll","background-type":"","background-media":"","overlay-type":"","overlay-color":"","overlay-opacity":"","overlay-gradient":""},"tablet":{"background-color":"var(--ast-global-color-5)","background-image":"","background-repeat":"repeat","background-position":"center center","background-size":"auto","background-attachment":"scroll","background-type":"","background-media":"","overlay-type":"","overlay-color":"","overlay-opacity":"","overlay-gradient":""},"mobile":{"background-color":"var(--ast-global-color-5)","background-image":"","background-repeat":"repeat","background-position":"center center","background-size":"auto","background-attachment":"scroll","background-type":"","background-media":"","overlay-type":"","overlay-color":"","overlay-opacity":"","overlay-gradient":""}},"footnotes":""},"class_list":["post-2614","page","type-page","status-publish","hentry"],"acf":[],"yoast_head":"<!-- This site is optimized with the Yoast SEO plugin v27.4 - https:\/\/yoast.com\/product\/yoast-seo-wordpress\/ -->\n<title>contact - Albania Heritage<\/title>\n<meta name=\"description\" content=\"Na kontaktoni p\u00ebr pyetje, sugjerime ose bashk\u00ebpunime rreth trash\u00ebgimis\u00eb kulturore shqiptare. Jemi k\u00ebtu p\u00ebr t\u2019ju ndihmuar dhe p\u00ebr t\u00eb bashk\u00ebpunuar me ju!\" \/>\n<meta name=\"robots\" content=\"index, follow, max-snippet:-1, max-image-preview:large, max-video-preview:-1\" \/>\n<link rel=\"canonical\" href=\"https:\/\/albaniaheritage.com\/en\/contact\/\" \/>\n<meta property=\"og:locale\" content=\"en_US\" \/>\n<meta property=\"og:type\" content=\"article\" \/>\n<meta property=\"og:title\" content=\"contact - Albania Heritage\" \/>\n<meta property=\"og:description\" content=\"Na kontaktoni p\u00ebr pyetje, sugjerime ose bashk\u00ebpunime rreth trash\u00ebgimis\u00eb kulturore shqiptare. Jemi k\u00ebtu p\u00ebr t\u2019ju ndihmuar dhe p\u00ebr t\u00eb bashk\u00ebpunuar me ju!\" \/>\n<meta property=\"og:url\" content=\"https:\/\/albaniaheritage.com\/en\/contact\/\" \/>\n<meta property=\"og:site_name\" content=\"Albania Heritage\" \/>\n<meta property=\"article:publisher\" content=\"https:\/\/www.facebook.com\/dmoalbania\/\" \/>\n<meta property=\"article:modified_time\" content=\"2025-08-07T11:48:52+00:00\" \/>\n<meta name=\"twitter:card\" content=\"summary_large_image\" \/>\n<meta name=\"twitter:site\" content=\"@dmoalbania\" \/>\n<meta name=\"twitter:label1\" content=\"Est. reading time\" \/>\n\t<meta name=\"twitter:data1\" content=\"1 minute\" \/>\n<script type=\"application\/ld+json\" class=\"yoast-schema-graph\">{\"@context\":\"https:\\\/\\\/schema.org\",\"@graph\":[{\"@type\":\"WebPage\",\"@id\":\"https:\\\/\\\/albaniaheritage.com\\\/contact\\\/\",\"url\":\"https:\\\/\\\/albaniaheritage.com\\\/contact\\\/\",\"name\":\"contact - Albania Heritage\",\"isPartOf\":{\"@id\":\"https:\\\/\\\/springgreen-sardine-861889.hostingersite.com\\\/en\\\/#website\"},\"datePublished\":\"2025-07-17T10:25:03+00:00\",\"dateModified\":\"2025-08-07T11:48:52+00:00\",\"description\":\"Na kontaktoni p\u00ebr pyetje, sugjerime ose bashk\u00ebpunime rreth trash\u00ebgimis\u00eb kulturore shqiptare. Jemi k\u00ebtu p\u00ebr t\u2019ju ndihmuar dhe p\u00ebr t\u00eb bashk\u00ebpunuar me ju!\",\"breadcrumb\":{\"@id\":\"https:\\\/\\\/albaniaheritage.com\\\/contact\\\/#breadcrumb\"},\"inLanguage\":\"en-US\",\"potentialAction\":[{\"@type\":\"ReadAction\",\"target\":[\"https:\\\/\\\/albaniaheritage.com\\\/contact\\\/\"]}]},{\"@type\":\"BreadcrumbList\",\"@id\":\"https:\\\/\\\/albaniaheritage.com\\\/contact\\\/#breadcrumb\",\"itemListElement\":[{\"@type\":\"ListItem\",\"position\":1,\"name\":\"Home\",\"item\":\"https:\\\/\\\/springgreen-sardine-861889.hostingersite.com\\\/en\\\/\"},{\"@type\":\"ListItem\",\"position\":2,\"name\":\"contact\"}]},{\"@type\":\"WebSite\",\"@id\":\"https:\\\/\\\/springgreen-sardine-861889.hostingersite.com\\\/en\\\/#website\",\"url\":\"https:\\\/\\\/springgreen-sardine-861889.hostingersite.com\\\/en\\\/\",\"name\":\"Albania Heritage\",\"description\":\"\",\"publisher\":{\"@id\":\"https:\\\/\\\/springgreen-sardine-861889.hostingersite.com\\\/en\\\/#organization\"},\"potentialAction\":[{\"@type\":\"SearchAction\",\"target\":{\"@type\":\"EntryPoint\",\"urlTemplate\":\"https:\\\/\\\/springgreen-sardine-861889.hostingersite.com\\\/en\\\/?s={search_term_string}\"},\"query-input\":{\"@type\":\"PropertyValueSpecification\",\"valueRequired\":true,\"valueName\":\"search_term_string\"}}],\"inLanguage\":\"en-US\"},{\"@type\":\"Organization\",\"@id\":\"https:\\\/\\\/springgreen-sardine-861889.hostingersite.com\\\/en\\\/#organization\",\"name\":\"Albania Heritage\",\"url\":\"https:\\\/\\\/springgreen-sardine-861889.hostingersite.com\\\/en\\\/\",\"logo\":{\"@type\":\"ImageObject\",\"inLanguage\":\"en-US\",\"@id\":\"https:\\\/\\\/springgreen-sardine-861889.hostingersite.com\\\/en\\\/#\\\/schema\\\/logo\\\/image\\\/\",\"url\":\"https:\\\/\\\/albaniaheritage.com\\\/wp-content\\\/uploads\\\/2025\\\/07\\\/logo-1-scaled.png\",\"contentUrl\":\"https:\\\/\\\/albaniaheritage.com\\\/wp-content\\\/uploads\\\/2025\\\/07\\\/logo-1-scaled.png\",\"width\":2560,\"height\":767,\"caption\":\"Albania Heritage\"},\"image\":{\"@id\":\"https:\\\/\\\/springgreen-sardine-861889.hostingersite.com\\\/en\\\/#\\\/schema\\\/logo\\\/image\\\/\"},\"sameAs\":[\"https:\\\/\\\/www.facebook.com\\\/dmoalbania\\\/\",\"https:\\\/\\\/x.com\\\/dmoalbania\",\"https:\\\/\\\/www.youtube.com\\\/@DMO-ALBANIA\",\"https:\\\/\\\/www.linkedin.com\\\/company\\\/dmoalbania\\\/\",\"https:\\\/\\\/www.instagram.com\\\/dmoalbania\\\/\"]}]}<\/script>\n<!-- \/ Yoast SEO plugin. -->","yoast_head_json":{"title":"contact - Albania Heritage","description":"Na kontaktoni p\u00ebr pyetje, sugjerime ose bashk\u00ebpunime rreth trash\u00ebgimis\u00eb kulturore shqiptare. Jemi k\u00ebtu p\u00ebr t\u2019ju ndihmuar dhe p\u00ebr t\u00eb bashk\u00ebpunuar me ju!","robots":{"index":"index","follow":"follow","max-snippet":"max-snippet:-1","max-image-preview":"max-image-preview:large","max-video-preview":"max-video-preview:-1"},"canonical":"https:\/\/albaniaheritage.com\/en\/contact\/","og_locale":"en_US","og_type":"article","og_title":"contact - Albania Heritage","og_description":"Na kontaktoni p\u00ebr pyetje, sugjerime ose bashk\u00ebpunime rreth trash\u00ebgimis\u00eb kulturore shqiptare. Jemi k\u00ebtu p\u00ebr t\u2019ju ndihmuar dhe p\u00ebr t\u00eb bashk\u00ebpunuar me ju!","og_url":"https:\/\/albaniaheritage.com\/en\/contact\/","og_site_name":"Albania Heritage","article_publisher":"https:\/\/www.facebook.com\/dmoalbania\/","article_modified_time":"2025-08-07T11:48:52+00:00","twitter_card":"summary_large_image","twitter_site":"@dmoalbania","twitter_misc":{"Est. reading time":"1 minute"},"schema":{"@context":"https:\/\/schema.org","@graph":[{"@type":"WebPage","@id":"https:\/\/albaniaheritage.com\/contact\/","url":"https:\/\/albaniaheritage.com\/contact\/","name":"contact - Albania Heritage","isPartOf":{"@id":"https:\/\/springgreen-sardine-861889.hostingersite.com\/en\/#website"},"datePublished":"2025-07-17T10:25:03+00:00","dateModified":"2025-08-07T11:48:52+00:00","description":"Na kontaktoni p\u00ebr pyetje, sugjerime ose bashk\u00ebpunime rreth trash\u00ebgimis\u00eb kulturore shqiptare. Jemi k\u00ebtu p\u00ebr t\u2019ju ndihmuar dhe p\u00ebr t\u00eb bashk\u00ebpunuar me ju!","breadcrumb":{"@id":"https:\/\/albaniaheritage.com\/contact\/#breadcrumb"},"inLanguage":"en-US","potentialAction":[{"@type":"ReadAction","target":["https:\/\/albaniaheritage.com\/contact\/"]}]},{"@type":"BreadcrumbList","@id":"https:\/\/albaniaheritage.com\/contact\/#breadcrumb","itemListElement":[{"@type":"ListItem","position":1,"name":"Home","item":"https:\/\/springgreen-sardine-861889.hostingersite.com\/en\/"},{"@type":"ListItem","position":2,"name":"contact"}]},{"@type":"WebSite","@id":"https:\/\/springgreen-sardine-861889.hostingersite.com\/en\/#website","url":"https:\/\/springgreen-sardine-861889.hostingersite.com\/en\/","name":"Albania Heritage","description":"","publisher":{"@id":"https:\/\/springgreen-sardine-861889.hostingersite.com\/en\/#organization"},"potentialAction":[{"@type":"SearchAction","target":{"@type":"EntryPoint","urlTemplate":"https:\/\/springgreen-sardine-861889.hostingersite.com\/en\/?s={search_term_string}"},"query-input":{"@type":"PropertyValueSpecification","valueRequired":true,"valueName":"search_term_string"}}],"inLanguage":"en-US"},{"@type":"Organization","@id":"https:\/\/springgreen-sardine-861889.hostingersite.com\/en\/#organization","name":"Albania Heritage","url":"https:\/\/springgreen-sardine-861889.hostingersite.com\/en\/","logo":{"@type":"ImageObject","inLanguage":"en-US","@id":"https:\/\/springgreen-sardine-861889.hostingersite.com\/en\/#\/schema\/logo\/image\/","url":"https:\/\/albaniaheritage.com\/wp-content\/uploads\/2025\/07\/logo-1-scaled.png","contentUrl":"https:\/\/albaniaheritage.com\/wp-content\/uploads\/2025\/07\/logo-1-scaled.png","width":2560,"height":767,"caption":"Albania Heritage"},"image":{"@id":"https:\/\/springgreen-sardine-861889.hostingersite.com\/en\/#\/schema\/logo\/image\/"},"sameAs":["https:\/\/www.facebook.com\/dmoalbania\/","https:\/\/x.com\/dmoalbania","https:\/\/www.youtube.com\/@DMO-ALBANIA","https:\/\/www.linkedin.com\/company\/dmoalbania\/","https:\/\/www.instagram.com\/dmoalbania\/"]}]}},"_links":{"self":[{"href":"https:\/\/albaniaheritage.com\/en\/wp-json\/wp\/v2\/pages\/2614","targetHints":{"allow":["GET"]}}],"collection":[{"href":"https:\/\/albaniaheritage.com\/en\/wp-json\/wp\/v2\/pages"}],"about":[{"href":"https:\/\/albaniaheritage.com\/en\/wp-json\/wp\/v2\/types\/page"}],"author":[{"embeddable":true,"href":"https:\/\/albaniaheritage.com\/en\/wp-json\/wp\/v2\/users\/1"}],"replies":[{"embeddable":true,"href":"https:\/\/albaniaheritage.com\/en\/wp-json\/wp\/v2\/comments?post=2614"}],"version-history":[{"count":16,"href":"https:\/\/albaniaheritage.com\/en\/wp-json\/wp\/v2\/pages\/2614\/revisions"}],"predecessor-version":[{"id":2867,"href":"https:\/\/albaniaheritage.com\/en\/wp-json\/wp\/v2\/pages\/2614\/revisions\/2867"}],"wp:attachment":[{"href":"https:\/\/albaniaheritage.com\/en\/wp-json\/wp\/v2\/media?parent=2614"}],"curies":[{"name":"wp","href":"https:\/\/api.w.org\/{rel}","templated":true}]}}