{"id":2203,"date":"2025-07-12T11:13:04","date_gmt":"2025-07-12T11:13:04","guid":{"rendered":"https:\/\/springgreen-sardine-861889.hostingersite.com\/?page_id=2203"},"modified":"2025-08-09T09:26:20","modified_gmt":"2025-08-09T09:26:20","slug":"brandbook","status":"publish","type":"page","link":"https:\/\/albaniaheritage.com\/en\/news\/brandbook\/","title":{"rendered":"brandbook"},"content":{"rendered":"<div data-elementor-type=\"wp-page\" data-elementor-id=\"2203\" class=\"elementor elementor-2203\">\n\t\t\t\t<div class=\"elementor-element elementor-element-7fa53b06 e-con-full e-flex e-con e-parent\" data-id=\"7fa53b06\" data-element_type=\"container\" data-e-type=\"container\" data-settings=\"{&quot;background_background&quot;:&quot;classic&quot;}\">\n\t\t\t\t<div class=\"elementor-element elementor-element-65f51df3 elementor-widget elementor-widget-text-editor\" data-id=\"65f51df3\" data-element_type=\"widget\" data-e-type=\"widget\" data-widget_type=\"text-editor.default\">\n\t\t\t\t<div class=\"elementor-widget-container\">\n\t\t\t\t\t\t\t\t\t<p><a href=\"\/en\/news\/\">News<\/a><\/p>\t\t\t\t\t\t\t\t<\/div>\n\t\t\t\t<\/div>\n\t\t\t\t<div class=\"elementor-element elementor-element-22b3fce1 elementor-widget elementor-widget-text-editor\" data-id=\"22b3fce1\" data-element_type=\"widget\" data-e-type=\"widget\" data-widget_type=\"text-editor.default\">\n\t\t\t\t<div class=\"elementor-widget-container\">\n\t\t\t\t\t\t\t\t\t<p><a href=\"\/en\/photo-gallery\/\">Photo Gallery<\/a><\/p>\t\t\t\t\t\t\t\t<\/div>\n\t\t\t\t<\/div>\n\t\t\t\t<div class=\"elementor-element elementor-element-96c6b80 elementor-widget elementor-widget-text-editor\" data-id=\"96c6b80\" data-element_type=\"widget\" data-e-type=\"widget\" data-widget_type=\"text-editor.default\">\n\t\t\t\t<div class=\"elementor-widget-container\">\n\t\t\t\t\t\t\t\t\t<p><a href=\"\/en\/press-kit\/\">Press Kit<\/a><\/p>\t\t\t\t\t\t\t\t<\/div>\n\t\t\t\t<\/div>\n\t\t\t\t<div class=\"elementor-element elementor-element-5383a95d elementor-widget elementor-widget-text-editor\" data-id=\"5383a95d\" data-element_type=\"widget\" data-e-type=\"widget\" data-widget_type=\"text-editor.default\">\n\t\t\t\t<div class=\"elementor-widget-container\">\n\t\t\t\t\t\t\t\t\t<p><a href=\"\/en\/leafelat\/\">Brochure<\/a><\/p>\t\t\t\t\t\t\t\t<\/div>\n\t\t\t\t<\/div>\n\t\t\t\t<div class=\"elementor-element elementor-element-14556d46 elementor-widget elementor-widget-text-editor\" data-id=\"14556d46\" data-element_type=\"widget\" data-e-type=\"widget\" data-widget_type=\"text-editor.default\">\n\t\t\t\t<div class=\"elementor-widget-container\">\n\t\t\t\t\t\t\t\t\t<p><span style=\"text-decoration: underline;\"><a href=\"\/en\/brandbook\/\">\u00a0Brand Book<\/a><\/span><\/p>\t\t\t\t\t\t\t\t<\/div>\n\t\t\t\t<\/div>\n\t\t\t\t<\/div>\n\t\t<div class=\"elementor-element elementor-element-f5dfc1d e-flex e-con-boxed e-con e-parent\" data-id=\"f5dfc1d\" data-element_type=\"container\" data-e-type=\"container\">\n\t\t\t\t\t<div class=\"e-con-inner\">\n\t\t\t\t<div class=\"elementor-element elementor-element-92d1938 elementor-widget elementor-widget-heading\" data-id=\"92d1938\" data-element_type=\"widget\" data-e-type=\"widget\" data-widget_type=\"heading.default\">\n\t\t\t\t<div class=\"elementor-widget-container\">\n\t\t\t\t\t<h2 class=\"elementor-heading-title elementor-size-default\">Brand Book<\/h2>\t\t\t\t<\/div>\n\t\t\t\t<\/div>\n\t\t\t\t\t<\/div>\n\t\t\t\t<\/div>\n\t\t<div class=\"elementor-element elementor-element-4de9d3d e-flex e-con-boxed e-con e-parent\" data-id=\"4de9d3d\" data-element_type=\"container\" data-e-type=\"container\">\n\t\t\t\t\t<div class=\"e-con-inner\">\n\t\t\t\t<div class=\"elementor-element elementor-element-ea09459 elementor-widget elementor-widget-html\" data-id=\"ea09459\" data-element_type=\"widget\" data-e-type=\"widget\" data-widget_type=\"html.default\">\n\t\t\t\t<div class=\"elementor-widget-container\">\n\t\t\t\t\t<!DOCTYPE html>\r\n<html lang=\"en\">\r\n<head>\r\n    <meta charset=\"UTF-8\">\r\n    <meta name=\"viewport\" content=\"width=device-width, initial-scale=1.0\">\r\n    <title>Responsive Iframe Widget<\/title>\r\n    <style>\r\n        .iframe-container {\r\n            width: 100%;\r\n            height: 400px;\r\n            border: 1px solid lightgray;\r\n        }\r\n        \r\n        .fp-iframe {\r\n            width: 100%;\r\n            height: 100%;\r\n            border: none;\r\n        }\r\n        \r\n        .close-btn {\r\n            display: none;\r\n            position: absolute;\r\n            top: 10px;\r\n            right: 10px;\r\n            width: 30px;\r\n            height: 30px;\r\n            background-color: rgba(0, 0, 0, 0.7);\r\n            color: white;\r\n            border: none;\r\n            border-radius: 50%;\r\n            font-size: 16px;\r\n            cursor: pointer;\r\n            z-index: 1001;\r\n            line-height: 1;\r\n            padding: 0;\r\n        }\r\n        \r\n        .close-btn:hover {\r\n            background-color: rgba(0, 0, 0, 0.9);\r\n        }\r\n        \r\n        \/* Mobile styles - fullscreen *\/\r\n        @media screen and (max-width: 768px) {\r\n            .iframe-container.fullscreen {\r\n                position: fixed;\r\n                top: 0;\r\n                left: 0;\r\n                width: 100vw;\r\n                height: 100vh;\r\n                border: none;\r\n                z-index: 1000;\r\n            }\r\n            \r\n            .iframe-container.fullscreen .close-btn {\r\n                display: block;\r\n            }\r\n            \r\n            body.fullscreen-active {\r\n                overflow: hidden;\r\n            }\r\n        }\r\n        \r\n        \/* For very small screens (phones in portrait) *\/\r\n        @media screen and (max-width: 480px) {\r\n            .iframe-container.fullscreen {\r\n                position: fixed;\r\n                top: 0;\r\n                left: 0;\r\n                width: 100vw;\r\n                height: 100vh;\r\n                border: none;\r\n                z-index: 1000;\r\n            }\r\n        }\r\n    <\/style>\r\n<\/head>\r\n<body>\r\n    <div class=\"iframe-container\" id=\"iframeContainer\">\r\n        <button class=\"close-btn\" id=\"closeBtn\" onclick=\"toggleFullscreen()\">&times;<\/button>\r\n        <iframe \r\n            allowfullscreen=\"\" \r\n            allow=\"clipboard-write\" \r\n            scrolling=\"no\" \r\n            class=\"fp-iframe\" \r\n            src=\"https:\/\/heyzine.com\/flip-book\/ad472ae528.html\">\r\n        <\/iframe>\r\n    <\/div>\r\n\r\n    <script>\r\n        function toggleFullscreen() {\r\n            const container = document.getElementById('iframeContainer');\r\n            const body = document.body;\r\n            \r\n            if (container.classList.contains('fullscreen')) {\r\n                \/\/ Exit fullscreen\r\n                container.classList.remove('fullscreen');\r\n                body.classList.remove('fullscreen-active');\r\n            } else {\r\n                \/\/ Enter fullscreen\r\n                container.classList.add('fullscreen');\r\n                body.classList.add('fullscreen-active');\r\n            }\r\n        }\r\n\r\n        \/\/ Auto-fullscreen on mobile load\r\n        function checkMobile() {\r\n            if (window.innerWidth <= 768) {\r\n                const container = document.getElementById('iframeContainer');\r\n                const body = document.body;\r\n                container.classList.add('fullscreen');\r\n                body.classList.add('fullscreen-active');\r\n            }\r\n        }\r\n\r\n        \/\/ Check on load and resize\r\n        window.addEventListener('load', checkMobile);\r\n        window.addEventListener('resize', function() {\r\n            if (window.innerWidth > 768) {\r\n                const container = document.getElementById('iframeContainer');\r\n                const body = document.body;\r\n                container.classList.remove('fullscreen');\r\n                body.classList.remove('fullscreen-active');\r\n            } else {\r\n                checkMobile();\r\n            }\r\n        });\r\n    <\/script>\r\n<\/body>\r\n<\/html>\t\t\t\t<\/div>\n\t\t\t\t<\/div>\n\t\t\t\t\t<\/div>\n\t\t\t\t<\/div>\n\t\t\t\t<\/div>","protected":false},"excerpt":{"rendered":"<p>Lajme Galeri Fotografish Paket\u00eb p\u00ebr Shtypin Flet\u00ebpalosje \u00a0Libri i Mark\u00ebs Libri i Mark\u00ebs Responsive Iframe Widget &times;<\/p>","protected":false},"author":1,"featured_media":0,"parent":1817,"menu_order":0,"comment_status":"closed","ping_status":"closed","template":"","meta":{"_acf_changed":false,"site-sidebar-layout":"no-sidebar","site-content-layout":"page-builder","ast-site-content-layout":"full-width-container","site-content-style":"default","site-sidebar-style":"default","ast-global-header-display":"","ast-banner-title-visibility":"","ast-main-header-display":"","ast-hfb-above-header-display":"","ast-hfb-below-header-display":"","ast-hfb-mobile-header-display":"","site-post-title":"disabled","ast-breadcrumbs-content":"","ast-featured-img":"disabled","footer-sml-layout":"","theme-transparent-header-meta":"","adv-header-id-meta":"","stick-header-meta":"","header-above-stick-meta":"","header-main-stick-meta":"","header-below-stick-meta":"","astra-migrate-meta-layouts":"set","ast-page-background-enabled":"default","ast-page-background-meta":{"desktop":{"background-color":"var(--ast-global-color-4)","background-image":"","background-repeat":"repeat","background-position":"center center","background-size":"auto","background-attachment":"scroll","background-type":"","background-media":"","overlay-type":"","overlay-color":"","overlay-opacity":"","overlay-gradient":""},"tablet":{"background-color":"","background-image":"","background-repeat":"repeat","background-position":"center center","background-size":"auto","background-attachment":"scroll","background-type":"","background-media":"","overlay-type":"","overlay-color":"","overlay-opacity":"","overlay-gradient":""},"mobile":{"background-color":"","background-image":"","background-repeat":"repeat","background-position":"center center","background-size":"auto","background-attachment":"scroll","background-type":"","background-media":"","overlay-type":"","overlay-color":"","overlay-opacity":"","overlay-gradient":""}},"ast-content-background-meta":{"desktop":{"background-color":"var(--ast-global-color-5)","background-image":"","background-repeat":"repeat","background-position":"center center","background-size":"auto","background-attachment":"scroll","background-type":"","background-media":"","overlay-type":"","overlay-color":"","overlay-opacity":"","overlay-gradient":""},"tablet":{"background-color":"var(--ast-global-color-5)","background-image":"","background-repeat":"repeat","background-position":"center center","background-size":"auto","background-attachment":"scroll","background-type":"","background-media":"","overlay-type":"","overlay-color":"","overlay-opacity":"","overlay-gradient":""},"mobile":{"background-color":"var(--ast-global-color-5)","background-image":"","background-repeat":"repeat","background-position":"center center","background-size":"auto","background-attachment":"scroll","background-type":"","background-media":"","overlay-type":"","overlay-color":"","overlay-opacity":"","overlay-gradient":""}},"footnotes":""},"class_list":["post-2203","page","type-page","status-publish","hentry"],"acf":[],"yoast_head":"<!-- This site is optimized with the Yoast SEO plugin v27.3 - https:\/\/yoast.com\/product\/yoast-seo-wordpress\/ -->\n<title>Libri i Markes- Albania Heritage<\/title>\n<meta name=\"description\" content=\"Shkarkoni dhe eksploroni Libri i Mark\u00ebs s\u00eb projektit Heritage is Our Brand, udh\u00ebzuesin zyrtar p\u00ebr p\u00ebrdorimin e logove, ngjyrave, dhe stilit grafik t\u00eb mark\u00ebs son\u00eb kulturore.\" \/>\n<meta name=\"robots\" content=\"index, follow, max-snippet:-1, max-image-preview:large, max-video-preview:-1\" \/>\n<link rel=\"canonical\" href=\"https:\/\/albaniaheritage.com\/en\/news\/brandbook\/\" \/>\n<meta property=\"og:locale\" content=\"en_US\" \/>\n<meta property=\"og:type\" content=\"article\" \/>\n<meta property=\"og:title\" content=\"Libri i Markes- Albania Heritage\" \/>\n<meta property=\"og:description\" content=\"Shkarkoni dhe eksploroni Libri i Mark\u00ebs s\u00eb projektit Heritage is Our Brand, udh\u00ebzuesin zyrtar p\u00ebr p\u00ebrdorimin e logove, ngjyrave, dhe stilit grafik t\u00eb mark\u00ebs son\u00eb kulturore.\" \/>\n<meta property=\"og:url\" content=\"https:\/\/albaniaheritage.com\/en\/news\/brandbook\/\" \/>\n<meta property=\"og:site_name\" content=\"Albania Heritage\" \/>\n<meta property=\"article:publisher\" content=\"https:\/\/www.facebook.com\/dmoalbania\/\" \/>\n<meta property=\"article:modified_time\" content=\"2025-08-09T09:26:20+00:00\" \/>\n<meta name=\"twitter:card\" content=\"summary_large_image\" \/>\n<meta name=\"twitter:site\" content=\"@dmoalbania\" \/>\n<meta name=\"twitter:label1\" content=\"Est. reading time\" \/>\n\t<meta name=\"twitter:data1\" content=\"1 minute\" \/>\n<script type=\"application\/ld+json\" class=\"yoast-schema-graph\">{\"@context\":\"https:\\\/\\\/schema.org\",\"@graph\":[{\"@type\":\"WebPage\",\"@id\":\"https:\\\/\\\/albaniaheritage.com\\\/news\\\/brandbook\\\/\",\"url\":\"https:\\\/\\\/albaniaheritage.com\\\/news\\\/brandbook\\\/\",\"name\":\"Libri i Markes- Albania Heritage\",\"isPartOf\":{\"@id\":\"https:\\\/\\\/albaniaheritage.com\\\/#website\"},\"datePublished\":\"2025-07-12T11:13:04+00:00\",\"dateModified\":\"2025-08-09T09:26:20+00:00\",\"description\":\"Shkarkoni dhe eksploroni Libri i Mark\u00ebs s\u00eb projektit Heritage is Our Brand, udh\u00ebzuesin zyrtar p\u00ebr p\u00ebrdorimin e logove, ngjyrave, dhe stilit grafik t\u00eb mark\u00ebs son\u00eb kulturore.\",\"breadcrumb\":{\"@id\":\"https:\\\/\\\/albaniaheritage.com\\\/news\\\/brandbook\\\/#breadcrumb\"},\"inLanguage\":\"en-US\",\"potentialAction\":[{\"@type\":\"ReadAction\",\"target\":[\"https:\\\/\\\/albaniaheritage.com\\\/news\\\/brandbook\\\/\"]}]},{\"@type\":\"BreadcrumbList\",\"@id\":\"https:\\\/\\\/albaniaheritage.com\\\/news\\\/brandbook\\\/#breadcrumb\",\"itemListElement\":[{\"@type\":\"ListItem\",\"position\":1,\"name\":\"Home\",\"item\":\"https:\\\/\\\/albaniaheritage.com\\\/\"},{\"@type\":\"ListItem\",\"position\":2,\"name\":\"News\",\"item\":\"https:\\\/\\\/albaniaheritage.com\\\/news\\\/\"},{\"@type\":\"ListItem\",\"position\":3,\"name\":\"brandbook\"}]},{\"@type\":\"WebSite\",\"@id\":\"https:\\\/\\\/albaniaheritage.com\\\/#website\",\"url\":\"https:\\\/\\\/albaniaheritage.com\\\/\",\"name\":\"Albania Heritage\",\"description\":\"\",\"publisher\":{\"@id\":\"https:\\\/\\\/albaniaheritage.com\\\/#organization\"},\"potentialAction\":[{\"@type\":\"SearchAction\",\"target\":{\"@type\":\"EntryPoint\",\"urlTemplate\":\"https:\\\/\\\/albaniaheritage.com\\\/?s={search_term_string}\"},\"query-input\":{\"@type\":\"PropertyValueSpecification\",\"valueRequired\":true,\"valueName\":\"search_term_string\"}}],\"inLanguage\":\"en-US\"},{\"@type\":\"Organization\",\"@id\":\"https:\\\/\\\/albaniaheritage.com\\\/#organization\",\"name\":\"Albania Heritage\",\"url\":\"https:\\\/\\\/albaniaheritage.com\\\/\",\"logo\":{\"@type\":\"ImageObject\",\"inLanguage\":\"en-US\",\"@id\":\"https:\\\/\\\/albaniaheritage.com\\\/#\\\/schema\\\/logo\\\/image\\\/\",\"url\":\"https:\\\/\\\/albaniaheritage.com\\\/wp-content\\\/uploads\\\/2025\\\/07\\\/logo-1-scaled.png\",\"contentUrl\":\"https:\\\/\\\/albaniaheritage.com\\\/wp-content\\\/uploads\\\/2025\\\/07\\\/logo-1-scaled.png\",\"width\":2560,\"height\":767,\"caption\":\"Albania Heritage\"},\"image\":{\"@id\":\"https:\\\/\\\/albaniaheritage.com\\\/#\\\/schema\\\/logo\\\/image\\\/\"},\"sameAs\":[\"https:\\\/\\\/www.facebook.com\\\/dmoalbania\\\/\",\"https:\\\/\\\/x.com\\\/dmoalbania\",\"https:\\\/\\\/www.youtube.com\\\/@DMO-ALBANIA\",\"https:\\\/\\\/www.linkedin.com\\\/company\\\/dmoalbania\\\/\",\"https:\\\/\\\/www.instagram.com\\\/dmoalbania\\\/\"]}]}<\/script>\n<!-- \/ Yoast SEO plugin. -->","yoast_head_json":{"title":"Libri i Markes- Albania Heritage","description":"Shkarkoni dhe eksploroni Libri i Mark\u00ebs s\u00eb projektit Heritage is Our Brand, udh\u00ebzuesin zyrtar p\u00ebr p\u00ebrdorimin e logove, ngjyrave, dhe stilit grafik t\u00eb mark\u00ebs son\u00eb kulturore.","robots":{"index":"index","follow":"follow","max-snippet":"max-snippet:-1","max-image-preview":"max-image-preview:large","max-video-preview":"max-video-preview:-1"},"canonical":"https:\/\/albaniaheritage.com\/en\/news\/brandbook\/","og_locale":"en_US","og_type":"article","og_title":"Libri i Markes- Albania Heritage","og_description":"Shkarkoni dhe eksploroni Libri i Mark\u00ebs s\u00eb projektit Heritage is Our Brand, udh\u00ebzuesin zyrtar p\u00ebr p\u00ebrdorimin e logove, ngjyrave, dhe stilit grafik t\u00eb mark\u00ebs son\u00eb kulturore.","og_url":"https:\/\/albaniaheritage.com\/en\/news\/brandbook\/","og_site_name":"Albania Heritage","article_publisher":"https:\/\/www.facebook.com\/dmoalbania\/","article_modified_time":"2025-08-09T09:26:20+00:00","twitter_card":"summary_large_image","twitter_site":"@dmoalbania","twitter_misc":{"Est. reading time":"1 minute"},"schema":{"@context":"https:\/\/schema.org","@graph":[{"@type":"WebPage","@id":"https:\/\/albaniaheritage.com\/news\/brandbook\/","url":"https:\/\/albaniaheritage.com\/news\/brandbook\/","name":"Libri i Markes- Albania Heritage","isPartOf":{"@id":"https:\/\/albaniaheritage.com\/#website"},"datePublished":"2025-07-12T11:13:04+00:00","dateModified":"2025-08-09T09:26:20+00:00","description":"Shkarkoni dhe eksploroni Libri i Mark\u00ebs s\u00eb projektit Heritage is Our Brand, udh\u00ebzuesin zyrtar p\u00ebr p\u00ebrdorimin e logove, ngjyrave, dhe stilit grafik t\u00eb mark\u00ebs son\u00eb kulturore.","breadcrumb":{"@id":"https:\/\/albaniaheritage.com\/news\/brandbook\/#breadcrumb"},"inLanguage":"en-US","potentialAction":[{"@type":"ReadAction","target":["https:\/\/albaniaheritage.com\/news\/brandbook\/"]}]},{"@type":"BreadcrumbList","@id":"https:\/\/albaniaheritage.com\/news\/brandbook\/#breadcrumb","itemListElement":[{"@type":"ListItem","position":1,"name":"Home","item":"https:\/\/albaniaheritage.com\/"},{"@type":"ListItem","position":2,"name":"News","item":"https:\/\/albaniaheritage.com\/news\/"},{"@type":"ListItem","position":3,"name":"brandbook"}]},{"@type":"WebSite","@id":"https:\/\/albaniaheritage.com\/#website","url":"https:\/\/albaniaheritage.com\/","name":"Albania Heritage","description":"","publisher":{"@id":"https:\/\/albaniaheritage.com\/#organization"},"potentialAction":[{"@type":"SearchAction","target":{"@type":"EntryPoint","urlTemplate":"https:\/\/albaniaheritage.com\/?s={search_term_string}"},"query-input":{"@type":"PropertyValueSpecification","valueRequired":true,"valueName":"search_term_string"}}],"inLanguage":"en-US"},{"@type":"Organization","@id":"https:\/\/albaniaheritage.com\/#organization","name":"Albania Heritage","url":"https:\/\/albaniaheritage.com\/","logo":{"@type":"ImageObject","inLanguage":"en-US","@id":"https:\/\/albaniaheritage.com\/#\/schema\/logo\/image\/","url":"https:\/\/albaniaheritage.com\/wp-content\/uploads\/2025\/07\/logo-1-scaled.png","contentUrl":"https:\/\/albaniaheritage.com\/wp-content\/uploads\/2025\/07\/logo-1-scaled.png","width":2560,"height":767,"caption":"Albania Heritage"},"image":{"@id":"https:\/\/albaniaheritage.com\/#\/schema\/logo\/image\/"},"sameAs":["https:\/\/www.facebook.com\/dmoalbania\/","https:\/\/x.com\/dmoalbania","https:\/\/www.youtube.com\/@DMO-ALBANIA","https:\/\/www.linkedin.com\/company\/dmoalbania\/","https:\/\/www.instagram.com\/dmoalbania\/"]}]}},"_links":{"self":[{"href":"https:\/\/albaniaheritage.com\/en\/wp-json\/wp\/v2\/pages\/2203","targetHints":{"allow":["GET"]}}],"collection":[{"href":"https:\/\/albaniaheritage.com\/en\/wp-json\/wp\/v2\/pages"}],"about":[{"href":"https:\/\/albaniaheritage.com\/en\/wp-json\/wp\/v2\/types\/page"}],"author":[{"embeddable":true,"href":"https:\/\/albaniaheritage.com\/en\/wp-json\/wp\/v2\/users\/1"}],"replies":[{"embeddable":true,"href":"https:\/\/albaniaheritage.com\/en\/wp-json\/wp\/v2\/comments?post=2203"}],"version-history":[{"count":19,"href":"https:\/\/albaniaheritage.com\/en\/wp-json\/wp\/v2\/pages\/2203\/revisions"}],"predecessor-version":[{"id":3519,"href":"https:\/\/albaniaheritage.com\/en\/wp-json\/wp\/v2\/pages\/2203\/revisions\/3519"}],"up":[{"embeddable":true,"href":"https:\/\/albaniaheritage.com\/en\/wp-json\/wp\/v2\/pages\/1817"}],"wp:attachment":[{"href":"https:\/\/albaniaheritage.com\/en\/wp-json\/wp\/v2\/media?parent=2203"}],"curies":[{"name":"wp","href":"https:\/\/api.w.org\/{rel}","templated":true}]}}