{"id":2193,"date":"2025-07-12T11:10:43","date_gmt":"2025-07-12T11:10:43","guid":{"rendered":"https:\/\/springgreen-sardine-861889.hostingersite.com\/?page_id=2193"},"modified":"2025-08-14T12:09:04","modified_gmt":"2025-08-14T12:09:04","slug":"press-kit","status":"publish","type":"page","link":"https:\/\/albaniaheritage.com\/en\/news\/press-kit\/","title":{"rendered":"press-kit"},"content":{"rendered":"<div data-elementor-type=\"wp-page\" data-elementor-id=\"2193\" class=\"elementor elementor-2193\">\n\t\t\t\t<div class=\"elementor-element elementor-element-19b21d86 e-con-full e-flex e-con e-parent\" data-id=\"19b21d86\" data-element_type=\"container\" data-e-type=\"container\" data-settings=\"{&quot;background_background&quot;:&quot;classic&quot;}\">\n\t\t\t\t<div class=\"elementor-element elementor-element-15c76df1 elementor-widget elementor-widget-text-editor\" data-id=\"15c76df1\" data-element_type=\"widget\" data-e-type=\"widget\" data-widget_type=\"text-editor.default\">\n\t\t\t\t<div class=\"elementor-widget-container\">\n\t\t\t\t\t\t\t\t\t<p><a href=\"\/en\/news\/\">News<\/a><\/p>\t\t\t\t\t\t\t\t<\/div>\n\t\t\t\t<\/div>\n\t\t\t\t<div class=\"elementor-element elementor-element-17c2e928 elementor-widget elementor-widget-text-editor\" data-id=\"17c2e928\" data-element_type=\"widget\" data-e-type=\"widget\" data-widget_type=\"text-editor.default\">\n\t\t\t\t<div class=\"elementor-widget-container\">\n\t\t\t\t\t\t\t\t\t<p><a href=\"\/en\/photo-gallery\/\">Photo Gallery<\/a><\/p>\t\t\t\t\t\t\t\t<\/div>\n\t\t\t\t<\/div>\n\t\t\t\t<div class=\"elementor-element elementor-element-ff06259 elementor-widget elementor-widget-text-editor\" data-id=\"ff06259\" data-element_type=\"widget\" data-e-type=\"widget\" data-widget_type=\"text-editor.default\">\n\t\t\t\t<div class=\"elementor-widget-container\">\n\t\t\t\t\t\t\t\t\t<p><span style=\"text-decoration: underline;\"><a href=\"\/en\/press-kit\/\">Press Kit<\/a><\/span><\/p>\t\t\t\t\t\t\t\t<\/div>\n\t\t\t\t<\/div>\n\t\t\t\t<div class=\"elementor-element elementor-element-3bb88af9 elementor-widget elementor-widget-text-editor\" data-id=\"3bb88af9\" data-element_type=\"widget\" data-e-type=\"widget\" data-widget_type=\"text-editor.default\">\n\t\t\t\t<div class=\"elementor-widget-container\">\n\t\t\t\t\t\t\t\t\t<p><a href=\"\/en\/leafelat\/\">Brochure<\/a><\/p>\t\t\t\t\t\t\t\t<\/div>\n\t\t\t\t<\/div>\n\t\t\t\t<div class=\"elementor-element elementor-element-417df68c elementor-widget elementor-widget-text-editor\" data-id=\"417df68c\" data-element_type=\"widget\" data-e-type=\"widget\" data-widget_type=\"text-editor.default\">\n\t\t\t\t<div class=\"elementor-widget-container\">\n\t\t\t\t\t\t\t\t\t<p><a href=\"\/en\/brandbook\/\">Brand Book<\/a><\/p>\t\t\t\t\t\t\t\t<\/div>\n\t\t\t\t<\/div>\n\t\t\t\t<\/div>\n\t\t<div class=\"elementor-element elementor-element-f80a119 e-flex e-con-boxed e-con e-parent\" data-id=\"f80a119\" data-element_type=\"container\" data-e-type=\"container\">\n\t\t\t\t\t<div class=\"e-con-inner\">\n\t\t\t\t<div class=\"elementor-element elementor-element-c7a4847 elementor-widget elementor-widget-heading\" data-id=\"c7a4847\" data-element_type=\"widget\" data-e-type=\"widget\" data-widget_type=\"heading.default\">\n\t\t\t\t<div class=\"elementor-widget-container\">\n\t\t\t\t\t<h2 class=\"elementor-heading-title elementor-size-default\">Press Kit<\/h2>\t\t\t\t<\/div>\n\t\t\t\t<\/div>\n\t\t\t\t\t<\/div>\n\t\t\t\t<\/div>\n\t\t<div class=\"elementor-element elementor-element-10f17f6 e-flex e-con-boxed e-con e-parent\" data-id=\"10f17f6\" data-element_type=\"container\" data-e-type=\"container\">\n\t\t\t\t\t<div class=\"e-con-inner\">\n\t\t\t\t<div class=\"elementor-element elementor-element-6e3d7e7 elementor-widget elementor-widget-image\" data-id=\"6e3d7e7\" data-element_type=\"widget\" data-e-type=\"widget\" data-widget_type=\"image.default\">\n\t\t\t\t<div class=\"elementor-widget-container\">\n\t\t\t\t\t\t\t\t\t\t\t\t\t\t\t<img fetchpriority=\"high\" decoding=\"async\" width=\"1024\" height=\"410\" src=\"https:\/\/albaniaheritage.com\/wp-content\/uploads\/2025\/08\/8-1024x410.jpg\" class=\"attachment-large size-large wp-image-3709\" alt=\"\" srcset=\"https:\/\/albaniaheritage.com\/wp-content\/uploads\/2025\/08\/8-1024x410.jpg 1024w, https:\/\/albaniaheritage.com\/wp-content\/uploads\/2025\/08\/8-300x120.jpg 300w, https:\/\/albaniaheritage.com\/wp-content\/uploads\/2025\/08\/8-768x307.jpg 768w, https:\/\/albaniaheritage.com\/wp-content\/uploads\/2025\/08\/8-18x7.jpg 18w, https:\/\/albaniaheritage.com\/wp-content\/uploads\/2025\/08\/8.jpg 1200w\" sizes=\"(max-width: 1024px) 100vw, 1024px\" \/>\t\t\t\t\t\t\t\t\t\t\t\t\t\t\t<\/div>\n\t\t\t\t<\/div>\n\t\t\t\t\t<\/div>\n\t\t\t\t<\/div>\n\t\t<div class=\"elementor-element elementor-element-9d3a9ec e-flex e-con-boxed e-con e-parent\" data-id=\"9d3a9ec\" data-element_type=\"container\" data-e-type=\"container\">\n\t\t\t\t\t<div class=\"e-con-inner\">\n\t\t\t\t<div class=\"elementor-element elementor-element-80a8e37 elementor-widget elementor-widget-heading\" data-id=\"80a8e37\" data-element_type=\"widget\" data-e-type=\"widget\" data-widget_type=\"heading.default\">\n\t\t\t\t<div class=\"elementor-widget-container\">\n\t\t\t\t\t<h3 class=\"elementor-heading-title elementor-size-default\">Project Presentation: \u201cHeritage is Our Brand\u201d\n\n<\/h3>\t\t\t\t<\/div>\n\t\t\t\t<\/div>\n\t\t\t\t\t<\/div>\n\t\t\t\t<\/div>\n\t\t<div class=\"elementor-element elementor-element-d7a5967 e-flex e-con-boxed e-con e-parent\" data-id=\"d7a5967\" data-element_type=\"container\" data-e-type=\"container\">\n\t\t\t\t\t<div class=\"e-con-inner\">\n\t\t\t\t<div class=\"elementor-element elementor-element-4985b02 elementor-widget elementor-widget-text-editor\" data-id=\"4985b02\" data-element_type=\"widget\" data-e-type=\"widget\" data-widget_type=\"text-editor.default\">\n\t\t\t\t<div class=\"elementor-widget-container\">\n\t\t\t\t\t\t\t\t\t<p>DMO Albania (Destination Management and Marketing Organization), in collaboration with the organization \u201cForum for Integration Policies,\u201d is implementing the European Union-funded project titled: \u201cHeritage is Our Brand.\u201d<\/p><p>\u00a0<\/p><p>The project started in January 2025 and will run for two years, until January 2027.<\/p><p>\u00a0<\/p><p>This project aims to raise awareness among and engage young Albanians in the preservation and promotion of intangible heritage.<\/p><p>\u00a0<\/p><p>The project will begin with a scientific study, in collaboration with the Academy of Sciences, to identify 20\u201330 stories of our intangible heritage, which will then, through a call for grants for Albanian artists, be transformed into various artistic products, documentaries, animations, installations, visual exhibitions, and more.<\/p><p>\u00a0<\/p><p>All the stories, artistic products, audio and video materials, brochures, and project studies will be included on the online platform Albania-Heritage.com, which will serve as educational and informational material for all age groups, for artists, and for tourists.<\/p><p>\u00a0<\/p><p>The second year of the project is about educating young people. There will be a forum with History and Literature teachers from all over Albania to present these products and stories to them, so they can include them in the teaching process.<\/p><p>\u00a0<\/p><p>Then, there will be a competition for students who will present their creations based on these stories and products of this project.<\/p><p>More information about the project, DMO Albania can be found on the page\u00a0<span style=\"text-decoration: underline; color: orange;\"><a style=\"color: orange;\" href=\"https:\/\/www.dmoalbania.al\/\">www.dmoalbania.al<\/a>. \u00a0<\/span><\/p>\t\t\t\t\t\t\t\t<\/div>\n\t\t\t\t<\/div>\n\t\t\t\t\t<\/div>\n\t\t\t\t<\/div>\n\t\t\t\t<\/div>","protected":false},"excerpt":{"rendered":"<p>Lajme Galeri Fotografish Paket\u00eb p\u00ebr Shtypin Flet\u00ebpalosje Libri i Mark\u00ebs Paket\u00eb p\u00ebr shtypin Prezantimi i projektit : \u201cHeritage is our brand\u201d (Trash\u00ebgimia \u00ebsht\u00eb marka jon\u00eb) DMO Albania (Organizat\u00eb p\u00ebr menaxhimin dhe marketimin e destinacioneve), n\u00eb bashk\u00ebpunim me organizat\u00ebn \u201cForumi p\u00ebr Politikat e Integrimit\u201d, po realizon projektin e financuar nga Bashkimi Europian t\u00eb titulluar: \u201cHeritage is [&hellip;]<\/p>\n","protected":false},"author":1,"featured_media":0,"parent":1817,"menu_order":0,"comment_status":"closed","ping_status":"closed","template":"","meta":{"_acf_changed":false,"site-sidebar-layout":"no-sidebar","site-content-layout":"page-builder","ast-site-content-layout":"full-width-container","site-content-style":"default","site-sidebar-style":"default","ast-global-header-display":"","ast-banner-title-visibility":"","ast-main-header-display":"","ast-hfb-above-header-display":"","ast-hfb-below-header-display":"","ast-hfb-mobile-header-display":"","site-post-title":"disabled","ast-breadcrumbs-content":"","ast-featured-img":"disabled","footer-sml-layout":"","theme-transparent-header-meta":"","adv-header-id-meta":"","stick-header-meta":"","header-above-stick-meta":"","header-main-stick-meta":"","header-below-stick-meta":"","astra-migrate-meta-layouts":"set","ast-page-background-enabled":"default","ast-page-background-meta":{"desktop":{"background-color":"var(--ast-global-color-4)","background-image":"","background-repeat":"repeat","background-position":"center center","background-size":"auto","background-attachment":"scroll","background-type":"","background-media":"","overlay-type":"","overlay-color":"","overlay-opacity":"","overlay-gradient":""},"tablet":{"background-color":"","background-image":"","background-repeat":"repeat","background-position":"center center","background-size":"auto","background-attachment":"scroll","background-type":"","background-media":"","overlay-type":"","overlay-color":"","overlay-opacity":"","overlay-gradient":""},"mobile":{"background-color":"","background-image":"","background-repeat":"repeat","background-position":"center center","background-size":"auto","background-attachment":"scroll","background-type":"","background-media":"","overlay-type":"","overlay-color":"","overlay-opacity":"","overlay-gradient":""}},"ast-content-background-meta":{"desktop":{"background-color":"var(--ast-global-color-5)","background-image":"","background-repeat":"repeat","background-position":"center center","background-size":"auto","background-attachment":"scroll","background-type":"","background-media":"","overlay-type":"","overlay-color":"","overlay-opacity":"","overlay-gradient":""},"tablet":{"background-color":"var(--ast-global-color-5)","background-image":"","background-repeat":"repeat","background-position":"center center","background-size":"auto","background-attachment":"scroll","background-type":"","background-media":"","overlay-type":"","overlay-color":"","overlay-opacity":"","overlay-gradient":""},"mobile":{"background-color":"var(--ast-global-color-5)","background-image":"","background-repeat":"repeat","background-position":"center center","background-size":"auto","background-attachment":"scroll","background-type":"","background-media":"","overlay-type":"","overlay-color":"","overlay-opacity":"","overlay-gradient":""}},"footnotes":""},"class_list":["post-2193","page","type-page","status-publish","hentry"],"acf":[],"yoast_head":"<!-- This site is optimized with the Yoast SEO plugin v27.3 - https:\/\/yoast.com\/product\/yoast-seo-wordpress\/ -->\n<title>press-kit - Albania Heritage<\/title>\n<meta name=\"robots\" content=\"index, follow, max-snippet:-1, max-image-preview:large, max-video-preview:-1\" \/>\n<link rel=\"canonical\" href=\"https:\/\/albaniaheritage.com\/en\/news\/press-kit\/\" \/>\n<meta property=\"og:locale\" content=\"en_US\" \/>\n<meta property=\"og:type\" content=\"article\" \/>\n<meta property=\"og:title\" content=\"press-kit - Albania Heritage\" \/>\n<meta property=\"og:description\" content=\"Lajme Galeri Fotografish Paket\u00eb p\u00ebr Shtypin Flet\u00ebpalosje Libri i Mark\u00ebs Paket\u00eb p\u00ebr shtypin Prezantimi i projektit : \u201cHeritage is our brand\u201d (Trash\u00ebgimia \u00ebsht\u00eb marka jon\u00eb) DMO Albania (Organizat\u00eb p\u00ebr menaxhimin dhe marketimin e destinacioneve), n\u00eb bashk\u00ebpunim me organizat\u00ebn \u201cForumi p\u00ebr Politikat e Integrimit\u201d, po realizon projektin e financuar nga Bashkimi Europian t\u00eb titulluar: \u201cHeritage is [&hellip;]\" \/>\n<meta property=\"og:url\" content=\"https:\/\/albaniaheritage.com\/en\/news\/press-kit\/\" \/>\n<meta property=\"og:site_name\" content=\"Albania Heritage\" \/>\n<meta property=\"article:publisher\" content=\"https:\/\/www.facebook.com\/dmoalbania\/\" \/>\n<meta property=\"article:modified_time\" content=\"2025-08-14T12:09:04+00:00\" \/>\n<meta property=\"og:image\" content=\"https:\/\/albaniaheritage.com\/wp-content\/uploads\/2025\/08\/8-1024x410.jpg\" \/>\n<meta name=\"twitter:card\" content=\"summary_large_image\" \/>\n<meta name=\"twitter:site\" content=\"@dmoalbania\" \/>\n<meta name=\"twitter:label1\" content=\"Est. reading time\" \/>\n\t<meta name=\"twitter:data1\" content=\"2 minutes\" \/>\n<script type=\"application\/ld+json\" class=\"yoast-schema-graph\">{\"@context\":\"https:\\\/\\\/schema.org\",\"@graph\":[{\"@type\":\"WebPage\",\"@id\":\"https:\\\/\\\/albaniaheritage.com\\\/news\\\/press-kit\\\/\",\"url\":\"https:\\\/\\\/albaniaheritage.com\\\/news\\\/press-kit\\\/\",\"name\":\"press-kit - Albania Heritage\",\"isPartOf\":{\"@id\":\"https:\\\/\\\/albaniaheritage.com\\\/#website\"},\"primaryImageOfPage\":{\"@id\":\"https:\\\/\\\/albaniaheritage.com\\\/news\\\/press-kit\\\/#primaryimage\"},\"image\":{\"@id\":\"https:\\\/\\\/albaniaheritage.com\\\/news\\\/press-kit\\\/#primaryimage\"},\"thumbnailUrl\":\"https:\\\/\\\/albaniaheritage.com\\\/wp-content\\\/uploads\\\/2025\\\/08\\\/8-1024x410.jpg\",\"datePublished\":\"2025-07-12T11:10:43+00:00\",\"dateModified\":\"2025-08-14T12:09:04+00:00\",\"breadcrumb\":{\"@id\":\"https:\\\/\\\/albaniaheritage.com\\\/news\\\/press-kit\\\/#breadcrumb\"},\"inLanguage\":\"en-US\",\"potentialAction\":[{\"@type\":\"ReadAction\",\"target\":[\"https:\\\/\\\/albaniaheritage.com\\\/news\\\/press-kit\\\/\"]}]},{\"@type\":\"ImageObject\",\"inLanguage\":\"en-US\",\"@id\":\"https:\\\/\\\/albaniaheritage.com\\\/news\\\/press-kit\\\/#primaryimage\",\"url\":\"https:\\\/\\\/albaniaheritage.com\\\/wp-content\\\/uploads\\\/2025\\\/08\\\/8-1024x410.jpg\",\"contentUrl\":\"https:\\\/\\\/albaniaheritage.com\\\/wp-content\\\/uploads\\\/2025\\\/08\\\/8-1024x410.jpg\"},{\"@type\":\"BreadcrumbList\",\"@id\":\"https:\\\/\\\/albaniaheritage.com\\\/news\\\/press-kit\\\/#breadcrumb\",\"itemListElement\":[{\"@type\":\"ListItem\",\"position\":1,\"name\":\"Home\",\"item\":\"https:\\\/\\\/albaniaheritage.com\\\/\"},{\"@type\":\"ListItem\",\"position\":2,\"name\":\"News\",\"item\":\"https:\\\/\\\/albaniaheritage.com\\\/news\\\/\"},{\"@type\":\"ListItem\",\"position\":3,\"name\":\"press-kit\"}]},{\"@type\":\"WebSite\",\"@id\":\"https:\\\/\\\/albaniaheritage.com\\\/#website\",\"url\":\"https:\\\/\\\/albaniaheritage.com\\\/\",\"name\":\"Albania Heritage\",\"description\":\"\",\"publisher\":{\"@id\":\"https:\\\/\\\/albaniaheritage.com\\\/#organization\"},\"potentialAction\":[{\"@type\":\"SearchAction\",\"target\":{\"@type\":\"EntryPoint\",\"urlTemplate\":\"https:\\\/\\\/albaniaheritage.com\\\/?s={search_term_string}\"},\"query-input\":{\"@type\":\"PropertyValueSpecification\",\"valueRequired\":true,\"valueName\":\"search_term_string\"}}],\"inLanguage\":\"en-US\"},{\"@type\":\"Organization\",\"@id\":\"https:\\\/\\\/albaniaheritage.com\\\/#organization\",\"name\":\"Albania Heritage\",\"url\":\"https:\\\/\\\/albaniaheritage.com\\\/\",\"logo\":{\"@type\":\"ImageObject\",\"inLanguage\":\"en-US\",\"@id\":\"https:\\\/\\\/albaniaheritage.com\\\/#\\\/schema\\\/logo\\\/image\\\/\",\"url\":\"https:\\\/\\\/albaniaheritage.com\\\/wp-content\\\/uploads\\\/2025\\\/07\\\/logo-1-scaled.png\",\"contentUrl\":\"https:\\\/\\\/albaniaheritage.com\\\/wp-content\\\/uploads\\\/2025\\\/07\\\/logo-1-scaled.png\",\"width\":2560,\"height\":767,\"caption\":\"Albania Heritage\"},\"image\":{\"@id\":\"https:\\\/\\\/albaniaheritage.com\\\/#\\\/schema\\\/logo\\\/image\\\/\"},\"sameAs\":[\"https:\\\/\\\/www.facebook.com\\\/dmoalbania\\\/\",\"https:\\\/\\\/x.com\\\/dmoalbania\",\"https:\\\/\\\/www.youtube.com\\\/@DMO-ALBANIA\",\"https:\\\/\\\/www.linkedin.com\\\/company\\\/dmoalbania\\\/\",\"https:\\\/\\\/www.instagram.com\\\/dmoalbania\\\/\"]}]}<\/script>\n<!-- \/ Yoast SEO plugin. -->","yoast_head_json":{"title":"press-kit - Albania Heritage","robots":{"index":"index","follow":"follow","max-snippet":"max-snippet:-1","max-image-preview":"max-image-preview:large","max-video-preview":"max-video-preview:-1"},"canonical":"https:\/\/albaniaheritage.com\/en\/news\/press-kit\/","og_locale":"en_US","og_type":"article","og_title":"press-kit - Albania Heritage","og_description":"Lajme Galeri Fotografish Paket\u00eb p\u00ebr Shtypin Flet\u00ebpalosje Libri i Mark\u00ebs Paket\u00eb p\u00ebr shtypin Prezantimi i projektit : \u201cHeritage is our brand\u201d (Trash\u00ebgimia \u00ebsht\u00eb marka jon\u00eb) DMO Albania (Organizat\u00eb p\u00ebr menaxhimin dhe marketimin e destinacioneve), n\u00eb bashk\u00ebpunim me organizat\u00ebn \u201cForumi p\u00ebr Politikat e Integrimit\u201d, po realizon projektin e financuar nga Bashkimi Europian t\u00eb titulluar: \u201cHeritage is [&hellip;]","og_url":"https:\/\/albaniaheritage.com\/en\/news\/press-kit\/","og_site_name":"Albania Heritage","article_publisher":"https:\/\/www.facebook.com\/dmoalbania\/","article_modified_time":"2025-08-14T12:09:04+00:00","og_image":[{"url":"https:\/\/albaniaheritage.com\/wp-content\/uploads\/2025\/08\/8-1024x410.jpg","type":"","width":"","height":""}],"twitter_card":"summary_large_image","twitter_site":"@dmoalbania","twitter_misc":{"Est. reading time":"2 minutes"},"schema":{"@context":"https:\/\/schema.org","@graph":[{"@type":"WebPage","@id":"https:\/\/albaniaheritage.com\/news\/press-kit\/","url":"https:\/\/albaniaheritage.com\/news\/press-kit\/","name":"press-kit - Albania Heritage","isPartOf":{"@id":"https:\/\/albaniaheritage.com\/#website"},"primaryImageOfPage":{"@id":"https:\/\/albaniaheritage.com\/news\/press-kit\/#primaryimage"},"image":{"@id":"https:\/\/albaniaheritage.com\/news\/press-kit\/#primaryimage"},"thumbnailUrl":"https:\/\/albaniaheritage.com\/wp-content\/uploads\/2025\/08\/8-1024x410.jpg","datePublished":"2025-07-12T11:10:43+00:00","dateModified":"2025-08-14T12:09:04+00:00","breadcrumb":{"@id":"https:\/\/albaniaheritage.com\/news\/press-kit\/#breadcrumb"},"inLanguage":"en-US","potentialAction":[{"@type":"ReadAction","target":["https:\/\/albaniaheritage.com\/news\/press-kit\/"]}]},{"@type":"ImageObject","inLanguage":"en-US","@id":"https:\/\/albaniaheritage.com\/news\/press-kit\/#primaryimage","url":"https:\/\/albaniaheritage.com\/wp-content\/uploads\/2025\/08\/8-1024x410.jpg","contentUrl":"https:\/\/albaniaheritage.com\/wp-content\/uploads\/2025\/08\/8-1024x410.jpg"},{"@type":"BreadcrumbList","@id":"https:\/\/albaniaheritage.com\/news\/press-kit\/#breadcrumb","itemListElement":[{"@type":"ListItem","position":1,"name":"Home","item":"https:\/\/albaniaheritage.com\/"},{"@type":"ListItem","position":2,"name":"News","item":"https:\/\/albaniaheritage.com\/news\/"},{"@type":"ListItem","position":3,"name":"press-kit"}]},{"@type":"WebSite","@id":"https:\/\/albaniaheritage.com\/#website","url":"https:\/\/albaniaheritage.com\/","name":"Albania Heritage","description":"","publisher":{"@id":"https:\/\/albaniaheritage.com\/#organization"},"potentialAction":[{"@type":"SearchAction","target":{"@type":"EntryPoint","urlTemplate":"https:\/\/albaniaheritage.com\/?s={search_term_string}"},"query-input":{"@type":"PropertyValueSpecification","valueRequired":true,"valueName":"search_term_string"}}],"inLanguage":"en-US"},{"@type":"Organization","@id":"https:\/\/albaniaheritage.com\/#organization","name":"Albania Heritage","url":"https:\/\/albaniaheritage.com\/","logo":{"@type":"ImageObject","inLanguage":"en-US","@id":"https:\/\/albaniaheritage.com\/#\/schema\/logo\/image\/","url":"https:\/\/albaniaheritage.com\/wp-content\/uploads\/2025\/07\/logo-1-scaled.png","contentUrl":"https:\/\/albaniaheritage.com\/wp-content\/uploads\/2025\/07\/logo-1-scaled.png","width":2560,"height":767,"caption":"Albania Heritage"},"image":{"@id":"https:\/\/albaniaheritage.com\/#\/schema\/logo\/image\/"},"sameAs":["https:\/\/www.facebook.com\/dmoalbania\/","https:\/\/x.com\/dmoalbania","https:\/\/www.youtube.com\/@DMO-ALBANIA","https:\/\/www.linkedin.com\/company\/dmoalbania\/","https:\/\/www.instagram.com\/dmoalbania\/"]}]}},"_links":{"self":[{"href":"https:\/\/albaniaheritage.com\/en\/wp-json\/wp\/v2\/pages\/2193","targetHints":{"allow":["GET"]}}],"collection":[{"href":"https:\/\/albaniaheritage.com\/en\/wp-json\/wp\/v2\/pages"}],"about":[{"href":"https:\/\/albaniaheritage.com\/en\/wp-json\/wp\/v2\/types\/page"}],"author":[{"embeddable":true,"href":"https:\/\/albaniaheritage.com\/en\/wp-json\/wp\/v2\/users\/1"}],"replies":[{"embeddable":true,"href":"https:\/\/albaniaheritage.com\/en\/wp-json\/wp\/v2\/comments?post=2193"}],"version-history":[{"count":79,"href":"https:\/\/albaniaheritage.com\/en\/wp-json\/wp\/v2\/pages\/2193\/revisions"}],"predecessor-version":[{"id":3718,"href":"https:\/\/albaniaheritage.com\/en\/wp-json\/wp\/v2\/pages\/2193\/revisions\/3718"}],"up":[{"embeddable":true,"href":"https:\/\/albaniaheritage.com\/en\/wp-json\/wp\/v2\/pages\/1817"}],"wp:attachment":[{"href":"https:\/\/albaniaheritage.com\/en\/wp-json\/wp\/v2\/media?parent=2193"}],"curies":[{"name":"wp","href":"https:\/\/api.w.org\/{rel}","templated":true}]}}