{"id":2174,"date":"2025-07-12T11:00:43","date_gmt":"2025-07-12T11:00:43","guid":{"rendered":"https:\/\/springgreen-sardine-861889.hostingersite.com\/?page_id=2174"},"modified":"2025-12-13T09:24:07","modified_gmt":"2025-12-13T09:24:07","slug":"winners","status":"publish","type":"page","link":"https:\/\/albaniaheritage.com\/en\/education\/winners\/","title":{"rendered":"winners"},"content":{"rendered":"<div data-elementor-type=\"wp-page\" data-elementor-id=\"2174\" class=\"elementor elementor-2174\">\n\t\t\t\t<div class=\"elementor-element elementor-element-69e756de e-con-full e-flex e-con e-parent\" data-id=\"69e756de\" data-element_type=\"container\" data-e-type=\"container\" data-settings=\"{&quot;background_background&quot;:&quot;classic&quot;}\">\n\t\t\t\t<div class=\"elementor-element elementor-element-c2918f0 elementor-widget elementor-widget-text-editor\" data-id=\"c2918f0\" data-element_type=\"widget\" data-e-type=\"widget\" data-widget_type=\"text-editor.default\">\n\t\t\t\t<div class=\"elementor-widget-container\">\n\t\t\t\t\t\t\t\t\t<p><a href=\"\/en\/education\/\">\u00a0Questionnaire<\/a><\/p>\t\t\t\t\t\t\t\t<\/div>\n\t\t\t\t<\/div>\n\t\t\t\t<div class=\"elementor-element elementor-element-402a5cb0 elementor-widget elementor-widget-text-editor\" data-id=\"402a5cb0\" data-element_type=\"widget\" data-e-type=\"widget\" data-widget_type=\"text-editor.default\">\n\t\t\t\t<div class=\"elementor-widget-container\">\n\t\t\t\t\t\t\t\t\t<p><a href=\"\/en\/teacher-curricula\/\">Teacher Curricula<\/a><\/p>\t\t\t\t\t\t\t\t<\/div>\n\t\t\t\t<\/div>\n\t\t\t\t<div class=\"elementor-element elementor-element-4cd6bf elementor-widget elementor-widget-text-editor\" data-id=\"4cd6bf\" data-element_type=\"widget\" data-e-type=\"widget\" data-widget_type=\"text-editor.default\">\n\t\t\t\t<div class=\"elementor-widget-container\">\n\t\t\t\t\t\t\t\t\t<p><a href=\"\/en\/education\/school-competition\/\">School Competition<\/a><\/p>\t\t\t\t\t\t\t\t<\/div>\n\t\t\t\t<\/div>\n\t\t\t\t<div class=\"elementor-element elementor-element-2d31d855 elementor-widget elementor-widget-text-editor\" data-id=\"2d31d855\" data-element_type=\"widget\" data-e-type=\"widget\" data-widget_type=\"text-editor.default\">\n\t\t\t\t<div class=\"elementor-widget-container\">\n\t\t\t\t\t\t\t\t\t<p><a href=\"\/en\/winners\/\"><span style=\"text-decoration: underline;\">Winners<\/span><\/a><\/p>\t\t\t\t\t\t\t\t<\/div>\n\t\t\t\t<\/div>\n\t\t\t\t<\/div>\n\t\t\t\t<section class=\"elementor-section elementor-top-section elementor-element elementor-element-0bktqgz elementor-section-full_width elementor-section-content-middle elementor-reverse-mobile elementor-section-height-default elementor-section-height-default\" data-id=\"0bktqgz\" data-element_type=\"section\" data-e-type=\"section\" data-settings=\"{&quot;background_background&quot;:&quot;classic&quot;}\">\n\t\t\t\t\t\t<div class=\"elementor-container elementor-column-gap-no\">\n\t\t\t\t\t<div class=\"elementor-column elementor-col-50 elementor-top-column elementor-element elementor-element-79db928\" data-id=\"79db928\" data-element_type=\"column\" data-e-type=\"column\" data-settings=\"{&quot;background_background&quot;:&quot;classic&quot;}\">\n\t\t\t<div class=\"elementor-widget-wrap elementor-element-populated\">\n\t\t\t\t\t\t<section class=\"elementor-section elementor-inner-section elementor-element elementor-element-c8c67ab elementor-section-boxed elementor-section-height-default elementor-section-height-default\" data-id=\"c8c67ab\" data-element_type=\"section\" data-e-type=\"section\">\n\t\t\t\t\t\t<div class=\"elementor-container elementor-column-gap-no\">\n\t\t\t\t\t<div class=\"elementor-column elementor-col-100 elementor-inner-column elementor-element elementor-element-7c813f9\" data-id=\"7c813f9\" data-element_type=\"column\" data-e-type=\"column\">\n\t\t\t<div class=\"elementor-widget-wrap elementor-element-populated\">\n\t\t\t\t\t\t<div class=\"elementor-element elementor-element-3bda911 elementor-widget elementor-widget-heading\" data-id=\"3bda911\" data-element_type=\"widget\" data-e-type=\"widget\" data-widget_type=\"heading.default\">\n\t\t\t\t<div class=\"elementor-widget-container\">\n\t\t\t\t\t<h2 class=\"elementor-heading-title elementor-size-default\">Winners<\/h2>\t\t\t\t<\/div>\n\t\t\t\t<\/div>\n\t\t\t\t<div class=\"elementor-element elementor-element-ab78d7d elementor-widget elementor-widget-text-editor\" data-id=\"ab78d7d\" data-element_type=\"widget\" data-e-type=\"widget\" data-widget_type=\"text-editor.default\">\n\t\t\t\t<div class=\"elementor-widget-container\">\n\t\t\t\t\t\t\t\t\t<p>The best works from the nationwide competition will be honored with modest prizes and certificates. These creations will also highlight the teachers and schools that helped bring these stories to their students.<\/p><p>The winning works will be published on this website and promoted together with the names of the students and their schools, becoming a source of inspiration for their peers and future generations.<\/p><p>A ceremony and an exhibition will be organized at the end of the project to celebrate and promote the winners.<\/p><p>With this ceremony, the two-year project Heritage is Our Brand will come to a close.<\/p>\t\t\t\t\t\t\t\t<\/div>\n\t\t\t\t<\/div>\n\t\t\t\t\t<\/div>\n\t\t<\/div>\n\t\t\t\t\t<\/div>\n\t\t<\/section>\n\t\t\t\t\t<\/div>\n\t\t<\/div>\n\t\t\t\t<div class=\"elementor-column elementor-col-50 elementor-top-column elementor-element elementor-element-3e66579\" data-id=\"3e66579\" data-element_type=\"column\" data-e-type=\"column\">\n\t\t\t<div class=\"elementor-widget-wrap elementor-element-populated\">\n\t\t\t\t\t\t<div class=\"elementor-element elementor-element-96d0ebe elementor-widget elementor-widget-image\" data-id=\"96d0ebe\" data-element_type=\"widget\" data-e-type=\"widget\" data-widget_type=\"image.default\">\n\t\t\t\t<div class=\"elementor-widget-container\">\n\t\t\t\t\t\t\t\t\t\t\t\t\t\t\t<img fetchpriority=\"high\" decoding=\"async\" width=\"1396\" height=\"931\" src=\"https:\/\/albaniaheritage.com\/wp-content\/uploads\/2025\/12\/edu3.jpg\" class=\"attachment-full size-full wp-image-4619\" alt=\"\" srcset=\"https:\/\/albaniaheritage.com\/wp-content\/uploads\/2025\/12\/edu3.jpg 1396w, https:\/\/albaniaheritage.com\/wp-content\/uploads\/2025\/12\/edu3-300x200.jpg 300w, https:\/\/albaniaheritage.com\/wp-content\/uploads\/2025\/12\/edu3-1024x683.jpg 1024w, https:\/\/albaniaheritage.com\/wp-content\/uploads\/2025\/12\/edu3-768x512.jpg 768w, https:\/\/albaniaheritage.com\/wp-content\/uploads\/2025\/12\/edu3-18x12.jpg 18w\" sizes=\"(max-width: 1396px) 100vw, 1396px\" \/>\t\t\t\t\t\t\t\t\t\t\t\t\t\t\t<\/div>\n\t\t\t\t<\/div>\n\t\t\t\t\t<\/div>\n\t\t<\/div>\n\t\t\t\t\t<\/div>\n\t\t<\/section>\n\t\t\t\t<\/div>","protected":false},"excerpt":{"rendered":"<p>\u00a0Pyet\u00ebsor Kurrikulat e M\u00ebsuesit Konkurs Shkollor Fituesit Fituesit Pun\u00ebt m\u00eb t\u00eb bukura t\u00eb konkursit q\u00eb do t\u00eb zhvillohet n\u00eb mbar\u00eb vendin, do t\u00eb nderohen me \u00e7mime modeste dhe \u00e7ertifikata. K\u00ebto punime gjithashtu do promovojn\u00eb dhe m\u00ebsuesit dhe shkollat q\u00eb u kujdes\u00ebn tia p\u00ebrcjellin k\u00ebto histori nx\u00ebn\u00ebsve. Punimet e fituesve do t\u00eb hidhen n\u00eb k\u00ebt\u00eb faqe [&hellip;]<\/p>\n","protected":false},"author":1,"featured_media":0,"parent":1814,"menu_order":0,"comment_status":"closed","ping_status":"closed","template":"","meta":{"_acf_changed":false,"site-sidebar-layout":"no-sidebar","site-content-layout":"page-builder","ast-site-content-layout":"full-width-container","site-content-style":"default","site-sidebar-style":"default","ast-global-header-display":"","ast-banner-title-visibility":"","ast-main-header-display":"","ast-hfb-above-header-display":"","ast-hfb-below-header-display":"","ast-hfb-mobile-header-display":"","site-post-title":"disabled","ast-breadcrumbs-content":"","ast-featured-img":"disabled","footer-sml-layout":"","theme-transparent-header-meta":"","adv-header-id-meta":"","stick-header-meta":"","header-above-stick-meta":"","header-main-stick-meta":"","header-below-stick-meta":"","astra-migrate-meta-layouts":"set","ast-page-background-enabled":"default","ast-page-background-meta":{"desktop":{"background-color":"var(--ast-global-color-4)","background-image":"","background-repeat":"repeat","background-position":"center center","background-size":"auto","background-attachment":"scroll","background-type":"","background-media":"","overlay-type":"","overlay-color":"","overlay-opacity":"","overlay-gradient":""},"tablet":{"background-color":"","background-image":"","background-repeat":"repeat","background-position":"center center","background-size":"auto","background-attachment":"scroll","background-type":"","background-media":"","overlay-type":"","overlay-color":"","overlay-opacity":"","overlay-gradient":""},"mobile":{"background-color":"","background-image":"","background-repeat":"repeat","background-position":"center center","background-size":"auto","background-attachment":"scroll","background-type":"","background-media":"","overlay-type":"","overlay-color":"","overlay-opacity":"","overlay-gradient":""}},"ast-content-background-meta":{"desktop":{"background-color":"var(--ast-global-color-5)","background-image":"","background-repeat":"repeat","background-position":"center center","background-size":"auto","background-attachment":"scroll","background-type":"","background-media":"","overlay-type":"","overlay-color":"","overlay-opacity":"","overlay-gradient":""},"tablet":{"background-color":"var(--ast-global-color-5)","background-image":"","background-repeat":"repeat","background-position":"center center","background-size":"auto","background-attachment":"scroll","background-type":"","background-media":"","overlay-type":"","overlay-color":"","overlay-opacity":"","overlay-gradient":""},"mobile":{"background-color":"var(--ast-global-color-5)","background-image":"","background-repeat":"repeat","background-position":"center center","background-size":"auto","background-attachment":"scroll","background-type":"","background-media":"","overlay-type":"","overlay-color":"","overlay-opacity":"","overlay-gradient":""}},"footnotes":""},"class_list":["post-2174","page","type-page","status-publish","hentry"],"acf":[],"yoast_head":"<!-- This site is optimized with the Yoast SEO plugin v27.3 - https:\/\/yoast.com\/product\/yoast-seo-wordpress\/ -->\n<title>winners - Albania Heritage<\/title>\n<meta name=\"robots\" content=\"index, follow, max-snippet:-1, max-image-preview:large, max-video-preview:-1\" \/>\n<link rel=\"canonical\" href=\"https:\/\/albaniaheritage.com\/en\/education\/winners\/\" \/>\n<meta property=\"og:locale\" content=\"en_US\" \/>\n<meta property=\"og:type\" content=\"article\" \/>\n<meta property=\"og:title\" content=\"winners - Albania Heritage\" \/>\n<meta property=\"og:description\" content=\"\u00a0Pyet\u00ebsor Kurrikulat e M\u00ebsuesit Konkurs Shkollor Fituesit Fituesit Pun\u00ebt m\u00eb t\u00eb bukura t\u00eb konkursit q\u00eb do t\u00eb zhvillohet n\u00eb mbar\u00eb vendin, do t\u00eb nderohen me \u00e7mime modeste dhe \u00e7ertifikata. K\u00ebto punime gjithashtu do promovojn\u00eb dhe m\u00ebsuesit dhe shkollat q\u00eb u kujdes\u00ebn tia p\u00ebrcjellin k\u00ebto histori nx\u00ebn\u00ebsve. Punimet e fituesve do t\u00eb hidhen n\u00eb k\u00ebt\u00eb faqe [&hellip;]\" \/>\n<meta property=\"og:url\" content=\"https:\/\/albaniaheritage.com\/en\/education\/winners\/\" \/>\n<meta property=\"og:site_name\" content=\"Albania Heritage\" \/>\n<meta property=\"article:publisher\" content=\"https:\/\/www.facebook.com\/dmoalbania\/\" \/>\n<meta property=\"article:modified_time\" content=\"2025-12-13T09:24:07+00:00\" \/>\n<meta property=\"og:image\" content=\"https:\/\/albaniaheritage.com\/wp-content\/uploads\/2025\/12\/edu3.jpg\" \/>\n<meta name=\"twitter:card\" content=\"summary_large_image\" \/>\n<meta name=\"twitter:site\" content=\"@dmoalbania\" \/>\n<meta name=\"twitter:label1\" content=\"Est. reading time\" \/>\n\t<meta name=\"twitter:data1\" content=\"1 minute\" \/>\n<script type=\"application\/ld+json\" class=\"yoast-schema-graph\">{\"@context\":\"https:\\\/\\\/schema.org\",\"@graph\":[{\"@type\":\"WebPage\",\"@id\":\"https:\\\/\\\/albaniaheritage.com\\\/education\\\/winners\\\/\",\"url\":\"https:\\\/\\\/albaniaheritage.com\\\/education\\\/winners\\\/\",\"name\":\"winners - Albania Heritage\",\"isPartOf\":{\"@id\":\"https:\\\/\\\/albaniaheritage.com\\\/#website\"},\"primaryImageOfPage\":{\"@id\":\"https:\\\/\\\/albaniaheritage.com\\\/education\\\/winners\\\/#primaryimage\"},\"image\":{\"@id\":\"https:\\\/\\\/albaniaheritage.com\\\/education\\\/winners\\\/#primaryimage\"},\"thumbnailUrl\":\"https:\\\/\\\/albaniaheritage.com\\\/wp-content\\\/uploads\\\/2025\\\/12\\\/edu3.jpg\",\"datePublished\":\"2025-07-12T11:00:43+00:00\",\"dateModified\":\"2025-12-13T09:24:07+00:00\",\"breadcrumb\":{\"@id\":\"https:\\\/\\\/albaniaheritage.com\\\/education\\\/winners\\\/#breadcrumb\"},\"inLanguage\":\"en-US\",\"potentialAction\":[{\"@type\":\"ReadAction\",\"target\":[\"https:\\\/\\\/albaniaheritage.com\\\/education\\\/winners\\\/\"]}]},{\"@type\":\"ImageObject\",\"inLanguage\":\"en-US\",\"@id\":\"https:\\\/\\\/albaniaheritage.com\\\/education\\\/winners\\\/#primaryimage\",\"url\":\"https:\\\/\\\/albaniaheritage.com\\\/wp-content\\\/uploads\\\/2025\\\/12\\\/edu3.jpg\",\"contentUrl\":\"https:\\\/\\\/albaniaheritage.com\\\/wp-content\\\/uploads\\\/2025\\\/12\\\/edu3.jpg\"},{\"@type\":\"BreadcrumbList\",\"@id\":\"https:\\\/\\\/albaniaheritage.com\\\/education\\\/winners\\\/#breadcrumb\",\"itemListElement\":[{\"@type\":\"ListItem\",\"position\":1,\"name\":\"Home\",\"item\":\"https:\\\/\\\/albaniaheritage.com\\\/\"},{\"@type\":\"ListItem\",\"position\":2,\"name\":\"Education\",\"item\":\"https:\\\/\\\/springgreen-sardine-861889.hostingersite.com\\\/en\\\/education\\\/\"},{\"@type\":\"ListItem\",\"position\":3,\"name\":\"winners\"}]},{\"@type\":\"WebSite\",\"@id\":\"https:\\\/\\\/albaniaheritage.com\\\/#website\",\"url\":\"https:\\\/\\\/albaniaheritage.com\\\/\",\"name\":\"Albania Heritage\",\"description\":\"\",\"publisher\":{\"@id\":\"https:\\\/\\\/albaniaheritage.com\\\/#organization\"},\"potentialAction\":[{\"@type\":\"SearchAction\",\"target\":{\"@type\":\"EntryPoint\",\"urlTemplate\":\"https:\\\/\\\/albaniaheritage.com\\\/?s={search_term_string}\"},\"query-input\":{\"@type\":\"PropertyValueSpecification\",\"valueRequired\":true,\"valueName\":\"search_term_string\"}}],\"inLanguage\":\"en-US\"},{\"@type\":\"Organization\",\"@id\":\"https:\\\/\\\/albaniaheritage.com\\\/#organization\",\"name\":\"Albania Heritage\",\"url\":\"https:\\\/\\\/albaniaheritage.com\\\/\",\"logo\":{\"@type\":\"ImageObject\",\"inLanguage\":\"en-US\",\"@id\":\"https:\\\/\\\/albaniaheritage.com\\\/#\\\/schema\\\/logo\\\/image\\\/\",\"url\":\"https:\\\/\\\/albaniaheritage.com\\\/wp-content\\\/uploads\\\/2025\\\/07\\\/logo-1-scaled.png\",\"contentUrl\":\"https:\\\/\\\/albaniaheritage.com\\\/wp-content\\\/uploads\\\/2025\\\/07\\\/logo-1-scaled.png\",\"width\":2560,\"height\":767,\"caption\":\"Albania Heritage\"},\"image\":{\"@id\":\"https:\\\/\\\/albaniaheritage.com\\\/#\\\/schema\\\/logo\\\/image\\\/\"},\"sameAs\":[\"https:\\\/\\\/www.facebook.com\\\/dmoalbania\\\/\",\"https:\\\/\\\/x.com\\\/dmoalbania\",\"https:\\\/\\\/www.youtube.com\\\/@DMO-ALBANIA\",\"https:\\\/\\\/www.linkedin.com\\\/company\\\/dmoalbania\\\/\",\"https:\\\/\\\/www.instagram.com\\\/dmoalbania\\\/\"]}]}<\/script>\n<!-- \/ Yoast SEO plugin. -->","yoast_head_json":{"title":"winners - Albania Heritage","robots":{"index":"index","follow":"follow","max-snippet":"max-snippet:-1","max-image-preview":"max-image-preview:large","max-video-preview":"max-video-preview:-1"},"canonical":"https:\/\/albaniaheritage.com\/en\/education\/winners\/","og_locale":"en_US","og_type":"article","og_title":"winners - Albania Heritage","og_description":"\u00a0Pyet\u00ebsor Kurrikulat e M\u00ebsuesit Konkurs Shkollor Fituesit Fituesit Pun\u00ebt m\u00eb t\u00eb bukura t\u00eb konkursit q\u00eb do t\u00eb zhvillohet n\u00eb mbar\u00eb vendin, do t\u00eb nderohen me \u00e7mime modeste dhe \u00e7ertifikata. K\u00ebto punime gjithashtu do promovojn\u00eb dhe m\u00ebsuesit dhe shkollat q\u00eb u kujdes\u00ebn tia p\u00ebrcjellin k\u00ebto histori nx\u00ebn\u00ebsve. Punimet e fituesve do t\u00eb hidhen n\u00eb k\u00ebt\u00eb faqe [&hellip;]","og_url":"https:\/\/albaniaheritage.com\/en\/education\/winners\/","og_site_name":"Albania Heritage","article_publisher":"https:\/\/www.facebook.com\/dmoalbania\/","article_modified_time":"2025-12-13T09:24:07+00:00","og_image":[{"url":"https:\/\/albaniaheritage.com\/wp-content\/uploads\/2025\/12\/edu3.jpg","type":"","width":"","height":""}],"twitter_card":"summary_large_image","twitter_site":"@dmoalbania","twitter_misc":{"Est. reading time":"1 minute"},"schema":{"@context":"https:\/\/schema.org","@graph":[{"@type":"WebPage","@id":"https:\/\/albaniaheritage.com\/education\/winners\/","url":"https:\/\/albaniaheritage.com\/education\/winners\/","name":"winners - Albania Heritage","isPartOf":{"@id":"https:\/\/albaniaheritage.com\/#website"},"primaryImageOfPage":{"@id":"https:\/\/albaniaheritage.com\/education\/winners\/#primaryimage"},"image":{"@id":"https:\/\/albaniaheritage.com\/education\/winners\/#primaryimage"},"thumbnailUrl":"https:\/\/albaniaheritage.com\/wp-content\/uploads\/2025\/12\/edu3.jpg","datePublished":"2025-07-12T11:00:43+00:00","dateModified":"2025-12-13T09:24:07+00:00","breadcrumb":{"@id":"https:\/\/albaniaheritage.com\/education\/winners\/#breadcrumb"},"inLanguage":"en-US","potentialAction":[{"@type":"ReadAction","target":["https:\/\/albaniaheritage.com\/education\/winners\/"]}]},{"@type":"ImageObject","inLanguage":"en-US","@id":"https:\/\/albaniaheritage.com\/education\/winners\/#primaryimage","url":"https:\/\/albaniaheritage.com\/wp-content\/uploads\/2025\/12\/edu3.jpg","contentUrl":"https:\/\/albaniaheritage.com\/wp-content\/uploads\/2025\/12\/edu3.jpg"},{"@type":"BreadcrumbList","@id":"https:\/\/albaniaheritage.com\/education\/winners\/#breadcrumb","itemListElement":[{"@type":"ListItem","position":1,"name":"Home","item":"https:\/\/albaniaheritage.com\/"},{"@type":"ListItem","position":2,"name":"Education","item":"https:\/\/springgreen-sardine-861889.hostingersite.com\/en\/education\/"},{"@type":"ListItem","position":3,"name":"winners"}]},{"@type":"WebSite","@id":"https:\/\/albaniaheritage.com\/#website","url":"https:\/\/albaniaheritage.com\/","name":"Albania Heritage","description":"","publisher":{"@id":"https:\/\/albaniaheritage.com\/#organization"},"potentialAction":[{"@type":"SearchAction","target":{"@type":"EntryPoint","urlTemplate":"https:\/\/albaniaheritage.com\/?s={search_term_string}"},"query-input":{"@type":"PropertyValueSpecification","valueRequired":true,"valueName":"search_term_string"}}],"inLanguage":"en-US"},{"@type":"Organization","@id":"https:\/\/albaniaheritage.com\/#organization","name":"Albania Heritage","url":"https:\/\/albaniaheritage.com\/","logo":{"@type":"ImageObject","inLanguage":"en-US","@id":"https:\/\/albaniaheritage.com\/#\/schema\/logo\/image\/","url":"https:\/\/albaniaheritage.com\/wp-content\/uploads\/2025\/07\/logo-1-scaled.png","contentUrl":"https:\/\/albaniaheritage.com\/wp-content\/uploads\/2025\/07\/logo-1-scaled.png","width":2560,"height":767,"caption":"Albania Heritage"},"image":{"@id":"https:\/\/albaniaheritage.com\/#\/schema\/logo\/image\/"},"sameAs":["https:\/\/www.facebook.com\/dmoalbania\/","https:\/\/x.com\/dmoalbania","https:\/\/www.youtube.com\/@DMO-ALBANIA","https:\/\/www.linkedin.com\/company\/dmoalbania\/","https:\/\/www.instagram.com\/dmoalbania\/"]}]}},"_links":{"self":[{"href":"https:\/\/albaniaheritage.com\/en\/wp-json\/wp\/v2\/pages\/2174","targetHints":{"allow":["GET"]}}],"collection":[{"href":"https:\/\/albaniaheritage.com\/en\/wp-json\/wp\/v2\/pages"}],"about":[{"href":"https:\/\/albaniaheritage.com\/en\/wp-json\/wp\/v2\/types\/page"}],"author":[{"embeddable":true,"href":"https:\/\/albaniaheritage.com\/en\/wp-json\/wp\/v2\/users\/1"}],"replies":[{"embeddable":true,"href":"https:\/\/albaniaheritage.com\/en\/wp-json\/wp\/v2\/comments?post=2174"}],"version-history":[{"count":25,"href":"https:\/\/albaniaheritage.com\/en\/wp-json\/wp\/v2\/pages\/2174\/revisions"}],"predecessor-version":[{"id":4632,"href":"https:\/\/albaniaheritage.com\/en\/wp-json\/wp\/v2\/pages\/2174\/revisions\/4632"}],"up":[{"embeddable":true,"href":"https:\/\/albaniaheritage.com\/en\/wp-json\/wp\/v2\/pages\/1814"}],"wp:attachment":[{"href":"https:\/\/albaniaheritage.com\/en\/wp-json\/wp\/v2\/media?parent=2174"}],"curies":[{"name":"wp","href":"https:\/\/api.w.org\/{rel}","templated":true}]}}