{"id":2156,"date":"2025-07-12T10:54:26","date_gmt":"2025-07-12T10:54:26","guid":{"rendered":"https:\/\/springgreen-sardine-861889.hostingersite.com\/?page_id=2156"},"modified":"2025-12-13T09:19:08","modified_gmt":"2025-12-13T09:19:08","slug":"school-competition","status":"publish","type":"page","link":"https:\/\/albaniaheritage.com\/en\/education\/school-competition\/","title":{"rendered":"school-competition"},"content":{"rendered":"<div data-elementor-type=\"wp-page\" data-elementor-id=\"2156\" class=\"elementor elementor-2156\">\n\t\t\t\t<div class=\"elementor-element elementor-element-5aa592f6 e-con-full e-flex e-con e-parent\" data-id=\"5aa592f6\" data-element_type=\"container\" data-e-type=\"container\" data-settings=\"{&quot;background_background&quot;:&quot;classic&quot;}\">\n\t\t\t\t<div class=\"elementor-element elementor-element-35cdde13 elementor-widget elementor-widget-text-editor\" data-id=\"35cdde13\" data-element_type=\"widget\" data-e-type=\"widget\" data-widget_type=\"text-editor.default\">\n\t\t\t\t<div class=\"elementor-widget-container\">\n\t\t\t\t\t\t\t\t\t<p><a href=\"\/en\/education\/\">Questionnaire<\/a><\/p>\t\t\t\t\t\t\t\t<\/div>\n\t\t\t\t<\/div>\n\t\t\t\t<div class=\"elementor-element elementor-element-44486486 elementor-widget elementor-widget-text-editor\" data-id=\"44486486\" data-element_type=\"widget\" data-e-type=\"widget\" data-widget_type=\"text-editor.default\">\n\t\t\t\t<div class=\"elementor-widget-container\">\n\t\t\t\t\t\t\t\t\t<p><a href=\"\/en\/teacher-curricula\/\">Teacher Curricula<\/a><\/p>\t\t\t\t\t\t\t\t<\/div>\n\t\t\t\t<\/div>\n\t\t\t\t<div class=\"elementor-element elementor-element-710c6df elementor-widget elementor-widget-text-editor\" data-id=\"710c6df\" data-element_type=\"widget\" data-e-type=\"widget\" data-widget_type=\"text-editor.default\">\n\t\t\t\t<div class=\"elementor-widget-container\">\n\t\t\t\t\t\t\t\t\t<p><span style=\"text-decoration: underline;\"><a href=\"\/en\/school-competition\/\">School Competition<\/a><\/span><\/p>\t\t\t\t\t\t\t\t<\/div>\n\t\t\t\t<\/div>\n\t\t\t\t<div class=\"elementor-element elementor-element-6137f9d9 elementor-widget elementor-widget-text-editor\" data-id=\"6137f9d9\" data-element_type=\"widget\" data-e-type=\"widget\" data-widget_type=\"text-editor.default\">\n\t\t\t\t<div class=\"elementor-widget-container\">\n\t\t\t\t\t\t\t\t\t<p><a href=\"\/en\/winners\/\">Winners<\/a><\/p>\t\t\t\t\t\t\t\t<\/div>\n\t\t\t\t<\/div>\n\t\t\t\t<\/div>\n\t\t<div class=\"elementor-element elementor-element-f54d39c e-flex e-con-boxed e-con e-parent\" data-id=\"f54d39c\" data-element_type=\"container\" data-e-type=\"container\">\n\t\t\t\t\t<div class=\"e-con-inner\">\n\t\t\t\t<div class=\"elementor-element elementor-element-2b2cea8 elementor-widget elementor-widget-heading\" data-id=\"2b2cea8\" data-element_type=\"widget\" data-e-type=\"widget\" data-widget_type=\"heading.default\">\n\t\t\t\t<div class=\"elementor-widget-container\">\n\t\t\t\t\t<h3 class=\"elementor-heading-title elementor-size-default\">School Competition<\/h3>\t\t\t\t<\/div>\n\t\t\t\t<\/div>\n\t\t\t\t<div class=\"elementor-element elementor-element-571d800 elementor-widget-divider--view-line elementor-widget elementor-widget-divider\" data-id=\"571d800\" data-element_type=\"widget\" data-e-type=\"widget\" data-widget_type=\"divider.default\">\n\t\t\t\t<div class=\"elementor-widget-container\">\n\t\t\t\t\t\t\t<div class=\"elementor-divider\">\n\t\t\t<span class=\"elementor-divider-separator\">\n\t\t\t\t\t\t<\/span>\n\t\t<\/div>\n\t\t\t\t\t\t<\/div>\n\t\t\t\t<\/div>\n\t\t\t\t\t<\/div>\n\t\t\t\t<\/div>\n\t\t<div class=\"elementor-element elementor-element-e155e1e e-flex e-con-boxed e-con e-parent\" data-id=\"e155e1e\" data-element_type=\"container\" data-e-type=\"container\">\n\t\t\t\t\t<div class=\"e-con-inner\">\n\t\t\t\t<div class=\"elementor-element elementor-element-a34620c elementor-widget elementor-widget-text-editor\" data-id=\"a34620c\" data-element_type=\"widget\" data-e-type=\"widget\" data-widget_type=\"text-editor.default\">\n\t\t\t\t<div class=\"elementor-widget-container\">\n\t\t\t\t\t\t\t\t\t<p>Why is this phase of the project important?<\/p><p>After the project distributes all source materials\u2014both the stories and the creative products\u2014to teachers of history, literature, and even music, a national competition for students in primary (grades 1\u20139) and secondary schools will be launched in mid-2026. Students will be invited to submit artistic creations inspired by these stories: theater performances, dances, shows, essays, drawings, and more.<\/p><p>At the end, the project will award several prizes to the winners across the country.<\/p><p>The project \u201cHeritage is Our Brand\u201d cannot be considered complete without sharing all this newly created source material with the younger generation.<\/p><p>Children will be encouraged\u2014based on the legends, ancient histories, and the many rituals such as weddings, dances, etc., and by talking to their parents or grandparents\u2014to create performances, artistic products, or even exhibitions related to their own region. This will help them feel proud and motivate them to preserve these values of intangible cultural heritage.<\/p>\t\t\t\t\t\t\t\t<\/div>\n\t\t\t\t<\/div>\n\t\t\t\t<div class=\"elementor-element elementor-element-5683b77 elementor-widget elementor-widget-image\" data-id=\"5683b77\" data-element_type=\"widget\" data-e-type=\"widget\" data-widget_type=\"image.default\">\n\t\t\t\t<div class=\"elementor-widget-container\">\n\t\t\t\t\t\t\t\t\t\t\t\t\t\t\t<img fetchpriority=\"high\" decoding=\"async\" width=\"1024\" height=\"683\" src=\"https:\/\/albaniaheritage.com\/wp-content\/uploads\/2025\/12\/edu2-1024x683.jpg\" class=\"attachment-large size-large wp-image-4614\" alt=\"\" srcset=\"https:\/\/albaniaheritage.com\/wp-content\/uploads\/2025\/12\/edu2-1024x683.jpg 1024w, https:\/\/albaniaheritage.com\/wp-content\/uploads\/2025\/12\/edu2-300x200.jpg 300w, https:\/\/albaniaheritage.com\/wp-content\/uploads\/2025\/12\/edu2-768x512.jpg 768w, https:\/\/albaniaheritage.com\/wp-content\/uploads\/2025\/12\/edu2-1536x1025.jpg 1536w, https:\/\/albaniaheritage.com\/wp-content\/uploads\/2025\/12\/edu2-18x12.jpg 18w, https:\/\/albaniaheritage.com\/wp-content\/uploads\/2025\/12\/edu2.jpg 2048w\" sizes=\"(max-width: 1024px) 100vw, 1024px\" \/>\t\t\t\t\t\t\t\t\t\t\t\t\t\t\t<\/div>\n\t\t\t\t<\/div>\n\t\t\t\t\t<\/div>\n\t\t\t\t<\/div>\n\t\t\t\t<\/div>","protected":false},"excerpt":{"rendered":"<p>Pyet\u00ebsor Kurrikulat e M\u00ebsuesit Konkurs Shkollor Fituesit Konkurs Shkollor P\u00ebrse \u00ebsht\u00eb e r\u00ebnd\u00ebsishme kjo faz\u00eb e projektit? Pasi projekti t\u00eb arrij\u00eb shp\u00ebrndarj\u00eb gjith\u00eb materialet burimore si historit\u00eb dhe produktet e krijuara tek m\u00ebsuesit e historis\u00eb, let\u00ebrsis\u00eb por dhe t\u00eb muzik\u00ebs, nj\u00eb konkurs me nx\u00ebn\u00ebsit e shkollave 9 vjecare dhe t\u00eb Mesme do t\u00eb thirret n\u00eb [&hellip;]<\/p>\n","protected":false},"author":1,"featured_media":0,"parent":1814,"menu_order":0,"comment_status":"closed","ping_status":"closed","template":"","meta":{"_acf_changed":false,"site-sidebar-layout":"no-sidebar","site-content-layout":"page-builder","ast-site-content-layout":"full-width-container","site-content-style":"default","site-sidebar-style":"default","ast-global-header-display":"","ast-banner-title-visibility":"","ast-main-header-display":"","ast-hfb-above-header-display":"","ast-hfb-below-header-display":"","ast-hfb-mobile-header-display":"","site-post-title":"disabled","ast-breadcrumbs-content":"","ast-featured-img":"disabled","footer-sml-layout":"","theme-transparent-header-meta":"","adv-header-id-meta":"","stick-header-meta":"","header-above-stick-meta":"","header-main-stick-meta":"","header-below-stick-meta":"","astra-migrate-meta-layouts":"set","ast-page-background-enabled":"default","ast-page-background-meta":{"desktop":{"background-color":"var(--ast-global-color-4)","background-image":"","background-repeat":"repeat","background-position":"center center","background-size":"auto","background-attachment":"scroll","background-type":"","background-media":"","overlay-type":"","overlay-color":"","overlay-opacity":"","overlay-gradient":""},"tablet":{"background-color":"","background-image":"","background-repeat":"repeat","background-position":"center center","background-size":"auto","background-attachment":"scroll","background-type":"","background-media":"","overlay-type":"","overlay-color":"","overlay-opacity":"","overlay-gradient":""},"mobile":{"background-color":"","background-image":"","background-repeat":"repeat","background-position":"center center","background-size":"auto","background-attachment":"scroll","background-type":"","background-media":"","overlay-type":"","overlay-color":"","overlay-opacity":"","overlay-gradient":""}},"ast-content-background-meta":{"desktop":{"background-color":"var(--ast-global-color-5)","background-image":"","background-repeat":"repeat","background-position":"center center","background-size":"auto","background-attachment":"scroll","background-type":"","background-media":"","overlay-type":"","overlay-color":"","overlay-opacity":"","overlay-gradient":""},"tablet":{"background-color":"var(--ast-global-color-5)","background-image":"","background-repeat":"repeat","background-position":"center center","background-size":"auto","background-attachment":"scroll","background-type":"","background-media":"","overlay-type":"","overlay-color":"","overlay-opacity":"","overlay-gradient":""},"mobile":{"background-color":"var(--ast-global-color-5)","background-image":"","background-repeat":"repeat","background-position":"center center","background-size":"auto","background-attachment":"scroll","background-type":"","background-media":"","overlay-type":"","overlay-color":"","overlay-opacity":"","overlay-gradient":""}},"footnotes":""},"class_list":["post-2156","page","type-page","status-publish","hentry"],"acf":[],"yoast_head":"<!-- This site is optimized with the Yoast SEO plugin v27.3 - https:\/\/yoast.com\/product\/yoast-seo-wordpress\/ -->\n<title>school-competition - Albania Heritage<\/title>\n<meta name=\"robots\" content=\"index, follow, max-snippet:-1, max-image-preview:large, max-video-preview:-1\" \/>\n<link rel=\"canonical\" href=\"https:\/\/albaniaheritage.com\/en\/education\/school-competition\/\" \/>\n<meta property=\"og:locale\" content=\"en_US\" \/>\n<meta property=\"og:type\" content=\"article\" \/>\n<meta property=\"og:title\" content=\"school-competition - Albania Heritage\" \/>\n<meta property=\"og:description\" content=\"Pyet\u00ebsor Kurrikulat e M\u00ebsuesit Konkurs Shkollor Fituesit Konkurs Shkollor P\u00ebrse \u00ebsht\u00eb e r\u00ebnd\u00ebsishme kjo faz\u00eb e projektit? Pasi projekti t\u00eb arrij\u00eb shp\u00ebrndarj\u00eb gjith\u00eb materialet burimore si historit\u00eb dhe produktet e krijuara tek m\u00ebsuesit e historis\u00eb, let\u00ebrsis\u00eb por dhe t\u00eb muzik\u00ebs, nj\u00eb konkurs me nx\u00ebn\u00ebsit e shkollave 9 vjecare dhe t\u00eb Mesme do t\u00eb thirret n\u00eb [&hellip;]\" \/>\n<meta property=\"og:url\" content=\"https:\/\/albaniaheritage.com\/en\/education\/school-competition\/\" \/>\n<meta property=\"og:site_name\" content=\"Albania Heritage\" \/>\n<meta property=\"article:publisher\" content=\"https:\/\/www.facebook.com\/dmoalbania\/\" \/>\n<meta property=\"article:modified_time\" content=\"2025-12-13T09:19:08+00:00\" \/>\n<meta property=\"og:image\" content=\"https:\/\/albaniaheritage.com\/wp-content\/uploads\/2025\/12\/edu2-1024x683.jpg\" \/>\n<meta name=\"twitter:card\" content=\"summary_large_image\" \/>\n<meta name=\"twitter:site\" content=\"@dmoalbania\" \/>\n<meta name=\"twitter:label1\" content=\"Est. reading time\" \/>\n\t<meta name=\"twitter:data1\" content=\"1 minute\" \/>\n<script type=\"application\/ld+json\" class=\"yoast-schema-graph\">{\"@context\":\"https:\\\/\\\/schema.org\",\"@graph\":[{\"@type\":\"WebPage\",\"@id\":\"https:\\\/\\\/albaniaheritage.com\\\/en\\\/education\\\/school-competition\\\/\",\"url\":\"https:\\\/\\\/albaniaheritage.com\\\/en\\\/education\\\/school-competition\\\/\",\"name\":\"school-competition - Albania Heritage\",\"isPartOf\":{\"@id\":\"https:\\\/\\\/albaniaheritage.com\\\/#website\"},\"primaryImageOfPage\":{\"@id\":\"https:\\\/\\\/albaniaheritage.com\\\/en\\\/education\\\/school-competition\\\/#primaryimage\"},\"image\":{\"@id\":\"https:\\\/\\\/albaniaheritage.com\\\/en\\\/education\\\/school-competition\\\/#primaryimage\"},\"thumbnailUrl\":\"https:\\\/\\\/albaniaheritage.com\\\/wp-content\\\/uploads\\\/2025\\\/12\\\/edu2-1024x683.jpg\",\"datePublished\":\"2025-07-12T10:54:26+00:00\",\"dateModified\":\"2025-12-13T09:19:08+00:00\",\"breadcrumb\":{\"@id\":\"https:\\\/\\\/albaniaheritage.com\\\/en\\\/education\\\/school-competition\\\/#breadcrumb\"},\"inLanguage\":\"en-US\",\"potentialAction\":[{\"@type\":\"ReadAction\",\"target\":[\"https:\\\/\\\/albaniaheritage.com\\\/en\\\/education\\\/school-competition\\\/\"]}]},{\"@type\":\"ImageObject\",\"inLanguage\":\"en-US\",\"@id\":\"https:\\\/\\\/albaniaheritage.com\\\/en\\\/education\\\/school-competition\\\/#primaryimage\",\"url\":\"https:\\\/\\\/albaniaheritage.com\\\/wp-content\\\/uploads\\\/2025\\\/12\\\/edu2-1024x683.jpg\",\"contentUrl\":\"https:\\\/\\\/albaniaheritage.com\\\/wp-content\\\/uploads\\\/2025\\\/12\\\/edu2-1024x683.jpg\"},{\"@type\":\"BreadcrumbList\",\"@id\":\"https:\\\/\\\/albaniaheritage.com\\\/en\\\/education\\\/school-competition\\\/#breadcrumb\",\"itemListElement\":[{\"@type\":\"ListItem\",\"position\":1,\"name\":\"Home\",\"item\":\"https:\\\/\\\/albaniaheritage.com\\\/\"},{\"@type\":\"ListItem\",\"position\":2,\"name\":\"Education\",\"item\":\"https:\\\/\\\/springgreen-sardine-861889.hostingersite.com\\\/en\\\/education\\\/\"},{\"@type\":\"ListItem\",\"position\":3,\"name\":\"school-competition\"}]},{\"@type\":\"WebSite\",\"@id\":\"https:\\\/\\\/albaniaheritage.com\\\/#website\",\"url\":\"https:\\\/\\\/albaniaheritage.com\\\/\",\"name\":\"Albania Heritage\",\"description\":\"\",\"publisher\":{\"@id\":\"https:\\\/\\\/albaniaheritage.com\\\/#organization\"},\"potentialAction\":[{\"@type\":\"SearchAction\",\"target\":{\"@type\":\"EntryPoint\",\"urlTemplate\":\"https:\\\/\\\/albaniaheritage.com\\\/?s={search_term_string}\"},\"query-input\":{\"@type\":\"PropertyValueSpecification\",\"valueRequired\":true,\"valueName\":\"search_term_string\"}}],\"inLanguage\":\"en-US\"},{\"@type\":\"Organization\",\"@id\":\"https:\\\/\\\/albaniaheritage.com\\\/#organization\",\"name\":\"Albania Heritage\",\"url\":\"https:\\\/\\\/albaniaheritage.com\\\/\",\"logo\":{\"@type\":\"ImageObject\",\"inLanguage\":\"en-US\",\"@id\":\"https:\\\/\\\/albaniaheritage.com\\\/#\\\/schema\\\/logo\\\/image\\\/\",\"url\":\"https:\\\/\\\/albaniaheritage.com\\\/wp-content\\\/uploads\\\/2025\\\/07\\\/logo-1-scaled.png\",\"contentUrl\":\"https:\\\/\\\/albaniaheritage.com\\\/wp-content\\\/uploads\\\/2025\\\/07\\\/logo-1-scaled.png\",\"width\":2560,\"height\":767,\"caption\":\"Albania Heritage\"},\"image\":{\"@id\":\"https:\\\/\\\/albaniaheritage.com\\\/#\\\/schema\\\/logo\\\/image\\\/\"},\"sameAs\":[\"https:\\\/\\\/www.facebook.com\\\/dmoalbania\\\/\",\"https:\\\/\\\/x.com\\\/dmoalbania\",\"https:\\\/\\\/www.youtube.com\\\/@DMO-ALBANIA\",\"https:\\\/\\\/www.linkedin.com\\\/company\\\/dmoalbania\\\/\",\"https:\\\/\\\/www.instagram.com\\\/dmoalbania\\\/\"]}]}<\/script>\n<!-- \/ Yoast SEO plugin. -->","yoast_head_json":{"title":"school-competition - Albania Heritage","robots":{"index":"index","follow":"follow","max-snippet":"max-snippet:-1","max-image-preview":"max-image-preview:large","max-video-preview":"max-video-preview:-1"},"canonical":"https:\/\/albaniaheritage.com\/en\/education\/school-competition\/","og_locale":"en_US","og_type":"article","og_title":"school-competition - Albania Heritage","og_description":"Pyet\u00ebsor Kurrikulat e M\u00ebsuesit Konkurs Shkollor Fituesit Konkurs Shkollor P\u00ebrse \u00ebsht\u00eb e r\u00ebnd\u00ebsishme kjo faz\u00eb e projektit? Pasi projekti t\u00eb arrij\u00eb shp\u00ebrndarj\u00eb gjith\u00eb materialet burimore si historit\u00eb dhe produktet e krijuara tek m\u00ebsuesit e historis\u00eb, let\u00ebrsis\u00eb por dhe t\u00eb muzik\u00ebs, nj\u00eb konkurs me nx\u00ebn\u00ebsit e shkollave 9 vjecare dhe t\u00eb Mesme do t\u00eb thirret n\u00eb [&hellip;]","og_url":"https:\/\/albaniaheritage.com\/en\/education\/school-competition\/","og_site_name":"Albania Heritage","article_publisher":"https:\/\/www.facebook.com\/dmoalbania\/","article_modified_time":"2025-12-13T09:19:08+00:00","og_image":[{"url":"https:\/\/albaniaheritage.com\/wp-content\/uploads\/2025\/12\/edu2-1024x683.jpg","type":"","width":"","height":""}],"twitter_card":"summary_large_image","twitter_site":"@dmoalbania","twitter_misc":{"Est. reading time":"1 minute"},"schema":{"@context":"https:\/\/schema.org","@graph":[{"@type":"WebPage","@id":"https:\/\/albaniaheritage.com\/en\/education\/school-competition\/","url":"https:\/\/albaniaheritage.com\/en\/education\/school-competition\/","name":"school-competition - Albania Heritage","isPartOf":{"@id":"https:\/\/albaniaheritage.com\/#website"},"primaryImageOfPage":{"@id":"https:\/\/albaniaheritage.com\/en\/education\/school-competition\/#primaryimage"},"image":{"@id":"https:\/\/albaniaheritage.com\/en\/education\/school-competition\/#primaryimage"},"thumbnailUrl":"https:\/\/albaniaheritage.com\/wp-content\/uploads\/2025\/12\/edu2-1024x683.jpg","datePublished":"2025-07-12T10:54:26+00:00","dateModified":"2025-12-13T09:19:08+00:00","breadcrumb":{"@id":"https:\/\/albaniaheritage.com\/en\/education\/school-competition\/#breadcrumb"},"inLanguage":"en-US","potentialAction":[{"@type":"ReadAction","target":["https:\/\/albaniaheritage.com\/en\/education\/school-competition\/"]}]},{"@type":"ImageObject","inLanguage":"en-US","@id":"https:\/\/albaniaheritage.com\/en\/education\/school-competition\/#primaryimage","url":"https:\/\/albaniaheritage.com\/wp-content\/uploads\/2025\/12\/edu2-1024x683.jpg","contentUrl":"https:\/\/albaniaheritage.com\/wp-content\/uploads\/2025\/12\/edu2-1024x683.jpg"},{"@type":"BreadcrumbList","@id":"https:\/\/albaniaheritage.com\/en\/education\/school-competition\/#breadcrumb","itemListElement":[{"@type":"ListItem","position":1,"name":"Home","item":"https:\/\/albaniaheritage.com\/"},{"@type":"ListItem","position":2,"name":"Education","item":"https:\/\/springgreen-sardine-861889.hostingersite.com\/en\/education\/"},{"@type":"ListItem","position":3,"name":"school-competition"}]},{"@type":"WebSite","@id":"https:\/\/albaniaheritage.com\/#website","url":"https:\/\/albaniaheritage.com\/","name":"Albania Heritage","description":"","publisher":{"@id":"https:\/\/albaniaheritage.com\/#organization"},"potentialAction":[{"@type":"SearchAction","target":{"@type":"EntryPoint","urlTemplate":"https:\/\/albaniaheritage.com\/?s={search_term_string}"},"query-input":{"@type":"PropertyValueSpecification","valueRequired":true,"valueName":"search_term_string"}}],"inLanguage":"en-US"},{"@type":"Organization","@id":"https:\/\/albaniaheritage.com\/#organization","name":"Albania Heritage","url":"https:\/\/albaniaheritage.com\/","logo":{"@type":"ImageObject","inLanguage":"en-US","@id":"https:\/\/albaniaheritage.com\/#\/schema\/logo\/image\/","url":"https:\/\/albaniaheritage.com\/wp-content\/uploads\/2025\/07\/logo-1-scaled.png","contentUrl":"https:\/\/albaniaheritage.com\/wp-content\/uploads\/2025\/07\/logo-1-scaled.png","width":2560,"height":767,"caption":"Albania Heritage"},"image":{"@id":"https:\/\/albaniaheritage.com\/#\/schema\/logo\/image\/"},"sameAs":["https:\/\/www.facebook.com\/dmoalbania\/","https:\/\/x.com\/dmoalbania","https:\/\/www.youtube.com\/@DMO-ALBANIA","https:\/\/www.linkedin.com\/company\/dmoalbania\/","https:\/\/www.instagram.com\/dmoalbania\/"]}]}},"_links":{"self":[{"href":"https:\/\/albaniaheritage.com\/en\/wp-json\/wp\/v2\/pages\/2156","targetHints":{"allow":["GET"]}}],"collection":[{"href":"https:\/\/albaniaheritage.com\/en\/wp-json\/wp\/v2\/pages"}],"about":[{"href":"https:\/\/albaniaheritage.com\/en\/wp-json\/wp\/v2\/types\/page"}],"author":[{"embeddable":true,"href":"https:\/\/albaniaheritage.com\/en\/wp-json\/wp\/v2\/users\/1"}],"replies":[{"embeddable":true,"href":"https:\/\/albaniaheritage.com\/en\/wp-json\/wp\/v2\/comments?post=2156"}],"version-history":[{"count":19,"href":"https:\/\/albaniaheritage.com\/en\/wp-json\/wp\/v2\/pages\/2156\/revisions"}],"predecessor-version":[{"id":4617,"href":"https:\/\/albaniaheritage.com\/en\/wp-json\/wp\/v2\/pages\/2156\/revisions\/4617"}],"up":[{"embeddable":true,"href":"https:\/\/albaniaheritage.com\/en\/wp-json\/wp\/v2\/pages\/1814"}],"wp:attachment":[{"href":"https:\/\/albaniaheritage.com\/en\/wp-json\/wp\/v2\/media?parent=2156"}],"curies":[{"name":"wp","href":"https:\/\/api.w.org\/{rel}","templated":true}]}}