{"id":2144,"date":"2025-07-12T10:50:54","date_gmt":"2025-07-12T10:50:54","guid":{"rendered":"https:\/\/springgreen-sardine-861889.hostingersite.com\/?page_id=2144"},"modified":"2025-12-13T09:14:42","modified_gmt":"2025-12-13T09:14:42","slug":"teacher-curricula","status":"publish","type":"page","link":"https:\/\/albaniaheritage.com\/en\/education\/teacher-curricula\/","title":{"rendered":"teacher-curricula"},"content":{"rendered":"<div data-elementor-type=\"wp-page\" data-elementor-id=\"2144\" class=\"elementor elementor-2144\">\n\t\t\t\t<div class=\"elementor-element elementor-element-6a478632 e-con-full e-flex e-con e-parent\" data-id=\"6a478632\" data-element_type=\"container\" data-e-type=\"container\" data-settings=\"{&quot;background_background&quot;:&quot;classic&quot;}\">\n\t\t\t\t<div class=\"elementor-element elementor-element-2e367ba4 elementor-widget elementor-widget-text-editor\" data-id=\"2e367ba4\" data-element_type=\"widget\" data-e-type=\"widget\" data-widget_type=\"text-editor.default\">\n\t\t\t\t<div class=\"elementor-widget-container\">\n\t\t\t\t\t\t\t\t\t<p><a href=\"\/en\/education\/\">Questionnaire<\/a><\/p>\t\t\t\t\t\t\t\t<\/div>\n\t\t\t\t<\/div>\n\t\t\t\t<div class=\"elementor-element elementor-element-70d748a1 elementor-widget elementor-widget-text-editor\" data-id=\"70d748a1\" data-element_type=\"widget\" data-e-type=\"widget\" data-widget_type=\"text-editor.default\">\n\t\t\t\t<div class=\"elementor-widget-container\">\n\t\t\t\t\t\t\t\t\t<p><a href=\"\/en\/teacher-curricula\/\"><span style=\"text-decoration: underline;\">Teacher Curricula<\/span><\/a><\/p>\t\t\t\t\t\t\t\t<\/div>\n\t\t\t\t<\/div>\n\t\t\t\t<div class=\"elementor-element elementor-element-46106bcc elementor-widget elementor-widget-text-editor\" data-id=\"46106bcc\" data-element_type=\"widget\" data-e-type=\"widget\" data-widget_type=\"text-editor.default\">\n\t\t\t\t<div class=\"elementor-widget-container\">\n\t\t\t\t\t\t\t\t\t<p><a href=\"\/en\/school-competition\/\">School Competition<\/a><\/p>\t\t\t\t\t\t\t\t<\/div>\n\t\t\t\t<\/div>\n\t\t\t\t<div class=\"elementor-element elementor-element-2009ef elementor-widget elementor-widget-text-editor\" data-id=\"2009ef\" data-element_type=\"widget\" data-e-type=\"widget\" data-widget_type=\"text-editor.default\">\n\t\t\t\t<div class=\"elementor-widget-container\">\n\t\t\t\t\t\t\t\t\t<p><a href=\"\/en\/winners\/\">Winners<\/a><\/p>\t\t\t\t\t\t\t\t<\/div>\n\t\t\t\t<\/div>\n\t\t\t\t<\/div>\n\t\t<div class=\"elementor-element elementor-element-8c7f98e e-flex e-con-boxed e-con e-parent\" data-id=\"8c7f98e\" data-element_type=\"container\" data-e-type=\"container\">\n\t\t\t\t\t<div class=\"e-con-inner\">\n\t\t\t\t<div class=\"elementor-element elementor-element-67678d8 elementor-widget elementor-widget-heading\" data-id=\"67678d8\" data-element_type=\"widget\" data-e-type=\"widget\" data-widget_type=\"heading.default\">\n\t\t\t\t<div class=\"elementor-widget-container\">\n\t\t\t\t\t<h3 class=\"elementor-heading-title elementor-size-default\">Teacher's Curricula<\/h3>\t\t\t\t<\/div>\n\t\t\t\t<\/div>\n\t\t\t\t\t<\/div>\n\t\t\t\t<\/div>\n\t\t<div class=\"elementor-element elementor-element-fc164e8 e-flex e-con-boxed e-con e-parent\" data-id=\"fc164e8\" data-element_type=\"container\" data-e-type=\"container\">\n\t\t\t\t\t<div class=\"e-con-inner\">\n\t\t\t\t<div class=\"elementor-element elementor-element-68ebeed elementor-widget elementor-widget-image\" data-id=\"68ebeed\" data-element_type=\"widget\" data-e-type=\"widget\" data-widget_type=\"image.default\">\n\t\t\t\t<div class=\"elementor-widget-container\">\n\t\t\t\t\t\t\t\t\t\t\t\t\t\t\t<img fetchpriority=\"high\" decoding=\"async\" width=\"768\" height=\"512\" src=\"https:\/\/albaniaheritage.com\/wp-content\/uploads\/2025\/12\/edu1-768x512.jpg\" class=\"attachment-medium_large size-medium_large wp-image-4610\" alt=\"Kurrikulat e mesuesit - Albania Heritage\" srcset=\"https:\/\/albaniaheritage.com\/wp-content\/uploads\/2025\/12\/edu1-768x512.jpg 768w, https:\/\/albaniaheritage.com\/wp-content\/uploads\/2025\/12\/edu1-300x200.jpg 300w, https:\/\/albaniaheritage.com\/wp-content\/uploads\/2025\/12\/edu1-1024x683.jpg 1024w, https:\/\/albaniaheritage.com\/wp-content\/uploads\/2025\/12\/edu1-18x12.jpg 18w, https:\/\/albaniaheritage.com\/wp-content\/uploads\/2025\/12\/edu1.jpg 1429w\" sizes=\"(max-width: 768px) 100vw, 768px\" \/>\t\t\t\t\t\t\t\t\t\t\t\t\t\t\t<\/div>\n\t\t\t\t<\/div>\n\t\t\t\t<div class=\"elementor-element elementor-element-beab59c elementor-widget__width-initial elementor-widget elementor-widget-text-editor\" data-id=\"beab59c\" data-element_type=\"widget\" data-e-type=\"widget\" data-widget_type=\"text-editor.default\">\n\t\t\t\t<div class=\"elementor-widget-container\">\n\t\t\t\t\t\t\t\t\t<p class=\"MsoNormal\">In its second phase, the project has planned to develop a forum with Literature and History teachers across the country to share these stories of our heritage. All 40 stories will be made available to educators, both as a printed publication and on an online platform that will be free to use for all Albanians\u2014not only in Albania, but also in the diaspora.<\/p><p class=\"MsoNormal\">In addition to the source materials, teachers will also have access to the project\u2019s full creative output\u2014the artistic products inspired by the 40 stories. These products, such as animated videos and films, will need to be shared during extracurricular hours, music classes, or during various artistic performances included in school programs.<\/p>\t\t\t\t\t\t\t\t<\/div>\n\t\t\t\t<\/div>\n\t\t\t\t\t<\/div>\n\t\t\t\t<\/div>\n\t\t\t\t<\/div>","protected":false},"excerpt":{"rendered":"<p>Pyet\u00ebsor Kurrikulat e M\u00ebsuesit Konkurs Shkollor Fituesit Kurikulat e M\u00ebsuesit Projekti n\u00eb faz\u00ebn e dyt\u00eb ka planifikuar t\u00eb zhvilloj\u00eb nj\u00eb forum me m\u00ebsuesit e Let\u00ebrsis\u00eb dhe t\u00eb Historis\u00eb, n\u00eb mbar\u00eb vendin p\u00ebr t\u2019i shp\u00ebrndar\u00eb k\u00ebto histori t\u00eb trash\u00ebgimis\u00eb son\u00eb. T\u00eb 40 historit\u00eb do vihen n\u00eb dispozicion t\u00eb m\u00ebsimdh\u00ebn\u00ebsve, si botimi fizik ashtu edhe platforma online [&hellip;]<\/p>\n","protected":false},"author":1,"featured_media":0,"parent":1814,"menu_order":0,"comment_status":"closed","ping_status":"closed","template":"","meta":{"_acf_changed":false,"site-sidebar-layout":"no-sidebar","site-content-layout":"page-builder","ast-site-content-layout":"full-width-container","site-content-style":"default","site-sidebar-style":"default","ast-global-header-display":"","ast-banner-title-visibility":"","ast-main-header-display":"","ast-hfb-above-header-display":"","ast-hfb-below-header-display":"","ast-hfb-mobile-header-display":"","site-post-title":"disabled","ast-breadcrumbs-content":"","ast-featured-img":"disabled","footer-sml-layout":"","theme-transparent-header-meta":"","adv-header-id-meta":"","stick-header-meta":"","header-above-stick-meta":"","header-main-stick-meta":"","header-below-stick-meta":"","astra-migrate-meta-layouts":"set","ast-page-background-enabled":"default","ast-page-background-meta":{"desktop":{"background-color":"var(--ast-global-color-4)","background-image":"","background-repeat":"repeat","background-position":"center center","background-size":"auto","background-attachment":"scroll","background-type":"","background-media":"","overlay-type":"","overlay-color":"","overlay-opacity":"","overlay-gradient":""},"tablet":{"background-color":"","background-image":"","background-repeat":"repeat","background-position":"center center","background-size":"auto","background-attachment":"scroll","background-type":"","background-media":"","overlay-type":"","overlay-color":"","overlay-opacity":"","overlay-gradient":""},"mobile":{"background-color":"","background-image":"","background-repeat":"repeat","background-position":"center center","background-size":"auto","background-attachment":"scroll","background-type":"","background-media":"","overlay-type":"","overlay-color":"","overlay-opacity":"","overlay-gradient":""}},"ast-content-background-meta":{"desktop":{"background-color":"var(--ast-global-color-5)","background-image":"","background-repeat":"repeat","background-position":"center center","background-size":"auto","background-attachment":"scroll","background-type":"","background-media":"","overlay-type":"","overlay-color":"","overlay-opacity":"","overlay-gradient":""},"tablet":{"background-color":"var(--ast-global-color-5)","background-image":"","background-repeat":"repeat","background-position":"center center","background-size":"auto","background-attachment":"scroll","background-type":"","background-media":"","overlay-type":"","overlay-color":"","overlay-opacity":"","overlay-gradient":""},"mobile":{"background-color":"var(--ast-global-color-5)","background-image":"","background-repeat":"repeat","background-position":"center center","background-size":"auto","background-attachment":"scroll","background-type":"","background-media":"","overlay-type":"","overlay-color":"","overlay-opacity":"","overlay-gradient":""}},"footnotes":""},"class_list":["post-2144","page","type-page","status-publish","hentry"],"acf":[],"yoast_head":"<!-- This site is optimized with the Yoast SEO plugin v27.3 - https:\/\/yoast.com\/product\/yoast-seo-wordpress\/ -->\n<title>teacher-curricula - Albania Heritage<\/title>\n<meta name=\"robots\" content=\"index, follow, max-snippet:-1, max-image-preview:large, max-video-preview:-1\" \/>\n<link rel=\"canonical\" href=\"https:\/\/albaniaheritage.com\/en\/education\/teacher-curricula\/\" \/>\n<meta property=\"og:locale\" content=\"en_US\" \/>\n<meta property=\"og:type\" content=\"article\" \/>\n<meta property=\"og:title\" content=\"teacher-curricula - Albania Heritage\" \/>\n<meta property=\"og:description\" content=\"Pyet\u00ebsor Kurrikulat e M\u00ebsuesit Konkurs Shkollor Fituesit Kurikulat e M\u00ebsuesit Projekti n\u00eb faz\u00ebn e dyt\u00eb ka planifikuar t\u00eb zhvilloj\u00eb nj\u00eb forum me m\u00ebsuesit e Let\u00ebrsis\u00eb dhe t\u00eb Historis\u00eb, n\u00eb mbar\u00eb vendin p\u00ebr t\u2019i shp\u00ebrndar\u00eb k\u00ebto histori t\u00eb trash\u00ebgimis\u00eb son\u00eb. T\u00eb 40 historit\u00eb do vihen n\u00eb dispozicion t\u00eb m\u00ebsimdh\u00ebn\u00ebsve, si botimi fizik ashtu edhe platforma online [&hellip;]\" \/>\n<meta property=\"og:url\" content=\"https:\/\/albaniaheritage.com\/en\/education\/teacher-curricula\/\" \/>\n<meta property=\"og:site_name\" content=\"Albania Heritage\" \/>\n<meta property=\"article:publisher\" content=\"https:\/\/www.facebook.com\/dmoalbania\/\" \/>\n<meta property=\"article:modified_time\" content=\"2025-12-13T09:14:42+00:00\" \/>\n<meta property=\"og:image\" content=\"https:\/\/albaniaheritage.com\/wp-content\/uploads\/2025\/12\/edu1-768x512.jpg\" \/>\n<meta name=\"twitter:card\" content=\"summary_large_image\" \/>\n<meta name=\"twitter:site\" content=\"@dmoalbania\" \/>\n<meta name=\"twitter:label1\" content=\"Est. reading time\" \/>\n\t<meta name=\"twitter:data1\" content=\"1 minute\" \/>\n<script type=\"application\/ld+json\" class=\"yoast-schema-graph\">{\"@context\":\"https:\\\/\\\/schema.org\",\"@graph\":[{\"@type\":\"WebPage\",\"@id\":\"https:\\\/\\\/albaniaheritage.com\\\/en\\\/education\\\/teacher-curricula\\\/\",\"url\":\"https:\\\/\\\/albaniaheritage.com\\\/en\\\/education\\\/teacher-curricula\\\/\",\"name\":\"teacher-curricula - Albania Heritage\",\"isPartOf\":{\"@id\":\"https:\\\/\\\/albaniaheritage.com\\\/#website\"},\"primaryImageOfPage\":{\"@id\":\"https:\\\/\\\/albaniaheritage.com\\\/en\\\/education\\\/teacher-curricula\\\/#primaryimage\"},\"image\":{\"@id\":\"https:\\\/\\\/albaniaheritage.com\\\/en\\\/education\\\/teacher-curricula\\\/#primaryimage\"},\"thumbnailUrl\":\"https:\\\/\\\/albaniaheritage.com\\\/wp-content\\\/uploads\\\/2025\\\/12\\\/edu1-768x512.jpg\",\"datePublished\":\"2025-07-12T10:50:54+00:00\",\"dateModified\":\"2025-12-13T09:14:42+00:00\",\"breadcrumb\":{\"@id\":\"https:\\\/\\\/albaniaheritage.com\\\/en\\\/education\\\/teacher-curricula\\\/#breadcrumb\"},\"inLanguage\":\"en-US\",\"potentialAction\":[{\"@type\":\"ReadAction\",\"target\":[\"https:\\\/\\\/albaniaheritage.com\\\/en\\\/education\\\/teacher-curricula\\\/\"]}]},{\"@type\":\"ImageObject\",\"inLanguage\":\"en-US\",\"@id\":\"https:\\\/\\\/albaniaheritage.com\\\/en\\\/education\\\/teacher-curricula\\\/#primaryimage\",\"url\":\"https:\\\/\\\/albaniaheritage.com\\\/wp-content\\\/uploads\\\/2025\\\/12\\\/edu1-768x512.jpg\",\"contentUrl\":\"https:\\\/\\\/albaniaheritage.com\\\/wp-content\\\/uploads\\\/2025\\\/12\\\/edu1-768x512.jpg\"},{\"@type\":\"BreadcrumbList\",\"@id\":\"https:\\\/\\\/albaniaheritage.com\\\/en\\\/education\\\/teacher-curricula\\\/#breadcrumb\",\"itemListElement\":[{\"@type\":\"ListItem\",\"position\":1,\"name\":\"Home\",\"item\":\"https:\\\/\\\/albaniaheritage.com\\\/\"},{\"@type\":\"ListItem\",\"position\":2,\"name\":\"Education\",\"item\":\"https:\\\/\\\/springgreen-sardine-861889.hostingersite.com\\\/en\\\/education\\\/\"},{\"@type\":\"ListItem\",\"position\":3,\"name\":\"teacher-curricula\"}]},{\"@type\":\"WebSite\",\"@id\":\"https:\\\/\\\/albaniaheritage.com\\\/#website\",\"url\":\"https:\\\/\\\/albaniaheritage.com\\\/\",\"name\":\"Albania Heritage\",\"description\":\"\",\"publisher\":{\"@id\":\"https:\\\/\\\/albaniaheritage.com\\\/#organization\"},\"potentialAction\":[{\"@type\":\"SearchAction\",\"target\":{\"@type\":\"EntryPoint\",\"urlTemplate\":\"https:\\\/\\\/albaniaheritage.com\\\/?s={search_term_string}\"},\"query-input\":{\"@type\":\"PropertyValueSpecification\",\"valueRequired\":true,\"valueName\":\"search_term_string\"}}],\"inLanguage\":\"en-US\"},{\"@type\":\"Organization\",\"@id\":\"https:\\\/\\\/albaniaheritage.com\\\/#organization\",\"name\":\"Albania Heritage\",\"url\":\"https:\\\/\\\/albaniaheritage.com\\\/\",\"logo\":{\"@type\":\"ImageObject\",\"inLanguage\":\"en-US\",\"@id\":\"https:\\\/\\\/albaniaheritage.com\\\/#\\\/schema\\\/logo\\\/image\\\/\",\"url\":\"https:\\\/\\\/albaniaheritage.com\\\/wp-content\\\/uploads\\\/2025\\\/07\\\/logo-1-scaled.png\",\"contentUrl\":\"https:\\\/\\\/albaniaheritage.com\\\/wp-content\\\/uploads\\\/2025\\\/07\\\/logo-1-scaled.png\",\"width\":2560,\"height\":767,\"caption\":\"Albania Heritage\"},\"image\":{\"@id\":\"https:\\\/\\\/albaniaheritage.com\\\/#\\\/schema\\\/logo\\\/image\\\/\"},\"sameAs\":[\"https:\\\/\\\/www.facebook.com\\\/dmoalbania\\\/\",\"https:\\\/\\\/x.com\\\/dmoalbania\",\"https:\\\/\\\/www.youtube.com\\\/@DMO-ALBANIA\",\"https:\\\/\\\/www.linkedin.com\\\/company\\\/dmoalbania\\\/\",\"https:\\\/\\\/www.instagram.com\\\/dmoalbania\\\/\"]}]}<\/script>\n<!-- \/ Yoast SEO plugin. -->","yoast_head_json":{"title":"teacher-curricula - Albania Heritage","robots":{"index":"index","follow":"follow","max-snippet":"max-snippet:-1","max-image-preview":"max-image-preview:large","max-video-preview":"max-video-preview:-1"},"canonical":"https:\/\/albaniaheritage.com\/en\/education\/teacher-curricula\/","og_locale":"en_US","og_type":"article","og_title":"teacher-curricula - Albania Heritage","og_description":"Pyet\u00ebsor Kurrikulat e M\u00ebsuesit Konkurs Shkollor Fituesit Kurikulat e M\u00ebsuesit Projekti n\u00eb faz\u00ebn e dyt\u00eb ka planifikuar t\u00eb zhvilloj\u00eb nj\u00eb forum me m\u00ebsuesit e Let\u00ebrsis\u00eb dhe t\u00eb Historis\u00eb, n\u00eb mbar\u00eb vendin p\u00ebr t\u2019i shp\u00ebrndar\u00eb k\u00ebto histori t\u00eb trash\u00ebgimis\u00eb son\u00eb. T\u00eb 40 historit\u00eb do vihen n\u00eb dispozicion t\u00eb m\u00ebsimdh\u00ebn\u00ebsve, si botimi fizik ashtu edhe platforma online [&hellip;]","og_url":"https:\/\/albaniaheritage.com\/en\/education\/teacher-curricula\/","og_site_name":"Albania Heritage","article_publisher":"https:\/\/www.facebook.com\/dmoalbania\/","article_modified_time":"2025-12-13T09:14:42+00:00","og_image":[{"url":"https:\/\/albaniaheritage.com\/wp-content\/uploads\/2025\/12\/edu1-768x512.jpg","type":"","width":"","height":""}],"twitter_card":"summary_large_image","twitter_site":"@dmoalbania","twitter_misc":{"Est. reading time":"1 minute"},"schema":{"@context":"https:\/\/schema.org","@graph":[{"@type":"WebPage","@id":"https:\/\/albaniaheritage.com\/en\/education\/teacher-curricula\/","url":"https:\/\/albaniaheritage.com\/en\/education\/teacher-curricula\/","name":"teacher-curricula - Albania Heritage","isPartOf":{"@id":"https:\/\/albaniaheritage.com\/#website"},"primaryImageOfPage":{"@id":"https:\/\/albaniaheritage.com\/en\/education\/teacher-curricula\/#primaryimage"},"image":{"@id":"https:\/\/albaniaheritage.com\/en\/education\/teacher-curricula\/#primaryimage"},"thumbnailUrl":"https:\/\/albaniaheritage.com\/wp-content\/uploads\/2025\/12\/edu1-768x512.jpg","datePublished":"2025-07-12T10:50:54+00:00","dateModified":"2025-12-13T09:14:42+00:00","breadcrumb":{"@id":"https:\/\/albaniaheritage.com\/en\/education\/teacher-curricula\/#breadcrumb"},"inLanguage":"en-US","potentialAction":[{"@type":"ReadAction","target":["https:\/\/albaniaheritage.com\/en\/education\/teacher-curricula\/"]}]},{"@type":"ImageObject","inLanguage":"en-US","@id":"https:\/\/albaniaheritage.com\/en\/education\/teacher-curricula\/#primaryimage","url":"https:\/\/albaniaheritage.com\/wp-content\/uploads\/2025\/12\/edu1-768x512.jpg","contentUrl":"https:\/\/albaniaheritage.com\/wp-content\/uploads\/2025\/12\/edu1-768x512.jpg"},{"@type":"BreadcrumbList","@id":"https:\/\/albaniaheritage.com\/en\/education\/teacher-curricula\/#breadcrumb","itemListElement":[{"@type":"ListItem","position":1,"name":"Home","item":"https:\/\/albaniaheritage.com\/"},{"@type":"ListItem","position":2,"name":"Education","item":"https:\/\/springgreen-sardine-861889.hostingersite.com\/en\/education\/"},{"@type":"ListItem","position":3,"name":"teacher-curricula"}]},{"@type":"WebSite","@id":"https:\/\/albaniaheritage.com\/#website","url":"https:\/\/albaniaheritage.com\/","name":"Albania Heritage","description":"","publisher":{"@id":"https:\/\/albaniaheritage.com\/#organization"},"potentialAction":[{"@type":"SearchAction","target":{"@type":"EntryPoint","urlTemplate":"https:\/\/albaniaheritage.com\/?s={search_term_string}"},"query-input":{"@type":"PropertyValueSpecification","valueRequired":true,"valueName":"search_term_string"}}],"inLanguage":"en-US"},{"@type":"Organization","@id":"https:\/\/albaniaheritage.com\/#organization","name":"Albania Heritage","url":"https:\/\/albaniaheritage.com\/","logo":{"@type":"ImageObject","inLanguage":"en-US","@id":"https:\/\/albaniaheritage.com\/#\/schema\/logo\/image\/","url":"https:\/\/albaniaheritage.com\/wp-content\/uploads\/2025\/07\/logo-1-scaled.png","contentUrl":"https:\/\/albaniaheritage.com\/wp-content\/uploads\/2025\/07\/logo-1-scaled.png","width":2560,"height":767,"caption":"Albania Heritage"},"image":{"@id":"https:\/\/albaniaheritage.com\/#\/schema\/logo\/image\/"},"sameAs":["https:\/\/www.facebook.com\/dmoalbania\/","https:\/\/x.com\/dmoalbania","https:\/\/www.youtube.com\/@DMO-ALBANIA","https:\/\/www.linkedin.com\/company\/dmoalbania\/","https:\/\/www.instagram.com\/dmoalbania\/"]}]}},"_links":{"self":[{"href":"https:\/\/albaniaheritage.com\/en\/wp-json\/wp\/v2\/pages\/2144","targetHints":{"allow":["GET"]}}],"collection":[{"href":"https:\/\/albaniaheritage.com\/en\/wp-json\/wp\/v2\/pages"}],"about":[{"href":"https:\/\/albaniaheritage.com\/en\/wp-json\/wp\/v2\/types\/page"}],"author":[{"embeddable":true,"href":"https:\/\/albaniaheritage.com\/en\/wp-json\/wp\/v2\/users\/1"}],"replies":[{"embeddable":true,"href":"https:\/\/albaniaheritage.com\/en\/wp-json\/wp\/v2\/comments?post=2144"}],"version-history":[{"count":22,"href":"https:\/\/albaniaheritage.com\/en\/wp-json\/wp\/v2\/pages\/2144\/revisions"}],"predecessor-version":[{"id":4613,"href":"https:\/\/albaniaheritage.com\/en\/wp-json\/wp\/v2\/pages\/2144\/revisions\/4613"}],"up":[{"embeddable":true,"href":"https:\/\/albaniaheritage.com\/en\/wp-json\/wp\/v2\/pages\/1814"}],"wp:attachment":[{"href":"https:\/\/albaniaheritage.com\/en\/wp-json\/wp\/v2\/media?parent=2144"}],"curies":[{"name":"wp","href":"https:\/\/api.w.org\/{rel}","templated":true}]}}