{"id":1883,"date":"2025-07-11T17:39:16","date_gmt":"2025-07-11T17:39:16","guid":{"rendered":"https:\/\/springgreen-sardine-861889.hostingersite.com\/?page_id=1883"},"modified":"2026-03-30T10:43:44","modified_gmt":"2026-03-30T10:43:44","slug":"partners","status":"publish","type":"page","link":"https:\/\/albaniaheritage.com\/en\/the-project\/partners\/","title":{"rendered":"partners"},"content":{"rendered":"<div data-elementor-type=\"wp-page\" data-elementor-id=\"1883\" class=\"elementor elementor-1883\">\n\t\t\t\t<div class=\"elementor-element elementor-element-78252ea1 e-con-full e-flex e-con e-parent\" data-id=\"78252ea1\" data-element_type=\"container\" data-e-type=\"container\" data-settings=\"{&quot;background_background&quot;:&quot;classic&quot;}\">\n\t\t\t\t<div class=\"elementor-element elementor-element-7126b100 elementor-widget elementor-widget-text-editor\" data-id=\"7126b100\" data-element_type=\"widget\" data-e-type=\"widget\" data-widget_type=\"text-editor.default\">\n\t\t\t\t<div class=\"elementor-widget-container\">\n\t\t\t\t\t\t\t\t\t<p><a href=\"\/en\/the-project\/\">Background<\/a><\/p>\t\t\t\t\t\t\t\t<\/div>\n\t\t\t\t<\/div>\n\t\t\t\t<div class=\"elementor-element elementor-element-dad842f elementor-widget elementor-widget-text-editor\" data-id=\"dad842f\" data-element_type=\"widget\" data-e-type=\"widget\" data-widget_type=\"text-editor.default\">\n\t\t\t\t<div class=\"elementor-widget-container\">\n\t\t\t\t\t\t\t\t\t<p><span style=\"text-decoration: underline;\">Partners<\/span><\/p>\t\t\t\t\t\t\t\t<\/div>\n\t\t\t\t<\/div>\n\t\t\t\t<div class=\"elementor-element elementor-element-1993c679 elementor-widget elementor-widget-text-editor\" data-id=\"1993c679\" data-element_type=\"widget\" data-e-type=\"widget\" data-widget_type=\"text-editor.default\">\n\t\t\t\t<div class=\"elementor-widget-container\">\n\t\t\t\t\t\t\t\t\t<p><a href=\"\/en\/team\/\">Project Team<\/a><\/p>\t\t\t\t\t\t\t\t<\/div>\n\t\t\t\t<\/div>\n\t\t\t\t<div class=\"elementor-element elementor-element-71d284e4 elementor-widget elementor-widget-text-editor\" data-id=\"71d284e4\" data-element_type=\"widget\" data-e-type=\"widget\" data-widget_type=\"text-editor.default\">\n\t\t\t\t<div class=\"elementor-widget-container\">\n\t\t\t\t\t\t\t\t\t<p><a href=\"\/en\/donor\/\">Donor<\/a><\/p>\t\t\t\t\t\t\t\t<\/div>\n\t\t\t\t<\/div>\n\t\t\t\t<\/div>\n\t\t\t\t<section class=\"elementor-section elementor-top-section elementor-element elementor-element-2y80dty elementor-section-content-middle elementor-section-boxed elementor-section-height-default elementor-section-height-default\" data-id=\"2y80dty\" data-element_type=\"section\" data-e-type=\"section\" data-settings=\"{&quot;background_background&quot;:&quot;classic&quot;}\">\n\t\t\t\t\t\t<div class=\"elementor-container elementor-column-gap-no\">\n\t\t\t\t\t<div class=\"elementor-column elementor-col-100 elementor-top-column elementor-element elementor-element-7609d36\" data-id=\"7609d36\" data-element_type=\"column\" data-e-type=\"column\">\n\t\t\t<div class=\"elementor-widget-wrap elementor-element-populated\">\n\t\t\t\t\t\t<div class=\"elementor-element elementor-element-667d681 elementor-widget elementor-widget-heading\" data-id=\"667d681\" data-element_type=\"widget\" data-e-type=\"widget\" data-widget_type=\"heading.default\">\n\t\t\t\t<div class=\"elementor-widget-container\">\n\t\t\t\t\t<h3 class=\"elementor-heading-title elementor-size-default\">Our partners<\/h3>\t\t\t\t<\/div>\n\t\t\t\t<\/div>\n\t\t\t\t<div class=\"elementor-element elementor-element-9d2177b elementor-widget elementor-widget-text-editor\" data-id=\"9d2177b\" data-element_type=\"widget\" data-e-type=\"widget\" data-widget_type=\"text-editor.default\">\n\t\t\t\t<div class=\"elementor-widget-container\">\n\t\t\t\t\t\t\t\t\t<p>DMO Albania is the Lead Organization for this project, in partnership with the EU Policy Hub for its implementation.<br \/>We are collaborating with the Ministry of Economy, Culture and Innovation, the Academy of Sciences, and the Ministry of Education and Sports.<br \/>Additionally, we are working with municipalities across Albania, especially in areas close to the EU. With their support, we distributed a questionnaire during the initial phase of the project and will continue to gather information throughout the entire grant application process.<\/p>\t\t\t\t\t\t\t\t<\/div>\n\t\t\t\t<\/div>\n\t\t<div class=\"elementor-element elementor-element-2896b21 e-flex e-con-boxed e-con e-parent\" data-id=\"2896b21\" data-element_type=\"container\" data-e-type=\"container\">\n\t\t\t\t\t<div class=\"e-con-inner\">\n\t\t<div class=\"elementor-element elementor-element-75a776d e-grid e-con-full e-con e-child\" data-id=\"75a776d\" data-element_type=\"container\" data-e-type=\"container\">\n\t\t\t\t<div class=\"elementor-element elementor-element-2da9f00 elementor-widget elementor-widget-image\" data-id=\"2da9f00\" data-element_type=\"widget\" data-e-type=\"widget\" data-widget_type=\"image.default\">\n\t\t\t\t<div class=\"elementor-widget-container\">\n\t\t\t\t\t\t\t\t\t\t\t\t\t\t\t<img fetchpriority=\"high\" decoding=\"async\" width=\"1024\" height=\"435\" src=\"https:\/\/albaniaheritage.com\/wp-content\/uploads\/2026\/03\/mtks-logo-black-scaled-1-1024x435.png\" class=\"attachment-large size-large wp-image-4859\" alt=\"\" srcset=\"https:\/\/albaniaheritage.com\/wp-content\/uploads\/2026\/03\/mtks-logo-black-scaled-1-1024x435.png 1024w, https:\/\/albaniaheritage.com\/wp-content\/uploads\/2026\/03\/mtks-logo-black-scaled-1-300x127.png 300w, https:\/\/albaniaheritage.com\/wp-content\/uploads\/2026\/03\/mtks-logo-black-scaled-1-768x326.png 768w, https:\/\/albaniaheritage.com\/wp-content\/uploads\/2026\/03\/mtks-logo-black-scaled-1-1536x652.png 1536w, https:\/\/albaniaheritage.com\/wp-content\/uploads\/2026\/03\/mtks-logo-black-scaled-1-2048x870.png 2048w, https:\/\/albaniaheritage.com\/wp-content\/uploads\/2026\/03\/mtks-logo-black-scaled-1-18x8.png 18w\" sizes=\"(max-width: 1024px) 100vw, 1024px\" \/>\t\t\t\t\t\t\t\t\t\t\t\t\t\t\t<\/div>\n\t\t\t\t<\/div>\n\t\t\t\t<div class=\"elementor-element elementor-element-9dc10e0 elementor-widget elementor-widget-image\" data-id=\"9dc10e0\" data-element_type=\"widget\" data-e-type=\"widget\" data-widget_type=\"image.default\">\n\t\t\t\t<div class=\"elementor-widget-container\">\n\t\t\t\t\t\t\t\t\t\t\t\t\t\t\t<img decoding=\"async\" width=\"220\" height=\"229\" src=\"https:\/\/albaniaheritage.com\/wp-content\/uploads\/2025\/08\/Partner12.jpg\" class=\"attachment-large size-large wp-image-3357\" alt=\"\" srcset=\"https:\/\/albaniaheritage.com\/wp-content\/uploads\/2025\/08\/Partner12.jpg 220w, https:\/\/albaniaheritage.com\/wp-content\/uploads\/2025\/08\/Partner12-12x12.jpg 12w\" sizes=\"(max-width: 220px) 100vw, 220px\" \/>\t\t\t\t\t\t\t\t\t\t\t\t\t\t\t<\/div>\n\t\t\t\t<\/div>\n\t\t\t\t<div class=\"elementor-element elementor-element-9103473 elementor-widget elementor-widget-image\" data-id=\"9103473\" data-element_type=\"widget\" data-e-type=\"widget\" data-widget_type=\"image.default\">\n\t\t\t\t<div class=\"elementor-widget-container\">\n\t\t\t\t\t\t\t\t\t\t\t\t\t\t\t<img decoding=\"async\" width=\"1024\" height=\"564\" src=\"https:\/\/albaniaheritage.com\/wp-content\/uploads\/2026\/03\/cropped-logo-mas-1024x564.jpeg\" class=\"attachment-large size-large wp-image-4860\" alt=\"\" srcset=\"https:\/\/albaniaheritage.com\/wp-content\/uploads\/2026\/03\/cropped-logo-mas-1024x564.jpeg 1024w, https:\/\/albaniaheritage.com\/wp-content\/uploads\/2026\/03\/cropped-logo-mas-300x165.jpeg 300w, https:\/\/albaniaheritage.com\/wp-content\/uploads\/2026\/03\/cropped-logo-mas-768x423.jpeg 768w, https:\/\/albaniaheritage.com\/wp-content\/uploads\/2026\/03\/cropped-logo-mas-18x10.jpeg 18w, https:\/\/albaniaheritage.com\/wp-content\/uploads\/2026\/03\/cropped-logo-mas.jpeg 1277w\" sizes=\"(max-width: 1024px) 100vw, 1024px\" \/>\t\t\t\t\t\t\t\t\t\t\t\t\t\t\t<\/div>\n\t\t\t\t<\/div>\n\t\t\t\t<div class=\"elementor-element elementor-element-7933f1a elementor-widget elementor-widget-image\" data-id=\"7933f1a\" data-element_type=\"widget\" data-e-type=\"widget\" data-widget_type=\"image.default\">\n\t\t\t\t<div class=\"elementor-widget-container\">\n\t\t\t\t\t\t\t\t\t\t\t\t\t\t\t<img loading=\"lazy\" decoding=\"async\" width=\"500\" height=\"320\" src=\"https:\/\/albaniaheritage.com\/wp-content\/uploads\/2026\/03\/Muzeu_Historik_Kombetar.svg.png\" class=\"attachment-large size-large wp-image-4862\" alt=\"\" srcset=\"https:\/\/albaniaheritage.com\/wp-content\/uploads\/2026\/03\/Muzeu_Historik_Kombetar.svg.png 500w, https:\/\/albaniaheritage.com\/wp-content\/uploads\/2026\/03\/Muzeu_Historik_Kombetar.svg-300x192.png 300w, https:\/\/albaniaheritage.com\/wp-content\/uploads\/2026\/03\/Muzeu_Historik_Kombetar.svg-18x12.png 18w\" sizes=\"(max-width: 500px) 100vw, 500px\" \/>\t\t\t\t\t\t\t\t\t\t\t\t\t\t\t<\/div>\n\t\t\t\t<\/div>\n\t\t\t\t<\/div>\n\t\t\t\t\t<\/div>\n\t\t\t\t<\/div>\n\t\t\t\t\t<\/div>\n\t\t<\/div>\n\t\t\t\t\t<\/div>\n\t\t<\/section>\n\t\t\t\t<\/div>","protected":false},"excerpt":{"rendered":"<p>Konteksti Partner\u00eb Ekipi i Projektit Donator Partner\u00ebt Tan\u00eb DMO Albania \u00ebsht\u00eb Organizata Kryesuese p\u00ebr k\u00ebt\u00eb projekt, n\u00eb partneritet me EU Policy Hub p\u00ebr zbatimin e tij.Ne po bashk\u00ebpunojm\u00eb me Ministrin\u00eb e Ekonomis\u00eb, Kultur\u00ebs dhe Inovacionit, Akademin\u00eb e Shkencave dhe Ministrin\u00eb e Arsimit dhe Sportit.Gjithashtu, po punojm\u00eb me bashkit\u00eb n\u00eb mbar\u00eb Shqip\u00ebrin\u00eb, ve\u00e7an\u00ebrisht n\u00eb zonat pran\u00eb [&hellip;]<\/p>\n","protected":false},"author":1,"featured_media":0,"parent":1819,"menu_order":0,"comment_status":"closed","ping_status":"closed","template":"","meta":{"_acf_changed":false,"site-sidebar-layout":"no-sidebar","site-content-layout":"page-builder","ast-site-content-layout":"full-width-container","site-content-style":"default","site-sidebar-style":"default","ast-global-header-display":"","ast-banner-title-visibility":"","ast-main-header-display":"","ast-hfb-above-header-display":"","ast-hfb-below-header-display":"","ast-hfb-mobile-header-display":"","site-post-title":"disabled","ast-breadcrumbs-content":"","ast-featured-img":"disabled","footer-sml-layout":"","theme-transparent-header-meta":"","adv-header-id-meta":"","stick-header-meta":"","header-above-stick-meta":"","header-main-stick-meta":"","header-below-stick-meta":"","astra-migrate-meta-layouts":"set","ast-page-background-enabled":"default","ast-page-background-meta":{"desktop":{"background-color":"var(--ast-global-color-4)","background-image":"","background-repeat":"repeat","background-position":"center center","background-size":"auto","background-attachment":"scroll","background-type":"","background-media":"","overlay-type":"","overlay-color":"","overlay-opacity":"","overlay-gradient":""},"tablet":{"background-color":"","background-image":"","background-repeat":"repeat","background-position":"center center","background-size":"auto","background-attachment":"scroll","background-type":"","background-media":"","overlay-type":"","overlay-color":"","overlay-opacity":"","overlay-gradient":""},"mobile":{"background-color":"","background-image":"","background-repeat":"repeat","background-position":"center center","background-size":"auto","background-attachment":"scroll","background-type":"","background-media":"","overlay-type":"","overlay-color":"","overlay-opacity":"","overlay-gradient":""}},"ast-content-background-meta":{"desktop":{"background-color":"var(--ast-global-color-5)","background-image":"","background-repeat":"repeat","background-position":"center center","background-size":"auto","background-attachment":"scroll","background-type":"","background-media":"","overlay-type":"","overlay-color":"","overlay-opacity":"","overlay-gradient":""},"tablet":{"background-color":"var(--ast-global-color-5)","background-image":"","background-repeat":"repeat","background-position":"center center","background-size":"auto","background-attachment":"scroll","background-type":"","background-media":"","overlay-type":"","overlay-color":"","overlay-opacity":"","overlay-gradient":""},"mobile":{"background-color":"var(--ast-global-color-5)","background-image":"","background-repeat":"repeat","background-position":"center center","background-size":"auto","background-attachment":"scroll","background-type":"","background-media":"","overlay-type":"","overlay-color":"","overlay-opacity":"","overlay-gradient":""}},"footnotes":""},"class_list":["post-1883","page","type-page","status-publish","hentry"],"acf":[],"yoast_head":"<!-- This site is optimized with the Yoast SEO plugin v27.3 - https:\/\/yoast.com\/product\/yoast-seo-wordpress\/ -->\n<title>Partner\u00ebt - Albania Heritage<\/title>\n<meta name=\"description\" content=\"Zbuloni partner\u00ebt vendor\u00eb dhe nd\u00ebrkomb\u00ebtar\u00eb t\u00eb projektit Heritage is Our Brand, q\u00eb punojn\u00eb p\u00ebr ruajtjen dhe promovimin e trash\u00ebgimis\u00eb jomateriale shqiptare.\" \/>\n<meta name=\"robots\" content=\"index, follow, max-snippet:-1, max-image-preview:large, max-video-preview:-1\" \/>\n<link rel=\"canonical\" href=\"https:\/\/albaniaheritage.com\/en\/the-project\/partners\/\" \/>\n<meta property=\"og:locale\" content=\"en_US\" \/>\n<meta property=\"og:type\" content=\"article\" \/>\n<meta property=\"og:title\" content=\"Partner\u00ebt - Albania Heritage\" \/>\n<meta property=\"og:description\" content=\"Zbuloni partner\u00ebt vendor\u00eb dhe nd\u00ebrkomb\u00ebtar\u00eb t\u00eb projektit Heritage is Our Brand, q\u00eb punojn\u00eb p\u00ebr ruajtjen dhe promovimin e trash\u00ebgimis\u00eb jomateriale shqiptare.\" \/>\n<meta property=\"og:url\" content=\"https:\/\/albaniaheritage.com\/en\/the-project\/partners\/\" \/>\n<meta property=\"og:site_name\" content=\"Albania Heritage\" \/>\n<meta property=\"article:publisher\" content=\"https:\/\/www.facebook.com\/dmoalbania\/\" \/>\n<meta property=\"article:modified_time\" content=\"2026-03-30T10:43:44+00:00\" \/>\n<meta property=\"og:image\" content=\"https:\/\/albaniaheritage.com\/wp-content\/uploads\/2026\/03\/mtks-logo-black-scaled-1.png\" \/>\n\t<meta property=\"og:image:width\" content=\"2560\" \/>\n\t<meta property=\"og:image:height\" content=\"1087\" \/>\n\t<meta property=\"og:image:type\" content=\"image\/png\" \/>\n<meta name=\"twitter:card\" content=\"summary_large_image\" \/>\n<meta name=\"twitter:site\" content=\"@dmoalbania\" \/>\n<meta name=\"twitter:label1\" content=\"Est. reading time\" \/>\n\t<meta name=\"twitter:data1\" content=\"2 minutes\" \/>\n<script type=\"application\/ld+json\" class=\"yoast-schema-graph\">{\"@context\":\"https:\\\/\\\/schema.org\",\"@graph\":[{\"@type\":\"WebPage\",\"@id\":\"https:\\\/\\\/albaniaheritage.com\\\/the-project\\\/partners\\\/\",\"url\":\"https:\\\/\\\/albaniaheritage.com\\\/the-project\\\/partners\\\/\",\"name\":\"Partner\u00ebt - Albania Heritage\",\"isPartOf\":{\"@id\":\"https:\\\/\\\/albaniaheritage.com\\\/#website\"},\"primaryImageOfPage\":{\"@id\":\"https:\\\/\\\/albaniaheritage.com\\\/the-project\\\/partners\\\/#primaryimage\"},\"image\":{\"@id\":\"https:\\\/\\\/albaniaheritage.com\\\/the-project\\\/partners\\\/#primaryimage\"},\"thumbnailUrl\":\"https:\\\/\\\/albaniaheritage.com\\\/wp-content\\\/uploads\\\/2026\\\/03\\\/mtks-logo-black-scaled-1-1024x435.png\",\"datePublished\":\"2025-07-11T17:39:16+00:00\",\"dateModified\":\"2026-03-30T10:43:44+00:00\",\"description\":\"Zbuloni partner\u00ebt vendor\u00eb dhe nd\u00ebrkomb\u00ebtar\u00eb t\u00eb projektit Heritage is Our Brand, q\u00eb punojn\u00eb p\u00ebr ruajtjen dhe promovimin e trash\u00ebgimis\u00eb jomateriale shqiptare.\",\"breadcrumb\":{\"@id\":\"https:\\\/\\\/albaniaheritage.com\\\/the-project\\\/partners\\\/#breadcrumb\"},\"inLanguage\":\"en-US\",\"potentialAction\":[{\"@type\":\"ReadAction\",\"target\":[\"https:\\\/\\\/albaniaheritage.com\\\/the-project\\\/partners\\\/\"]}]},{\"@type\":\"ImageObject\",\"inLanguage\":\"en-US\",\"@id\":\"https:\\\/\\\/albaniaheritage.com\\\/the-project\\\/partners\\\/#primaryimage\",\"url\":\"https:\\\/\\\/albaniaheritage.com\\\/wp-content\\\/uploads\\\/2026\\\/03\\\/mtks-logo-black-scaled-1-1024x435.png\",\"contentUrl\":\"https:\\\/\\\/albaniaheritage.com\\\/wp-content\\\/uploads\\\/2026\\\/03\\\/mtks-logo-black-scaled-1-1024x435.png\"},{\"@type\":\"BreadcrumbList\",\"@id\":\"https:\\\/\\\/albaniaheritage.com\\\/the-project\\\/partners\\\/#breadcrumb\",\"itemListElement\":[{\"@type\":\"ListItem\",\"position\":1,\"name\":\"Home\",\"item\":\"https:\\\/\\\/albaniaheritage.com\\\/\"},{\"@type\":\"ListItem\",\"position\":2,\"name\":\"The Project\",\"item\":\"https:\\\/\\\/albaniaheritage.com\\\/the-project\\\/\"},{\"@type\":\"ListItem\",\"position\":3,\"name\":\"partners\"}]},{\"@type\":\"WebSite\",\"@id\":\"https:\\\/\\\/albaniaheritage.com\\\/#website\",\"url\":\"https:\\\/\\\/albaniaheritage.com\\\/\",\"name\":\"Albania Heritage\",\"description\":\"\",\"publisher\":{\"@id\":\"https:\\\/\\\/albaniaheritage.com\\\/#organization\"},\"potentialAction\":[{\"@type\":\"SearchAction\",\"target\":{\"@type\":\"EntryPoint\",\"urlTemplate\":\"https:\\\/\\\/albaniaheritage.com\\\/?s={search_term_string}\"},\"query-input\":{\"@type\":\"PropertyValueSpecification\",\"valueRequired\":true,\"valueName\":\"search_term_string\"}}],\"inLanguage\":\"en-US\"},{\"@type\":\"Organization\",\"@id\":\"https:\\\/\\\/albaniaheritage.com\\\/#organization\",\"name\":\"Albania Heritage\",\"url\":\"https:\\\/\\\/albaniaheritage.com\\\/\",\"logo\":{\"@type\":\"ImageObject\",\"inLanguage\":\"en-US\",\"@id\":\"https:\\\/\\\/albaniaheritage.com\\\/#\\\/schema\\\/logo\\\/image\\\/\",\"url\":\"https:\\\/\\\/albaniaheritage.com\\\/wp-content\\\/uploads\\\/2025\\\/07\\\/logo-1-scaled.png\",\"contentUrl\":\"https:\\\/\\\/albaniaheritage.com\\\/wp-content\\\/uploads\\\/2025\\\/07\\\/logo-1-scaled.png\",\"width\":2560,\"height\":767,\"caption\":\"Albania Heritage\"},\"image\":{\"@id\":\"https:\\\/\\\/albaniaheritage.com\\\/#\\\/schema\\\/logo\\\/image\\\/\"},\"sameAs\":[\"https:\\\/\\\/www.facebook.com\\\/dmoalbania\\\/\",\"https:\\\/\\\/x.com\\\/dmoalbania\",\"https:\\\/\\\/www.youtube.com\\\/@DMO-ALBANIA\",\"https:\\\/\\\/www.linkedin.com\\\/company\\\/dmoalbania\\\/\",\"https:\\\/\\\/www.instagram.com\\\/dmoalbania\\\/\"]}]}<\/script>\n<!-- \/ Yoast SEO plugin. -->","yoast_head_json":{"title":"Partner\u00ebt - Albania Heritage","description":"Zbuloni partner\u00ebt vendor\u00eb dhe nd\u00ebrkomb\u00ebtar\u00eb t\u00eb projektit Heritage is Our Brand, q\u00eb punojn\u00eb p\u00ebr ruajtjen dhe promovimin e trash\u00ebgimis\u00eb jomateriale shqiptare.","robots":{"index":"index","follow":"follow","max-snippet":"max-snippet:-1","max-image-preview":"max-image-preview:large","max-video-preview":"max-video-preview:-1"},"canonical":"https:\/\/albaniaheritage.com\/en\/the-project\/partners\/","og_locale":"en_US","og_type":"article","og_title":"Partner\u00ebt - Albania Heritage","og_description":"Zbuloni partner\u00ebt vendor\u00eb dhe nd\u00ebrkomb\u00ebtar\u00eb t\u00eb projektit Heritage is Our Brand, q\u00eb punojn\u00eb p\u00ebr ruajtjen dhe promovimin e trash\u00ebgimis\u00eb jomateriale shqiptare.","og_url":"https:\/\/albaniaheritage.com\/en\/the-project\/partners\/","og_site_name":"Albania Heritage","article_publisher":"https:\/\/www.facebook.com\/dmoalbania\/","article_modified_time":"2026-03-30T10:43:44+00:00","og_image":[{"width":2560,"height":1087,"url":"https:\/\/albaniaheritage.com\/wp-content\/uploads\/2026\/03\/mtks-logo-black-scaled-1.png","type":"image\/png"}],"twitter_card":"summary_large_image","twitter_site":"@dmoalbania","twitter_misc":{"Est. reading time":"2 minutes"},"schema":{"@context":"https:\/\/schema.org","@graph":[{"@type":"WebPage","@id":"https:\/\/albaniaheritage.com\/the-project\/partners\/","url":"https:\/\/albaniaheritage.com\/the-project\/partners\/","name":"Partner\u00ebt - Albania Heritage","isPartOf":{"@id":"https:\/\/albaniaheritage.com\/#website"},"primaryImageOfPage":{"@id":"https:\/\/albaniaheritage.com\/the-project\/partners\/#primaryimage"},"image":{"@id":"https:\/\/albaniaheritage.com\/the-project\/partners\/#primaryimage"},"thumbnailUrl":"https:\/\/albaniaheritage.com\/wp-content\/uploads\/2026\/03\/mtks-logo-black-scaled-1-1024x435.png","datePublished":"2025-07-11T17:39:16+00:00","dateModified":"2026-03-30T10:43:44+00:00","description":"Zbuloni partner\u00ebt vendor\u00eb dhe nd\u00ebrkomb\u00ebtar\u00eb t\u00eb projektit Heritage is Our Brand, q\u00eb punojn\u00eb p\u00ebr ruajtjen dhe promovimin e trash\u00ebgimis\u00eb jomateriale shqiptare.","breadcrumb":{"@id":"https:\/\/albaniaheritage.com\/the-project\/partners\/#breadcrumb"},"inLanguage":"en-US","potentialAction":[{"@type":"ReadAction","target":["https:\/\/albaniaheritage.com\/the-project\/partners\/"]}]},{"@type":"ImageObject","inLanguage":"en-US","@id":"https:\/\/albaniaheritage.com\/the-project\/partners\/#primaryimage","url":"https:\/\/albaniaheritage.com\/wp-content\/uploads\/2026\/03\/mtks-logo-black-scaled-1-1024x435.png","contentUrl":"https:\/\/albaniaheritage.com\/wp-content\/uploads\/2026\/03\/mtks-logo-black-scaled-1-1024x435.png"},{"@type":"BreadcrumbList","@id":"https:\/\/albaniaheritage.com\/the-project\/partners\/#breadcrumb","itemListElement":[{"@type":"ListItem","position":1,"name":"Home","item":"https:\/\/albaniaheritage.com\/"},{"@type":"ListItem","position":2,"name":"The Project","item":"https:\/\/albaniaheritage.com\/the-project\/"},{"@type":"ListItem","position":3,"name":"partners"}]},{"@type":"WebSite","@id":"https:\/\/albaniaheritage.com\/#website","url":"https:\/\/albaniaheritage.com\/","name":"Albania Heritage","description":"","publisher":{"@id":"https:\/\/albaniaheritage.com\/#organization"},"potentialAction":[{"@type":"SearchAction","target":{"@type":"EntryPoint","urlTemplate":"https:\/\/albaniaheritage.com\/?s={search_term_string}"},"query-input":{"@type":"PropertyValueSpecification","valueRequired":true,"valueName":"search_term_string"}}],"inLanguage":"en-US"},{"@type":"Organization","@id":"https:\/\/albaniaheritage.com\/#organization","name":"Albania Heritage","url":"https:\/\/albaniaheritage.com\/","logo":{"@type":"ImageObject","inLanguage":"en-US","@id":"https:\/\/albaniaheritage.com\/#\/schema\/logo\/image\/","url":"https:\/\/albaniaheritage.com\/wp-content\/uploads\/2025\/07\/logo-1-scaled.png","contentUrl":"https:\/\/albaniaheritage.com\/wp-content\/uploads\/2025\/07\/logo-1-scaled.png","width":2560,"height":767,"caption":"Albania Heritage"},"image":{"@id":"https:\/\/albaniaheritage.com\/#\/schema\/logo\/image\/"},"sameAs":["https:\/\/www.facebook.com\/dmoalbania\/","https:\/\/x.com\/dmoalbania","https:\/\/www.youtube.com\/@DMO-ALBANIA","https:\/\/www.linkedin.com\/company\/dmoalbania\/","https:\/\/www.instagram.com\/dmoalbania\/"]}]}},"_links":{"self":[{"href":"https:\/\/albaniaheritage.com\/en\/wp-json\/wp\/v2\/pages\/1883","targetHints":{"allow":["GET"]}}],"collection":[{"href":"https:\/\/albaniaheritage.com\/en\/wp-json\/wp\/v2\/pages"}],"about":[{"href":"https:\/\/albaniaheritage.com\/en\/wp-json\/wp\/v2\/types\/page"}],"author":[{"embeddable":true,"href":"https:\/\/albaniaheritage.com\/en\/wp-json\/wp\/v2\/users\/1"}],"replies":[{"embeddable":true,"href":"https:\/\/albaniaheritage.com\/en\/wp-json\/wp\/v2\/comments?post=1883"}],"version-history":[{"count":64,"href":"https:\/\/albaniaheritage.com\/en\/wp-json\/wp\/v2\/pages\/1883\/revisions"}],"predecessor-version":[{"id":4865,"href":"https:\/\/albaniaheritage.com\/en\/wp-json\/wp\/v2\/pages\/1883\/revisions\/4865"}],"up":[{"embeddable":true,"href":"https:\/\/albaniaheritage.com\/en\/wp-json\/wp\/v2\/pages\/1819"}],"wp:attachment":[{"href":"https:\/\/albaniaheritage.com\/en\/wp-json\/wp\/v2\/media?parent=1883"}],"curies":[{"name":"wp","href":"https:\/\/api.w.org\/{rel}","templated":true}]}}