{"id":1872,"date":"2025-07-11T16:22:04","date_gmt":"2025-07-11T16:22:04","guid":{"rendered":"https:\/\/springgreen-sardine-861889.hostingersite.com\/?page_id=1872"},"modified":"2025-09-03T07:15:39","modified_gmt":"2025-09-03T07:15:39","slug":"donor","status":"publish","type":"page","link":"https:\/\/albaniaheritage.com\/en\/the-project\/donor\/","title":{"rendered":"donor"},"content":{"rendered":"<div data-elementor-type=\"wp-page\" data-elementor-id=\"1872\" class=\"elementor elementor-1872\">\n\t\t\t\t<div class=\"elementor-element elementor-element-199930e e-con-full e-flex e-con e-parent\" data-id=\"199930e\" data-element_type=\"container\" data-e-type=\"container\" data-settings=\"{&quot;background_background&quot;:&quot;classic&quot;}\">\n\t\t\t\t<div class=\"elementor-element elementor-element-1ea34781 elementor-widget elementor-widget-text-editor\" data-id=\"1ea34781\" data-element_type=\"widget\" data-e-type=\"widget\" data-widget_type=\"text-editor.default\">\n\t\t\t\t<div class=\"elementor-widget-container\">\n\t\t\t\t\t\t\t\t\t<p><a href=\"\/en\/the-project\/\">Background<\/a><\/p>\t\t\t\t\t\t\t\t<\/div>\n\t\t\t\t<\/div>\n\t\t\t\t<div class=\"elementor-element elementor-element-14971f5c elementor-widget elementor-widget-text-editor\" data-id=\"14971f5c\" data-element_type=\"widget\" data-e-type=\"widget\" data-widget_type=\"text-editor.default\">\n\t\t\t\t<div class=\"elementor-widget-container\">\n\t\t\t\t\t\t\t\t\t<p><a href=\"\/en\/partners\/\">Partners<\/a><\/p>\t\t\t\t\t\t\t\t<\/div>\n\t\t\t\t<\/div>\n\t\t\t\t<div class=\"elementor-element elementor-element-37d5539b elementor-widget elementor-widget-text-editor\" data-id=\"37d5539b\" data-element_type=\"widget\" data-e-type=\"widget\" data-widget_type=\"text-editor.default\">\n\t\t\t\t<div class=\"elementor-widget-container\">\n\t\t\t\t\t\t\t\t\t<p><a href=\"\/en\/team\/\">Ekipi i Projekit<\/a><\/p>\t\t\t\t\t\t\t\t<\/div>\n\t\t\t\t<\/div>\n\t\t\t\t<div class=\"elementor-element elementor-element-454c4318 elementor-widget elementor-widget-text-editor\" data-id=\"454c4318\" data-element_type=\"widget\" data-e-type=\"widget\" data-widget_type=\"text-editor.default\">\n\t\t\t\t<div class=\"elementor-widget-container\">\n\t\t\t\t\t\t\t\t\t<p><a href=\"\/en\/donor\/\"><u>Donor<\/u><\/a><\/p>\t\t\t\t\t\t\t\t<\/div>\n\t\t\t\t<\/div>\n\t\t\t\t<\/div>\n\t\t<div class=\"elementor-element elementor-element-4996595 e-flex e-con-boxed e-con e-parent\" data-id=\"4996595\" data-element_type=\"container\" data-e-type=\"container\">\n\t\t\t\t\t<div class=\"e-con-inner\">\n\t\t\t\t<div class=\"elementor-element elementor-element-413580c elementor-widget elementor-widget-heading\" data-id=\"413580c\" data-element_type=\"widget\" data-e-type=\"widget\" data-widget_type=\"heading.default\">\n\t\t\t\t<div class=\"elementor-widget-container\">\n\t\t\t\t\t<h2 class=\"elementor-heading-title elementor-size-default\">DONOR<\/h2>\t\t\t\t<\/div>\n\t\t\t\t<\/div>\n\t\t\t\t\t<\/div>\n\t\t\t\t<\/div>\n\t\t<div class=\"elementor-element elementor-element-2ae8a68 e-flex e-con-boxed e-con e-parent\" data-id=\"2ae8a68\" data-element_type=\"container\" data-e-type=\"container\">\n\t\t\t\t\t<div class=\"e-con-inner\">\n\t\t\t\t<div class=\"elementor-element elementor-element-190b425 elementor-widget elementor-widget-image\" data-id=\"190b425\" data-element_type=\"widget\" data-e-type=\"widget\" data-widget_type=\"image.default\">\n\t\t\t\t<div class=\"elementor-widget-container\">\n\t\t\t\t\t\t\t\t\t\t\t\t\t\t\t<img decoding=\"async\" width=\"187\" height=\"190\" src=\"https:\/\/albaniaheritage.com\/wp-content\/uploads\/2025\/08\/D.jpg\" class=\"attachment-large size-large wp-image-3207\" alt=\"\" srcset=\"https:\/\/albaniaheritage.com\/wp-content\/uploads\/2025\/08\/D.jpg 187w, https:\/\/albaniaheritage.com\/wp-content\/uploads\/2025\/08\/D-12x12.jpg 12w\" sizes=\"(max-width: 187px) 100vw, 187px\" \/>\t\t\t\t\t\t\t\t\t\t\t\t\t\t\t<\/div>\n\t\t\t\t<\/div>\n\t\t\t\t<div class=\"elementor-element elementor-element-ade3e67 elementor-widget elementor-widget-heading\" data-id=\"ade3e67\" data-element_type=\"widget\" data-e-type=\"widget\" data-widget_type=\"heading.default\">\n\t\t\t\t<div class=\"elementor-widget-container\">\n\t\t\t\t\t<h3 class=\"elementor-heading-title elementor-size-default\">Donor \u2013 European Union<\/h3>\t\t\t\t<\/div>\n\t\t\t\t<\/div>\n\t\t\t\t<div class=\"elementor-element elementor-element-5ceb69f elementor-widget elementor-widget-text-editor\" data-id=\"5ceb69f\" data-element_type=\"widget\" data-e-type=\"widget\" data-widget_type=\"text-editor.default\">\n\t\t\t\t<div class=\"elementor-widget-container\">\n\t\t\t\t\t\t\t\t\t<p>The project <em>&#8220;Heritage is Our Brand&#8221;<\/em> is co-funded by the European Union under the IPA III programme (IPA III\/2024\/460-837). The EU\u2019s support aims to promote cultural heritage as a key resource for sustainable economic and social development, to strengthen local identity, and to encourage active community engagement. This project reflects a shared commitment to preserving and valorizing cultural assets, turning heritage into a true driver of future-oriented development.<\/p>\t\t\t\t\t\t\t\t<\/div>\n\t\t\t\t<\/div>\n\t\t\t\t\t<\/div>\n\t\t\t\t<\/div>\n\t\t\t\t<\/div>","protected":false},"excerpt":{"rendered":"<p>Konteksti Partner\u00eb Ekipi i Projekit Donator DONATORI Donator \u2013 Bashkimi Evropian Projekti &#8220;Heritage is Our Brand&#8221; bashk\u00ebfinancohet nga Bashkimi Evropian n\u00eb kuad\u00ebr t\u00eb programit IPA III (IPA III\/2024\/460-837). Mb\u00ebshtetja e BE-s\u00eb synon t\u00eb promovoj\u00eb trash\u00ebgimin\u00eb kulturore si nj\u00eb burim i r\u00ebnd\u00ebsish\u00ebm p\u00ebr zhvillimin e q\u00ebndruesh\u00ebm ekonomik dhe social, p\u00ebr forcimin e identitetit lokal dhe p\u00ebr [&hellip;]<\/p>\n","protected":false},"author":1,"featured_media":0,"parent":1819,"menu_order":0,"comment_status":"closed","ping_status":"closed","template":"","meta":{"_acf_changed":false,"site-sidebar-layout":"no-sidebar","site-content-layout":"page-builder","ast-site-content-layout":"full-width-container","site-content-style":"default","site-sidebar-style":"default","ast-global-header-display":"","ast-banner-title-visibility":"","ast-main-header-display":"","ast-hfb-above-header-display":"","ast-hfb-below-header-display":"","ast-hfb-mobile-header-display":"","site-post-title":"disabled","ast-breadcrumbs-content":"","ast-featured-img":"disabled","footer-sml-layout":"","theme-transparent-header-meta":"","adv-header-id-meta":"","stick-header-meta":"","header-above-stick-meta":"","header-main-stick-meta":"","header-below-stick-meta":"","astra-migrate-meta-layouts":"set","ast-page-background-enabled":"default","ast-page-background-meta":{"desktop":{"background-color":"var(--ast-global-color-4)","background-image":"","background-repeat":"repeat","background-position":"center center","background-size":"auto","background-attachment":"scroll","background-type":"","background-media":"","overlay-type":"","overlay-color":"","overlay-opacity":"","overlay-gradient":""},"tablet":{"background-color":"","background-image":"","background-repeat":"repeat","background-position":"center center","background-size":"auto","background-attachment":"scroll","background-type":"","background-media":"","overlay-type":"","overlay-color":"","overlay-opacity":"","overlay-gradient":""},"mobile":{"background-color":"","background-image":"","background-repeat":"repeat","background-position":"center center","background-size":"auto","background-attachment":"scroll","background-type":"","background-media":"","overlay-type":"","overlay-color":"","overlay-opacity":"","overlay-gradient":""}},"ast-content-background-meta":{"desktop":{"background-color":"var(--ast-global-color-5)","background-image":"","background-repeat":"repeat","background-position":"center center","background-size":"auto","background-attachment":"scroll","background-type":"","background-media":"","overlay-type":"","overlay-color":"","overlay-opacity":"","overlay-gradient":""},"tablet":{"background-color":"var(--ast-global-color-5)","background-image":"","background-repeat":"repeat","background-position":"center center","background-size":"auto","background-attachment":"scroll","background-type":"","background-media":"","overlay-type":"","overlay-color":"","overlay-opacity":"","overlay-gradient":""},"mobile":{"background-color":"var(--ast-global-color-5)","background-image":"","background-repeat":"repeat","background-position":"center center","background-size":"auto","background-attachment":"scroll","background-type":"","background-media":"","overlay-type":"","overlay-color":"","overlay-opacity":"","overlay-gradient":""}},"footnotes":""},"class_list":["post-1872","page","type-page","status-publish","hentry"],"acf":[],"yoast_head":"<!-- This site is optimized with the Yoast SEO plugin v27.3 - https:\/\/yoast.com\/product\/yoast-seo-wordpress\/ -->\n<title>Donator \u2013 Bashkimi Evropian - Albania Heritage<\/title>\n<meta name=\"description\" content=\"Projekti \u201cHeritage is Our Brand\u201d bashk\u00ebfinancohet nga Donator Bashkimi Evropian p\u00ebr t\u00eb promovuar trash\u00ebgimin\u00eb kulturore si motor t\u00eb zhvillimit t\u00eb q\u00ebndruesh\u00ebm dhe forcimit t\u00eb identitetit lokal.\" \/>\n<meta name=\"robots\" content=\"index, follow, max-snippet:-1, max-image-preview:large, max-video-preview:-1\" \/>\n<link rel=\"canonical\" href=\"https:\/\/albaniaheritage.com\/en\/the-project\/donor\/\" \/>\n<meta property=\"og:locale\" content=\"en_US\" \/>\n<meta property=\"og:type\" content=\"article\" \/>\n<meta property=\"og:title\" content=\"Donator \u2013 Bashkimi Evropian - Albania Heritage\" \/>\n<meta property=\"og:description\" content=\"Projekti \u201cHeritage is Our Brand\u201d bashk\u00ebfinancohet nga Donator Bashkimi Evropian p\u00ebr t\u00eb promovuar trash\u00ebgimin\u00eb kulturore si motor t\u00eb zhvillimit t\u00eb q\u00ebndruesh\u00ebm dhe forcimit t\u00eb identitetit lokal.\" \/>\n<meta property=\"og:url\" content=\"https:\/\/albaniaheritage.com\/en\/the-project\/donor\/\" \/>\n<meta property=\"og:site_name\" content=\"Albania Heritage\" \/>\n<meta property=\"article:publisher\" content=\"https:\/\/www.facebook.com\/dmoalbania\/\" \/>\n<meta property=\"article:modified_time\" content=\"2025-09-03T07:15:39+00:00\" \/>\n<meta property=\"og:image\" content=\"https:\/\/albaniaheritage.com\/wp-content\/uploads\/2025\/08\/D.jpg\" \/>\n<meta name=\"twitter:card\" content=\"summary_large_image\" \/>\n<meta name=\"twitter:site\" content=\"@dmoalbania\" \/>\n<meta name=\"twitter:label1\" content=\"Est. reading time\" \/>\n\t<meta name=\"twitter:data1\" content=\"1 minute\" \/>\n<script type=\"application\/ld+json\" class=\"yoast-schema-graph\">{\"@context\":\"https:\\\/\\\/schema.org\",\"@graph\":[{\"@type\":\"WebPage\",\"@id\":\"https:\\\/\\\/albaniaheritage.com\\\/the-project\\\/donor\\\/\",\"url\":\"https:\\\/\\\/albaniaheritage.com\\\/the-project\\\/donor\\\/\",\"name\":\"Donator \u2013 Bashkimi Evropian - Albania Heritage\",\"isPartOf\":{\"@id\":\"https:\\\/\\\/albaniaheritage.com\\\/#website\"},\"primaryImageOfPage\":{\"@id\":\"https:\\\/\\\/albaniaheritage.com\\\/the-project\\\/donor\\\/#primaryimage\"},\"image\":{\"@id\":\"https:\\\/\\\/albaniaheritage.com\\\/the-project\\\/donor\\\/#primaryimage\"},\"thumbnailUrl\":\"https:\\\/\\\/albaniaheritage.com\\\/wp-content\\\/uploads\\\/2025\\\/08\\\/D.jpg\",\"datePublished\":\"2025-07-11T16:22:04+00:00\",\"dateModified\":\"2025-09-03T07:15:39+00:00\",\"description\":\"Projekti \u201cHeritage is Our Brand\u201d bashk\u00ebfinancohet nga Donator Bashkimi Evropian p\u00ebr t\u00eb promovuar trash\u00ebgimin\u00eb kulturore si motor t\u00eb zhvillimit t\u00eb q\u00ebndruesh\u00ebm dhe forcimit t\u00eb identitetit lokal.\",\"breadcrumb\":{\"@id\":\"https:\\\/\\\/albaniaheritage.com\\\/the-project\\\/donor\\\/#breadcrumb\"},\"inLanguage\":\"en-US\",\"potentialAction\":[{\"@type\":\"ReadAction\",\"target\":[\"https:\\\/\\\/albaniaheritage.com\\\/the-project\\\/donor\\\/\"]}]},{\"@type\":\"ImageObject\",\"inLanguage\":\"en-US\",\"@id\":\"https:\\\/\\\/albaniaheritage.com\\\/the-project\\\/donor\\\/#primaryimage\",\"url\":\"https:\\\/\\\/albaniaheritage.com\\\/wp-content\\\/uploads\\\/2025\\\/08\\\/D.jpg\",\"contentUrl\":\"https:\\\/\\\/albaniaheritage.com\\\/wp-content\\\/uploads\\\/2025\\\/08\\\/D.jpg\"},{\"@type\":\"BreadcrumbList\",\"@id\":\"https:\\\/\\\/albaniaheritage.com\\\/the-project\\\/donor\\\/#breadcrumb\",\"itemListElement\":[{\"@type\":\"ListItem\",\"position\":1,\"name\":\"Home\",\"item\":\"https:\\\/\\\/albaniaheritage.com\\\/\"},{\"@type\":\"ListItem\",\"position\":2,\"name\":\"The Project\",\"item\":\"https:\\\/\\\/albaniaheritage.com\\\/the-project\\\/\"},{\"@type\":\"ListItem\",\"position\":3,\"name\":\"donor\"}]},{\"@type\":\"WebSite\",\"@id\":\"https:\\\/\\\/albaniaheritage.com\\\/#website\",\"url\":\"https:\\\/\\\/albaniaheritage.com\\\/\",\"name\":\"Albania Heritage\",\"description\":\"\",\"publisher\":{\"@id\":\"https:\\\/\\\/albaniaheritage.com\\\/#organization\"},\"potentialAction\":[{\"@type\":\"SearchAction\",\"target\":{\"@type\":\"EntryPoint\",\"urlTemplate\":\"https:\\\/\\\/albaniaheritage.com\\\/?s={search_term_string}\"},\"query-input\":{\"@type\":\"PropertyValueSpecification\",\"valueRequired\":true,\"valueName\":\"search_term_string\"}}],\"inLanguage\":\"en-US\"},{\"@type\":\"Organization\",\"@id\":\"https:\\\/\\\/albaniaheritage.com\\\/#organization\",\"name\":\"Albania Heritage\",\"url\":\"https:\\\/\\\/albaniaheritage.com\\\/\",\"logo\":{\"@type\":\"ImageObject\",\"inLanguage\":\"en-US\",\"@id\":\"https:\\\/\\\/albaniaheritage.com\\\/#\\\/schema\\\/logo\\\/image\\\/\",\"url\":\"https:\\\/\\\/albaniaheritage.com\\\/wp-content\\\/uploads\\\/2025\\\/07\\\/logo-1-scaled.png\",\"contentUrl\":\"https:\\\/\\\/albaniaheritage.com\\\/wp-content\\\/uploads\\\/2025\\\/07\\\/logo-1-scaled.png\",\"width\":2560,\"height\":767,\"caption\":\"Albania Heritage\"},\"image\":{\"@id\":\"https:\\\/\\\/albaniaheritage.com\\\/#\\\/schema\\\/logo\\\/image\\\/\"},\"sameAs\":[\"https:\\\/\\\/www.facebook.com\\\/dmoalbania\\\/\",\"https:\\\/\\\/x.com\\\/dmoalbania\",\"https:\\\/\\\/www.youtube.com\\\/@DMO-ALBANIA\",\"https:\\\/\\\/www.linkedin.com\\\/company\\\/dmoalbania\\\/\",\"https:\\\/\\\/www.instagram.com\\\/dmoalbania\\\/\"]}]}<\/script>\n<!-- \/ Yoast SEO plugin. -->","yoast_head_json":{"title":"Donator \u2013 Bashkimi Evropian - Albania Heritage","description":"Projekti \u201cHeritage is Our Brand\u201d bashk\u00ebfinancohet nga Donator Bashkimi Evropian p\u00ebr t\u00eb promovuar trash\u00ebgimin\u00eb kulturore si motor t\u00eb zhvillimit t\u00eb q\u00ebndruesh\u00ebm dhe forcimit t\u00eb identitetit lokal.","robots":{"index":"index","follow":"follow","max-snippet":"max-snippet:-1","max-image-preview":"max-image-preview:large","max-video-preview":"max-video-preview:-1"},"canonical":"https:\/\/albaniaheritage.com\/en\/the-project\/donor\/","og_locale":"en_US","og_type":"article","og_title":"Donator \u2013 Bashkimi Evropian - Albania Heritage","og_description":"Projekti \u201cHeritage is Our Brand\u201d bashk\u00ebfinancohet nga Donator Bashkimi Evropian p\u00ebr t\u00eb promovuar trash\u00ebgimin\u00eb kulturore si motor t\u00eb zhvillimit t\u00eb q\u00ebndruesh\u00ebm dhe forcimit t\u00eb identitetit lokal.","og_url":"https:\/\/albaniaheritage.com\/en\/the-project\/donor\/","og_site_name":"Albania Heritage","article_publisher":"https:\/\/www.facebook.com\/dmoalbania\/","article_modified_time":"2025-09-03T07:15:39+00:00","og_image":[{"url":"https:\/\/albaniaheritage.com\/wp-content\/uploads\/2025\/08\/D.jpg","type":"","width":"","height":""}],"twitter_card":"summary_large_image","twitter_site":"@dmoalbania","twitter_misc":{"Est. reading time":"1 minute"},"schema":{"@context":"https:\/\/schema.org","@graph":[{"@type":"WebPage","@id":"https:\/\/albaniaheritage.com\/the-project\/donor\/","url":"https:\/\/albaniaheritage.com\/the-project\/donor\/","name":"Donator \u2013 Bashkimi Evropian - Albania Heritage","isPartOf":{"@id":"https:\/\/albaniaheritage.com\/#website"},"primaryImageOfPage":{"@id":"https:\/\/albaniaheritage.com\/the-project\/donor\/#primaryimage"},"image":{"@id":"https:\/\/albaniaheritage.com\/the-project\/donor\/#primaryimage"},"thumbnailUrl":"https:\/\/albaniaheritage.com\/wp-content\/uploads\/2025\/08\/D.jpg","datePublished":"2025-07-11T16:22:04+00:00","dateModified":"2025-09-03T07:15:39+00:00","description":"Projekti \u201cHeritage is Our Brand\u201d bashk\u00ebfinancohet nga Donator Bashkimi Evropian p\u00ebr t\u00eb promovuar trash\u00ebgimin\u00eb kulturore si motor t\u00eb zhvillimit t\u00eb q\u00ebndruesh\u00ebm dhe forcimit t\u00eb identitetit lokal.","breadcrumb":{"@id":"https:\/\/albaniaheritage.com\/the-project\/donor\/#breadcrumb"},"inLanguage":"en-US","potentialAction":[{"@type":"ReadAction","target":["https:\/\/albaniaheritage.com\/the-project\/donor\/"]}]},{"@type":"ImageObject","inLanguage":"en-US","@id":"https:\/\/albaniaheritage.com\/the-project\/donor\/#primaryimage","url":"https:\/\/albaniaheritage.com\/wp-content\/uploads\/2025\/08\/D.jpg","contentUrl":"https:\/\/albaniaheritage.com\/wp-content\/uploads\/2025\/08\/D.jpg"},{"@type":"BreadcrumbList","@id":"https:\/\/albaniaheritage.com\/the-project\/donor\/#breadcrumb","itemListElement":[{"@type":"ListItem","position":1,"name":"Home","item":"https:\/\/albaniaheritage.com\/"},{"@type":"ListItem","position":2,"name":"The Project","item":"https:\/\/albaniaheritage.com\/the-project\/"},{"@type":"ListItem","position":3,"name":"donor"}]},{"@type":"WebSite","@id":"https:\/\/albaniaheritage.com\/#website","url":"https:\/\/albaniaheritage.com\/","name":"Albania Heritage","description":"","publisher":{"@id":"https:\/\/albaniaheritage.com\/#organization"},"potentialAction":[{"@type":"SearchAction","target":{"@type":"EntryPoint","urlTemplate":"https:\/\/albaniaheritage.com\/?s={search_term_string}"},"query-input":{"@type":"PropertyValueSpecification","valueRequired":true,"valueName":"search_term_string"}}],"inLanguage":"en-US"},{"@type":"Organization","@id":"https:\/\/albaniaheritage.com\/#organization","name":"Albania Heritage","url":"https:\/\/albaniaheritage.com\/","logo":{"@type":"ImageObject","inLanguage":"en-US","@id":"https:\/\/albaniaheritage.com\/#\/schema\/logo\/image\/","url":"https:\/\/albaniaheritage.com\/wp-content\/uploads\/2025\/07\/logo-1-scaled.png","contentUrl":"https:\/\/albaniaheritage.com\/wp-content\/uploads\/2025\/07\/logo-1-scaled.png","width":2560,"height":767,"caption":"Albania Heritage"},"image":{"@id":"https:\/\/albaniaheritage.com\/#\/schema\/logo\/image\/"},"sameAs":["https:\/\/www.facebook.com\/dmoalbania\/","https:\/\/x.com\/dmoalbania","https:\/\/www.youtube.com\/@DMO-ALBANIA","https:\/\/www.linkedin.com\/company\/dmoalbania\/","https:\/\/www.instagram.com\/dmoalbania\/"]}]}},"_links":{"self":[{"href":"https:\/\/albaniaheritage.com\/en\/wp-json\/wp\/v2\/pages\/1872","targetHints":{"allow":["GET"]}}],"collection":[{"href":"https:\/\/albaniaheritage.com\/en\/wp-json\/wp\/v2\/pages"}],"about":[{"href":"https:\/\/albaniaheritage.com\/en\/wp-json\/wp\/v2\/types\/page"}],"author":[{"embeddable":true,"href":"https:\/\/albaniaheritage.com\/en\/wp-json\/wp\/v2\/users\/1"}],"replies":[{"embeddable":true,"href":"https:\/\/albaniaheritage.com\/en\/wp-json\/wp\/v2\/comments?post=1872"}],"version-history":[{"count":20,"href":"https:\/\/albaniaheritage.com\/en\/wp-json\/wp\/v2\/pages\/1872\/revisions"}],"predecessor-version":[{"id":3935,"href":"https:\/\/albaniaheritage.com\/en\/wp-json\/wp\/v2\/pages\/1872\/revisions\/3935"}],"up":[{"embeddable":true,"href":"https:\/\/albaniaheritage.com\/en\/wp-json\/wp\/v2\/pages\/1819"}],"wp:attachment":[{"href":"https:\/\/albaniaheritage.com\/en\/wp-json\/wp\/v2\/media?parent=1872"}],"curies":[{"name":"wp","href":"https:\/\/api.w.org\/{rel}","templated":true}]}}