{"id":1448,"date":"2025-07-11T15:13:04","date_gmt":"2025-07-11T15:13:04","guid":{"rendered":"https:\/\/springgreen-sardine-861889.hostingersite.com\/home\/"},"modified":"2025-12-18T08:19:27","modified_gmt":"2025-12-18T08:19:27","slug":"albania-heritage","status":"publish","type":"page","link":"https:\/\/albaniaheritage.com\/en\/","title":{"rendered":"Home"},"content":{"rendered":"\t\t<div data-elementor-type=\"wp-page\" data-elementor-id=\"1448\" class=\"elementor elementor-1448\">\n\t\t\t\t<div class=\"elementor-element elementor-element-63ad200 e-con-full e-flex e-con e-parent\" data-id=\"63ad200\" data-element_type=\"container\" data-e-type=\"container\">\n\t\t\t\t<div class=\"elementor-element elementor-element-309b7e0 elementor-widget elementor-widget-html\" data-id=\"309b7e0\" data-element_type=\"widget\" data-e-type=\"widget\" data-widget_type=\"html.default\">\n\t\t\t\t<div class=\"elementor-widget-container\">\n\t\t\t\t\t<div class=\"custom-carousel\">\r\n <div class=\"carousel-track\"> \r\n<div class=\"carousel-item\"> \r\n<img decoding=\"async\" src=\"https:\/\/albaniaheritage.com\/wp-content\/uploads\/2025\/12\/1-Eduart-Gjino-in-the-Bylis-theater.-Fier.-Myzeqare-traditional-dress-scaled.jpg\" alt=\"Albania Heritage\">\r\n <div class=\"carousel-caption\"> \r\n<h2> <\/h2> \r\n<p><\/p>\r\n <\/div> \r\n<\/div> \r\n<div class=\"carousel-item\">\r\n <img decoding=\"async\" style=\"object-position: center top;\" src=\"https:\/\/albaniaheritage.com\/wp-content\/uploads\/2025\/12\/2-scaled.jpg\" alt=\"Slide 2\"> \r\n<div class=\"carousel-caption\">\r\n <h2> <\/h2> \r\n<p> <\/p> <\/div>\r\n <\/div> \r\n<div class=\"carousel-item\"> \r\n<img decoding=\"async\" style=\"object-position: center 20%;\" src=\"https:\/\/albaniaheritage.com\/wp-content\/uploads\/2025\/12\/3-scaled.jpg\" alt=\"Slide 3\"> \r\n<div class=\"carousel-caption\"> \r\n<h2> <\/h2> \r\n<p> <\/p> \r\n<\/div>\r\n <\/div> \r\n\r\n<div class=\"carousel-item\"> \r\n<img decoding=\"async\" style=\"object-position: center 20%;\" src=\"https:\/\/albaniaheritage.com\/wp-content\/uploads\/2025\/12\/4-scaled.jpg\" alt=\"Albania Heritage\">\r\n <div class=\"carousel-caption\"> \r\n<h2> <\/h2> \r\n<p><\/p>\r\n <\/div> \r\n<\/div> \r\n\r\n<div class=\"carousel-item\"> \r\n<img decoding=\"async\" src=\"https:\/\/albaniaheritage.com\/wp-content\/uploads\/2025\/12\/5-scaled.jpg\" alt=\"Albania Heritage\">\r\n <div class=\"carousel-caption\"> \r\n<h2> <\/h2> \r\n<p><\/p>\r\n <\/div> \r\n<\/div> \r\n\r\n<div class=\"carousel-item\"> \r\n<img decoding=\"async\" src=\"https:\/\/albaniaheritage.com\/wp-content\/uploads\/2025\/12\/6-scaled.jpg\" alt=\"Albania Heritage\">\r\n <div class=\"carousel-caption\"> \r\n<h2> <\/h2> \r\n<p><\/p>\r\n <\/div> \r\n<\/div> \r\n\r\n<div class=\"carousel-item\"> \r\n<img decoding=\"async\" style=\"object-position: 40%;\" src=\"https:\/\/albaniaheritage.com\/wp-content\/uploads\/2025\/12\/7-1-scaled.jpg\" alt=\"Albania Heritage\">\r\n <div class=\"carousel-caption\"> \r\n<h2> <\/h2> \r\n<p><\/p>\r\n <\/div> \r\n<\/div> \r\n\r\n\r\n<\/div> \r\n\r\n\r\n<button class=\"carousel-btn prev\">\u2039<\/button> \r\n<button class=\"carousel-btn next\">\u203a<\/button> <\/div>\t\t\t\t<\/div>\n\t\t\t\t<\/div>\n\t\t\t\t<div class=\"elementor-element elementor-element-fa2b131 elementor-widget elementor-widget-html\" data-id=\"fa2b131\" data-element_type=\"widget\" data-e-type=\"widget\" data-widget_type=\"html.default\">\n\t\t\t\t<div class=\"elementor-widget-container\">\n\t\t\t\t\t<script>\r\n  document.addEventListener(\"DOMContentLoaded\", function () {\r\n    const track = document.querySelector(\".carousel-track\");\r\n    const items = document.querySelectorAll(\".carousel-item\");\r\n    const nextBtn = document.querySelector(\".carousel-btn.next\");\r\n    const prevBtn = document.querySelector(\".carousel-btn.prev\");\r\n    let currentIndex = 0;\r\n    let autoPlayInterval = null;\r\n    const delay = 6000; \/\/ Slower autoplay (6 seconds)\r\n\r\n    function updateCarousel() {\r\n      const width = items[0].offsetWidth;\r\n      track.style.transform = `translateX(-${currentIndex * width}px)`;\r\n    }\r\n\r\n    function goToNext() {\r\n      currentIndex = (currentIndex + 1) % items.length;\r\n      updateCarousel();\r\n    }\r\n\r\n    function goToPrev() {\r\n      currentIndex = (currentIndex - 1 + items.length) % items.length;\r\n      updateCarousel();\r\n    }\r\n\r\n    nextBtn.addEventListener(\"click\", () => {\r\n      goToNext();\r\n      resetAutoplay();\r\n    });\r\n\r\n    prevBtn.addEventListener(\"click\", () => {\r\n      goToPrev();\r\n      resetAutoplay();\r\n    });\r\n\r\n    function startAutoplay() {\r\n      autoPlayInterval = setInterval(goToNext, delay);\r\n    }\r\n\r\n    function resetAutoplay() {\r\n      clearInterval(autoPlayInterval);\r\n      startAutoplay();\r\n    }\r\n\r\n    window.addEventListener(\"resize\", updateCarousel);\r\n\r\n    updateCarousel();\r\n    startAutoplay();\r\n  });\r\n<\/script>\r\n\t\t\t\t<\/div>\n\t\t\t\t<\/div>\n\t\t\t\t<\/div>\n\t\t<div class=\"elementor-element elementor-element-05dfbca e-flex e-con-boxed e-con e-parent\" data-id=\"05dfbca\" data-element_type=\"container\" data-e-type=\"container\">\n\t\t\t\t\t<div class=\"e-con-inner\">\n\t\t\t\t<div class=\"elementor-element elementor-element-4745e22 elementor-widget elementor-widget-heading\" data-id=\"4745e22\" data-element_type=\"widget\" data-e-type=\"widget\" data-widget_type=\"heading.default\">\n\t\t\t\t<div class=\"elementor-widget-container\">\n\t\t\t\t\t<h3 class=\"elementor-heading-title elementor-size-default\">E lasht\u00eb sa gur\u00ebt e saj, q\u00eb nga antikiteti e deri me sot, Shqip\u00ebria ka ruajtur gjuh\u00ebn, zakonet dhe shpirtin e lir\u00eb \u2013 nj\u00eb trash\u00ebgimi q\u00eb duhet t\u2019ua p\u00ebrcjellim brezave q\u00eb vijn\u00eb.<\/h3>\t\t\t\t<\/div>\n\t\t\t\t<\/div>\n\t\t\t\t\t<\/div>\n\t\t\t\t<\/div>\n\t\t\t\t<\/div>\n\t\t","protected":false},"excerpt":{"rendered":"<p>\u2039 \u203a E lasht\u00eb sa gur\u00ebt e saj, q\u00eb nga antikiteti e deri me sot, Shqip\u00ebria ka ruajtur gjuh\u00ebn, zakonet dhe shpirtin e lir\u00eb \u2013 nj\u00eb trash\u00ebgimi q\u00eb duhet t\u2019ua p\u00ebrcjellim brezave q\u00eb vijn\u00eb.<\/p>","protected":false},"author":1,"featured_media":0,"parent":0,"menu_order":0,"comment_status":"closed","ping_status":"closed","template":"elementor_header_footer","meta":{"_acf_changed":false,"site-sidebar-layout":"no-sidebar","site-content-layout":"page-builder","ast-site-content-layout":"full-width-container","site-content-style":"unboxed","site-sidebar-style":"unboxed","ast-global-header-display":"","ast-banner-title-visibility":"","ast-main-header-display":"","ast-hfb-above-header-display":"","ast-hfb-below-header-display":"","ast-hfb-mobile-header-display":"","site-post-title":"disabled","ast-breadcrumbs-content":"","ast-featured-img":"disabled","footer-sml-layout":"","theme-transparent-header-meta":"enabled","adv-header-id-meta":"","stick-header-meta":"","header-above-stick-meta":"","header-main-stick-meta":"","header-below-stick-meta":"","astra-migrate-meta-layouts":"set","ast-page-background-enabled":"default","ast-page-background-meta":{"desktop":{"background-color":"var(--ast-global-color-4)","background-image":"","background-repeat":"repeat","background-position":"center center","background-size":"auto","background-attachment":"scroll","background-type":"","background-media":"","overlay-type":"","overlay-color":"","overlay-opacity":"","overlay-gradient":""},"tablet":{"background-color":"","background-image":"","background-repeat":"repeat","background-position":"center center","background-size":"auto","background-attachment":"scroll","background-type":"","background-media":"","overlay-type":"","overlay-color":"","overlay-opacity":"","overlay-gradient":""},"mobile":{"background-color":"","background-image":"","background-repeat":"repeat","background-position":"center center","background-size":"auto","background-attachment":"scroll","background-type":"","background-media":"","overlay-type":"","overlay-color":"","overlay-opacity":"","overlay-gradient":""}},"ast-content-background-meta":{"desktop":{"background-color":"var(--ast-global-color-5)","background-image":"","background-repeat":"repeat","background-position":"center center","background-size":"auto","background-attachment":"scroll","background-type":"","background-media":"","overlay-type":"","overlay-color":"","overlay-opacity":"","overlay-gradient":""},"tablet":{"background-color":"var(--ast-global-color-5)","background-image":"","background-repeat":"repeat","background-position":"center center","background-size":"auto","background-attachment":"scroll","background-type":"","background-media":"","overlay-type":"","overlay-color":"","overlay-opacity":"","overlay-gradient":""},"mobile":{"background-color":"var(--ast-global-color-5)","background-image":"","background-repeat":"repeat","background-position":"center center","background-size":"auto","background-attachment":"scroll","background-type":"","background-media":"","overlay-type":"","overlay-color":"","overlay-opacity":"","overlay-gradient":""}},"footnotes":""},"class_list":["post-1448","page","type-page","status-publish","hentry"],"acf":[],"yoast_head":"<!-- This site is optimized with the Yoast SEO plugin v27.3 - https:\/\/yoast.com\/product\/yoast-seo-wordpress\/ -->\n<title>Albania Heritage \u2013 Discover Albania\u2019s Rich Culture- Albania Heritage<\/title>\n<meta name=\"description\" content=\"Discover Albania heritage through ancient castles, traditions, and cultural landmarks. Explore the rich history.\" \/>\n<meta name=\"robots\" content=\"index, follow, max-snippet:-1, max-image-preview:large, max-video-preview:-1\" \/>\n<link rel=\"canonical\" href=\"https:\/\/albaniaheritage.com\/en\/\" \/>\n<meta property=\"og:locale\" content=\"en_US\" \/>\n<meta property=\"og:type\" content=\"article\" \/>\n<meta property=\"og:title\" content=\"Albania Heritage \u2013 Discover Albania\u2019s Rich Culture- Albania Heritage\" \/>\n<meta property=\"og:description\" content=\"Discover Albania heritage through ancient castles, traditions, and cultural landmarks. Explore the rich history.\" \/>\n<meta property=\"og:url\" content=\"https:\/\/albaniaheritage.com\/en\/\" \/>\n<meta property=\"og:site_name\" content=\"Albania Heritage\" \/>\n<meta property=\"article:publisher\" content=\"https:\/\/www.facebook.com\/dmoalbania\/\" \/>\n<meta property=\"article:modified_time\" content=\"2025-12-18T08:19:27+00:00\" \/>\n<meta property=\"og:image\" content=\"https:\/\/albaniaheritage.com\/wp-content\/uploads\/2025\/12\/1-Eduart-Gjino-in-the-Bylis-theater.-Fier.-Myzeqare-traditional-dress-scaled.jpg\" \/>\n<meta name=\"twitter:card\" content=\"summary_large_image\" \/>\n<meta name=\"twitter:site\" content=\"@dmoalbania\" \/>\n<meta name=\"twitter:label1\" content=\"Est. reading time\" \/>\n\t<meta name=\"twitter:data1\" content=\"2 minutes\" \/>\n<script type=\"application\/ld+json\" class=\"yoast-schema-graph\">{\"@context\":\"https:\\\/\\\/schema.org\",\"@graph\":[{\"@type\":\"WebPage\",\"@id\":\"https:\\\/\\\/albaniaheritage.com\\\/\",\"url\":\"https:\\\/\\\/albaniaheritage.com\\\/\",\"name\":\"Albania Heritage \u2013 Discover Albania\u2019s Rich Culture- Albania Heritage\",\"isPartOf\":{\"@id\":\"https:\\\/\\\/albaniaheritage.com\\\/#website\"},\"primaryImageOfPage\":{\"@id\":\"https:\\\/\\\/albaniaheritage.com\\\/#primaryimage\"},\"image\":{\"@id\":\"https:\\\/\\\/albaniaheritage.com\\\/#primaryimage\"},\"thumbnailUrl\":\"https:\\\/\\\/albaniaheritage.com\\\/wp-content\\\/uploads\\\/2025\\\/12\\\/1-Eduart-Gjino-in-the-Bylis-theater.-Fier.-Myzeqare-traditional-dress-scaled.jpg\",\"datePublished\":\"2025-07-11T15:13:04+00:00\",\"dateModified\":\"2025-12-18T08:19:27+00:00\",\"description\":\"Discover Albania heritage through ancient castles, traditions, and cultural landmarks. Explore the rich history.\",\"breadcrumb\":{\"@id\":\"https:\\\/\\\/albaniaheritage.com\\\/#breadcrumb\"},\"inLanguage\":\"en-US\",\"potentialAction\":[{\"@type\":\"ReadAction\",\"target\":[\"https:\\\/\\\/albaniaheritage.com\\\/\"]}]},{\"@type\":\"ImageObject\",\"inLanguage\":\"en-US\",\"@id\":\"https:\\\/\\\/albaniaheritage.com\\\/#primaryimage\",\"url\":\"https:\\\/\\\/albaniaheritage.com\\\/wp-content\\\/uploads\\\/2025\\\/12\\\/1-Eduart-Gjino-in-the-Bylis-theater.-Fier.-Myzeqare-traditional-dress-scaled.jpg\",\"contentUrl\":\"https:\\\/\\\/albaniaheritage.com\\\/wp-content\\\/uploads\\\/2025\\\/12\\\/1-Eduart-Gjino-in-the-Bylis-theater.-Fier.-Myzeqare-traditional-dress-scaled.jpg\"},{\"@type\":\"BreadcrumbList\",\"@id\":\"https:\\\/\\\/albaniaheritage.com\\\/#breadcrumb\",\"itemListElement\":[{\"@type\":\"ListItem\",\"position\":1,\"name\":\"Home\",\"item\":\"https:\\\/\\\/albaniaheritage.com\\\/\"},{\"@type\":\"ListItem\",\"position\":2,\"name\":\"Home\"}]},{\"@type\":\"WebSite\",\"@id\":\"https:\\\/\\\/albaniaheritage.com\\\/#website\",\"url\":\"https:\\\/\\\/albaniaheritage.com\\\/\",\"name\":\"Albania Heritage\",\"description\":\"\",\"publisher\":{\"@id\":\"https:\\\/\\\/albaniaheritage.com\\\/#organization\"},\"potentialAction\":[{\"@type\":\"SearchAction\",\"target\":{\"@type\":\"EntryPoint\",\"urlTemplate\":\"https:\\\/\\\/albaniaheritage.com\\\/?s={search_term_string}\"},\"query-input\":{\"@type\":\"PropertyValueSpecification\",\"valueRequired\":true,\"valueName\":\"search_term_string\"}}],\"inLanguage\":\"en-US\"},{\"@type\":\"Organization\",\"@id\":\"https:\\\/\\\/albaniaheritage.com\\\/#organization\",\"name\":\"Albania Heritage\",\"url\":\"https:\\\/\\\/albaniaheritage.com\\\/\",\"logo\":{\"@type\":\"ImageObject\",\"inLanguage\":\"en-US\",\"@id\":\"https:\\\/\\\/albaniaheritage.com\\\/#\\\/schema\\\/logo\\\/image\\\/\",\"url\":\"https:\\\/\\\/albaniaheritage.com\\\/wp-content\\\/uploads\\\/2025\\\/07\\\/logo-1-scaled.png\",\"contentUrl\":\"https:\\\/\\\/albaniaheritage.com\\\/wp-content\\\/uploads\\\/2025\\\/07\\\/logo-1-scaled.png\",\"width\":2560,\"height\":767,\"caption\":\"Albania Heritage\"},\"image\":{\"@id\":\"https:\\\/\\\/albaniaheritage.com\\\/#\\\/schema\\\/logo\\\/image\\\/\"},\"sameAs\":[\"https:\\\/\\\/www.facebook.com\\\/dmoalbania\\\/\",\"https:\\\/\\\/x.com\\\/dmoalbania\",\"https:\\\/\\\/www.youtube.com\\\/@DMO-ALBANIA\",\"https:\\\/\\\/www.linkedin.com\\\/company\\\/dmoalbania\\\/\",\"https:\\\/\\\/www.instagram.com\\\/dmoalbania\\\/\"]}]}<\/script>\n<!-- \/ Yoast SEO plugin. -->","yoast_head_json":{"title":"Albania Heritage \u2013 Discover Albania\u2019s Rich Culture- Albania Heritage","description":"Discover Albania heritage through ancient castles, traditions, and cultural landmarks. Explore the rich history.","robots":{"index":"index","follow":"follow","max-snippet":"max-snippet:-1","max-image-preview":"max-image-preview:large","max-video-preview":"max-video-preview:-1"},"canonical":"https:\/\/albaniaheritage.com\/en\/","og_locale":"en_US","og_type":"article","og_title":"Albania Heritage \u2013 Discover Albania\u2019s Rich Culture- Albania Heritage","og_description":"Discover Albania heritage through ancient castles, traditions, and cultural landmarks. Explore the rich history.","og_url":"https:\/\/albaniaheritage.com\/en\/","og_site_name":"Albania Heritage","article_publisher":"https:\/\/www.facebook.com\/dmoalbania\/","article_modified_time":"2025-12-18T08:19:27+00:00","og_image":[{"url":"https:\/\/albaniaheritage.com\/wp-content\/uploads\/2025\/12\/1-Eduart-Gjino-in-the-Bylis-theater.-Fier.-Myzeqare-traditional-dress-scaled.jpg","type":"","width":"","height":""}],"twitter_card":"summary_large_image","twitter_site":"@dmoalbania","twitter_misc":{"Est. reading time":"2 minutes"},"schema":{"@context":"https:\/\/schema.org","@graph":[{"@type":"WebPage","@id":"https:\/\/albaniaheritage.com\/","url":"https:\/\/albaniaheritage.com\/","name":"Albania Heritage \u2013 Discover Albania\u2019s Rich Culture- Albania Heritage","isPartOf":{"@id":"https:\/\/albaniaheritage.com\/#website"},"primaryImageOfPage":{"@id":"https:\/\/albaniaheritage.com\/#primaryimage"},"image":{"@id":"https:\/\/albaniaheritage.com\/#primaryimage"},"thumbnailUrl":"https:\/\/albaniaheritage.com\/wp-content\/uploads\/2025\/12\/1-Eduart-Gjino-in-the-Bylis-theater.-Fier.-Myzeqare-traditional-dress-scaled.jpg","datePublished":"2025-07-11T15:13:04+00:00","dateModified":"2025-12-18T08:19:27+00:00","description":"Discover Albania heritage through ancient castles, traditions, and cultural landmarks. Explore the rich history.","breadcrumb":{"@id":"https:\/\/albaniaheritage.com\/#breadcrumb"},"inLanguage":"en-US","potentialAction":[{"@type":"ReadAction","target":["https:\/\/albaniaheritage.com\/"]}]},{"@type":"ImageObject","inLanguage":"en-US","@id":"https:\/\/albaniaheritage.com\/#primaryimage","url":"https:\/\/albaniaheritage.com\/wp-content\/uploads\/2025\/12\/1-Eduart-Gjino-in-the-Bylis-theater.-Fier.-Myzeqare-traditional-dress-scaled.jpg","contentUrl":"https:\/\/albaniaheritage.com\/wp-content\/uploads\/2025\/12\/1-Eduart-Gjino-in-the-Bylis-theater.-Fier.-Myzeqare-traditional-dress-scaled.jpg"},{"@type":"BreadcrumbList","@id":"https:\/\/albaniaheritage.com\/#breadcrumb","itemListElement":[{"@type":"ListItem","position":1,"name":"Home","item":"https:\/\/albaniaheritage.com\/"},{"@type":"ListItem","position":2,"name":"Home"}]},{"@type":"WebSite","@id":"https:\/\/albaniaheritage.com\/#website","url":"https:\/\/albaniaheritage.com\/","name":"Albania Heritage","description":"","publisher":{"@id":"https:\/\/albaniaheritage.com\/#organization"},"potentialAction":[{"@type":"SearchAction","target":{"@type":"EntryPoint","urlTemplate":"https:\/\/albaniaheritage.com\/?s={search_term_string}"},"query-input":{"@type":"PropertyValueSpecification","valueRequired":true,"valueName":"search_term_string"}}],"inLanguage":"en-US"},{"@type":"Organization","@id":"https:\/\/albaniaheritage.com\/#organization","name":"Albania Heritage","url":"https:\/\/albaniaheritage.com\/","logo":{"@type":"ImageObject","inLanguage":"en-US","@id":"https:\/\/albaniaheritage.com\/#\/schema\/logo\/image\/","url":"https:\/\/albaniaheritage.com\/wp-content\/uploads\/2025\/07\/logo-1-scaled.png","contentUrl":"https:\/\/albaniaheritage.com\/wp-content\/uploads\/2025\/07\/logo-1-scaled.png","width":2560,"height":767,"caption":"Albania Heritage"},"image":{"@id":"https:\/\/albaniaheritage.com\/#\/schema\/logo\/image\/"},"sameAs":["https:\/\/www.facebook.com\/dmoalbania\/","https:\/\/x.com\/dmoalbania","https:\/\/www.youtube.com\/@DMO-ALBANIA","https:\/\/www.linkedin.com\/company\/dmoalbania\/","https:\/\/www.instagram.com\/dmoalbania\/"]}]}},"_links":{"self":[{"href":"https:\/\/albaniaheritage.com\/en\/wp-json\/wp\/v2\/pages\/1448","targetHints":{"allow":["GET"]}}],"collection":[{"href":"https:\/\/albaniaheritage.com\/en\/wp-json\/wp\/v2\/pages"}],"about":[{"href":"https:\/\/albaniaheritage.com\/en\/wp-json\/wp\/v2\/types\/page"}],"author":[{"embeddable":true,"href":"https:\/\/albaniaheritage.com\/en\/wp-json\/wp\/v2\/users\/1"}],"replies":[{"embeddable":true,"href":"https:\/\/albaniaheritage.com\/en\/wp-json\/wp\/v2\/comments?post=1448"}],"version-history":[{"count":250,"href":"https:\/\/albaniaheritage.com\/en\/wp-json\/wp\/v2\/pages\/1448\/revisions"}],"predecessor-version":[{"id":4697,"href":"https:\/\/albaniaheritage.com\/en\/wp-json\/wp\/v2\/pages\/1448\/revisions\/4697"}],"wp:attachment":[{"href":"https:\/\/albaniaheritage.com\/en\/wp-json\/wp\/v2\/media?parent=1448"}],"curies":[{"name":"wp","href":"https:\/\/api.w.org\/{rel}","templated":true}]}}